{"id":3302,"date":"2022-03-02T08:34:23","date_gmt":"2022-03-02T08:34:23","guid":{"rendered":"https:\/\/photovoltaic-structures.com\/?page_id=3302"},"modified":"2026-04-07T04:26:41","modified_gmt":"2026-04-07T04:26:41","slug":"impressum","status":"publish","type":"page","link":"https:\/\/photovoltaic-structures.com\/de\/impressum\/","title":{"rendered":"IMPRESSUM"},"content":{"rendered":"<div class=\"brz-root__container brz-reset-all brz brz-root__container-page\">\n<section id=\"_ynmgokjuqqryviynwmxvarspxjyefpbdbqqa\" class=\"brz-section brz-css-plbjm2\">\n<div class=\"brz-section__content brz-section--fullWidth brz-css-kzyzra brz-css-1kkwf6e\" data-brz-custom-id=\"sxuzwkuqtyvwfawagdjphdqzthphgiosuaaf\">\n<div class=\"brz-container brz-css-1bviza1 brz-css-jgfre5\">\n<div id=\"\" class=\"brz-css-9ip07i brz-wrapper\">\n<div class=\"brz-rich-text brz-rich-text__custom brz-css-e81it1\" data-brz-custom-id=\"unlafsiafzqxgtuvtgrvczrdwockaorbexrk\">\n<div data-brz-translate-text=\"1\">\n<p class=\"brz-tp-lg-heading6 brz-css-tZUh2\" data-generated-css=\"brz-css-vcckk\" data-uniq-id=\"ciqan\">RUFY ROOF ENGINEERING SRL<\/p>\n<p class=\"brz-tp-lg-paragraph brz-css-hu8BA\" data-generated-css=\"brz-css-igsxe\" data-uniq-id=\"goovw\">Floreasca Cube \u2013 Gesch\u00e4ftszentrum<\/p>\n<p class=\"brz-tp-lg-paragraph brz-css-ws5kW\" data-generated-css=\"brz-css-riqpj\" data-uniq-id=\"swknm\">Calea Floreasca Nr. 169, Corp X, Etage 1, B\u00fcro 14B, Sektor 1<\/p>\n<p class=\"brz-tp-lg-paragraph brz-css-iPHUe\" data-generated-css=\"brz-css-wprrs\" data-uniq-id=\"kivlk\">RO-014459 Bukarest, Rum\u00e4nien<\/p>\n<p class=\"brz-tp-lg-paragraph brz-css-nhJrI\" data-generated-css=\"brz-css-vjmzk\" data-uniq-id=\"uatrp\">Vies MwSt.-Code: RO 27631607<\/p>\n<p class=\"brz-tp-lg-paragraph brz-css-m2x9E\" data-generated-css=\"brz-css-sxplf\" data-uniq-id=\"qkxcy\">Handelsregister: J40\/10567\/2014<\/p>\n<p class=\"brz-tp-lg-paragraph brz-css-cu2vA\" data-generated-css=\"brz-css-ilsmq\" data-uniq-id=\"dsbow\">Gesch\u00e4ftsf\u00fchrer: Marius Dragan<\/p>\n<p class=\"brz-tp-lg-paragraph brz-css-nIgF0\" data-generated-css=\"brz-css-jmyms\" data-uniq-id=\"cdnil\">E-mail: office@photovoltaic-structures.com<\/p>\n<p class=\"brz-tp-lg-paragraph brz-css-tnSaE\" data-uniq-id=\"qxycq\" data-generated-css=\"brz-css-rgawt\"><\/p>\n<\/div>\n<\/div>\n<\/div>\n<\/div>\n<\/div>\n<\/section>\n<\/div>\n<p>    <!-- version:1736980037 --><\/p>\n","protected":false},"excerpt":{"rendered":"<p>RUFY ROOF ENGINEERING SRL Floreasca Cube \u2013 Gesch\u00e4ftszentrum Calea Floreasca Nr. 169, Corp X, Etage 1, B\u00fcro 14B, Sektor 1 RO-014459 Bukarest, Rum\u00e4nien Vies MwSt.-Code: RO 27631607 Handelsregister: J40\/10567\/2014 Gesch\u00e4ftsf\u00fchrer: Marius Dragan E-mail: office@photovoltaic-structures.com<\/p>\n","protected":false},"author":1,"featured_media":0,"parent":0,"menu_order":0,"comment_status":"closed","ping_status":"closed","template":"","meta":{"footnotes":""},"class_list":["post-3302","page","type-page","status-publish","hentry"],"blocksy_meta":{"styles_descriptor":{"styles":{"desktop":"","tablet":"","mobile":""},"google_fonts":[],"version":6}},"brizy_media":[],"_links":{"self":[{"href":"https:\/\/photovoltaic-structures.com\/de\/wp-json\/wp\/v2\/pages\/3302","targetHints":{"allow":["GET"]}}],"collection":[{"href":"https:\/\/photovoltaic-structures.com\/de\/wp-json\/wp\/v2\/pages"}],"about":[{"href":"https:\/\/photovoltaic-structures.com\/de\/wp-json\/wp\/v2\/types\/page"}],"author":[{"embeddable":true,"href":"https:\/\/photovoltaic-structures.com\/de\/wp-json\/wp\/v2\/users\/1"}],"replies":[{"embeddable":true,"href":"https:\/\/photovoltaic-structures.com\/de\/wp-json\/wp\/v2\/comments?post=3302"}],"version-history":[{"count":0,"href":"https:\/\/photovoltaic-structures.com\/de\/wp-json\/wp\/v2\/pages\/3302\/revisions"}],"wp:attachment":[{"href":"https:\/\/photovoltaic-structures.com\/de\/wp-json\/wp\/v2\/media?parent=3302"}],"curies":[{"name":"wp","href":"https:\/\/api.w.org\/{rel}","templated":true}]}}