{"id":3306,"date":"2022-03-02T08:35:53","date_gmt":"2022-03-02T08:35:53","guid":{"rendered":"https:\/\/photovoltaic-structures.com\/?page_id=3306"},"modified":"2026-04-07T04:20:44","modified_gmt":"2026-04-07T04:20:44","slug":"mega-photovoltaik-strukturen","status":"publish","type":"page","link":"https:\/\/photovoltaic-structures.com\/de\/mega-photovoltaik-strukturen\/","title":{"rendered":"MEGA PHOTOVOLTAIK-STRUKTUREN"},"content":{"rendered":"<div class=\"brz-root__container brz-reset-all brz brz-root__container-page\">\n<section id=\"_hyqgtkitrnwpzkggprsrrvcmjkaesokirtfn\" class=\"brz-section brz-css-qtz8u3\">\n<div class=\"brz-section__content brz-section--fullWidth brz-css-1ri2yed brz-css-qsuclc\" data-brz-custom-id=\"pakuzlbwvtfrmcbuvdnpvqiexmdhiuecoulq\">\n<div class=\"brz-container brz-css-82pjsw brz-css-ra2v64\">\n<div id=\"\" class=\"brz-css-zzxl16 brz-wrapper\">\n<div class=\"brz-rich-text brz-rich-text__custom brz-css-1a40qyt\" data-brz-custom-id=\"nlsnktzhvqrwiyqslawrqqrkrdphzaxcmpaf\">\n<div data-brz-translate-text=\"1\">\n<h3 class=\"brz-text-lg-center brz-tp-lg-heading3 brz-css-a7QD8\" data-uniq-id=\"sauyh\" data-generated-css=\"brz-css-nudsz\">Professionelle Photovoltaikstrukturen f\u00fcr Mega-Photovoltaik-Parks<\/h3>\n<\/div>\n<\/div>\n<\/div>\n<div id=\"\" class=\"brz-css-zzxl16 brz-wrapper\">\n<div class=\"brz-rich-text brz-rich-text__custom brz-css-1a40qyt\" data-brz-custom-id=\"cpfsqrobajzhmiviynejypttvzaeohxwaxnp\">\n<div data-brz-translate-text=\"1\">\n<p class=\"brz-text-lg-center brz-tp-lg-heading6 brz-css-iyyaE\" data-uniq-id=\"fbmtm\" data-generated-css=\"brz-css-tgjhb\">Entworfenes System gem\u00e4ss den erforderlichen Bestimmungen<\/p>\n<h3 class=\"brz-text-lg-center brz-tp-lg-heading6 brz-css-iGVnF\" data-generated-css=\"brz-css-ivldi\" data-uniq-id=\"flsik\">Wir stellen nachstehend dar die Mega-Unterst\u00fctzungsstrukturen f\u00fcr profesionelle Muster-Photovoltaikmodule<\/h3>\n<\/div>\n<\/div>\n<\/div>\n<div id=\"\" class=\"brz-css-zzxl16 brz-css-1ojr5ic brz-wrapper\">\n<div class=\"brz-spacer brz-css-1wb8pa2\"><\/div>\n<\/div>\n<div class=\"brz-row__container brz-css-tudx2k\" data-brz-custom-id=\"wxfoivnrcgsrmnxhiohwlbyzakwqjbktitvi\">\n<div class=\"brz-bg\"><\/div>\n<div class=\"brz-row brz-css-nqzb75 brz-css-b08cp4\">\n<div class=\"brz-columns brz-css-1ayp79b brz-css-4ndsbi\" data-brz-custom-id=\"fpfmiwmtkfyupaxlamfnsgwbqxkfpaslvuzw\">\n<div class=\"brz-bg\"><\/div>\n<div class=\"brz-column__items brz-css-21znt5 brz-css-fp4mlr\">\n<div id=\"\" class=\"brz-css-zzxl16 brz-css-1stf20s brz-wrapper\">\n<div class=\"brz-rich-text brz-rich-text__custom brz-css-1a40qyt\" data-brz-custom-id=\"gaumfzpssmxqaqmaqxfewenjpvpuavywynwz\">\n<div data-brz-translate-text=\"1\">\n<h3 class=\"brz-tp-lg-heading4 brz-fss-sm-px brz-fw-sm-700 brz-ls-sm-0 brz-lh-sm-1_4 brz-tp-sm-empty brz-fs-sm-25 brz-css-vtg4e\" data-uniq-id=\"wuojg\" data-generated-css=\"brz-css-outbl\">Vorteile von mega-anpassbaren profesionellen strukturen<\/h3>\n<\/div>\n<\/div>\n<\/div>\n<\/div>\n<\/div>\n<div class=\"brz-columns brz-css-1ayp79b brz-css-19et5bb\" data-brz-custom-id=\"hjtvtoxycpspgvivtfhdynsrysfhdmuhmgul\">\n<div class=\"brz-bg\"><\/div>\n<div class=\"brz-column__items brz-css-21znt5 brz-css-9bpdvw\">\n<div class=\"brz-row__container brz-css-tudx2k\" data-brz-custom-id=\"qvmgzygxbbixtqrntevqchbisggfxzwsnlpw\">\n<div class=\"brz-bg\"><\/div>\n<div class=\"brz-row brz-row--inner brz-css-nqzb75 brz-css-b08cp4\">\n<div class=\"brz-columns brz-css-1ayp79b brz-css-1dgoqcs\" data-brz-custom-id=\"skmhafmlpdhvummcqfpmobultcanzvdlwwwd\">\n<div class=\"brz-bg\"><\/div>\n<div class=\"brz-column__items brz-css-21znt5\">\n<div class=\"brz-wrapper-clone brz-css-1ocer9r brz-css-spmwo3\">\n<div class=\"brz-d-xs-flex brz-flex-xs-wrap brz-css-1yzyydx brz-css-waczy4\" data-brz-custom-id=\"\">\n<div class=\"brz-wrapper-clone__item\" id=\"snuwlkvxqwahytsrygokrcooyntbfsitpajk\">\n<div class=\"brz-icon__container\" data-brz-custom-id=\"snuwlkvxqwahytsrygokrcooyntbfsitpajk\"><span class=\"brz-icon brz-span brz-css-y0mev6 brz-css-1jmvvrk\"><\/span><\/div>\n<\/div>\n<\/div>\n<\/div>\n<div id=\"\" class=\"brz-css-zzxl16 brz-css-v100ll brz-wrapper\">\n<div class=\"brz-rich-text brz-rich-text__custom brz-css-1a40qyt\" data-brz-custom-id=\"wphcdmypzvunfasewbvmhrewlpmftlxkiscv\">\n<div data-brz-translate-text=\"1\">\n<h4 class=\"brz-tp-lg-heading4 brz-fss-sm-px brz-fw-sm-700 brz-ls-sm-0 brz-lh-sm-1_4 brz-tp-sm-empty brz-fs-sm-24 brz-css-r8crG\" data-generated-css=\"brz-css-iscdh\" data-uniq-id=\"ctjuq\">Kurzfristige installation<\/h4>\n<\/div>\n<\/div>\n<\/div>\n<div id=\"\" class=\"brz-css-zzxl16 brz-css-1u0gqos brz-wrapper\">\n<div class=\"brz-rich-text brz-rich-text__custom brz-css-1a40qyt\" data-brz-custom-id=\"hnrwgmyxkgmkuquyjegfviuedxqkrsedyfrg\">\n<div data-brz-translate-text=\"1\">\n<p class=\"brz-tp-lg-paragraph brz-text-lg-justify brz-css-clvlo\" data-generated-css=\"brz-css-mpfqf\" data-uniq-id=\"wykjv\">System der Strukturen die f\u00fcr kurzfristige Installation in jeder Jahreszeit entworfen wurden<\/p>\n<\/div>\n<\/div>\n<\/div>\n<\/div>\n<\/div>\n<\/div>\n<\/div>\n<div class=\"brz-row__container brz-css-tudx2k\" data-brz-custom-id=\"afctsbmpniajlfdaqysxffoqmqikrrzrcuht\">\n<div class=\"brz-bg\"><\/div>\n<div class=\"brz-row brz-row--inner brz-css-nqzb75 brz-css-b08cp4\">\n<div class=\"brz-columns brz-css-1ayp79b brz-css-uxuos1\" data-brz-custom-id=\"fuyrvhomjkgkqdyaypjqyxzildyvebacxqui\">\n<div class=\"brz-bg\"><\/div>\n<div class=\"brz-column__items brz-css-21znt5\">\n<div class=\"brz-wrapper-clone brz-css-1ocer9r brz-css-m9136g\">\n<div class=\"brz-d-xs-flex brz-flex-xs-wrap brz-css-1yzyydx brz-css-1742fbx\" data-brz-custom-id=\"\">\n<div class=\"brz-wrapper-clone__item\" id=\"yzbpgklfgfcxokbmfsmswbkrakgftvxfmcfe\">\n<div class=\"brz-icon__container\" data-brz-custom-id=\"yzbpgklfgfcxokbmfsmswbkrakgftvxfmcfe\"><span class=\"brz-icon brz-span brz-css-y0mev6 brz-css-1jtz271\"><\/span><\/div>\n<\/div>\n<\/div>\n<\/div>\n<div id=\"\" class=\"brz-css-zzxl16 brz-css-a6r10t brz-wrapper\">\n<div class=\"brz-rich-text brz-rich-text__custom brz-css-1a40qyt\" data-brz-custom-id=\"gnopvopqjnxfxpknsigxosztszvxgavgrtgh\">\n<div data-brz-translate-text=\"1\">\n<h4 class=\"brz-fs-sm-24 brz-tp-sm-empty brz-lh-sm-1_4 brz-ls-sm-0 brz-fw-sm-700 brz-fss-sm-px brz-tp-lg-heading4 brz-css-ak6Lf\" data-uniq-id=\"tkjom\" data-generated-css=\"brz-css-wobdy\">Schnelle auftragsbearbeitung<\/h4>\n<\/div>\n<\/div>\n<\/div>\n<div id=\"\" class=\"brz-css-zzxl16 brz-css-n4wgiq brz-wrapper\">\n<div class=\"brz-rich-text brz-rich-text__custom brz-css-1a40qyt\" data-brz-custom-id=\"bhfnwdvrutqtiabkpontqjhmtvescyvvwvgj\">\n<div data-brz-translate-text=\"1\">\n<p class=\"brz-tp-lg-paragraph brz-text-lg-justify brz-css-gwGMv\" data-generated-css=\"brz-css-rhjbf\" data-uniq-id=\"ktwyo\">Schnelle Auftragsbearbeitung mit der M\u00f6glichkeit der Produktion in sehr kurzer Zeit<\/p>\n<\/div>\n<\/div>\n<\/div>\n<\/div>\n<\/div>\n<\/div>\n<\/div>\n<div class=\"brz-row__container brz-css-tudx2k\" data-brz-custom-id=\"xtqbdosetmwkskibsqptogpcwqeejmccmbhy\">\n<div class=\"brz-bg\"><\/div>\n<div class=\"brz-row brz-row--inner brz-css-nqzb75 brz-css-b08cp4\">\n<div class=\"brz-columns brz-css-1ayp79b brz-css-19mlqqe\" data-brz-custom-id=\"fyrcyzeaxoohvawnffdrvccdnkknbsucldmf\">\n<div class=\"brz-bg\"><\/div>\n<div class=\"brz-column__items brz-css-21znt5\">\n<div class=\"brz-wrapper-clone brz-css-1ocer9r brz-css-ekkhfe\">\n<div class=\"brz-d-xs-flex brz-flex-xs-wrap brz-css-1yzyydx brz-css-jdq3a7\" data-brz-custom-id=\"\">\n<div class=\"brz-wrapper-clone__item\" id=\"vjclvpbahfksyrseixnazcwmaovsykdaglxd\">\n<div class=\"brz-icon__container\" data-brz-custom-id=\"vjclvpbahfksyrseixnazcwmaovsykdaglxd\"><span class=\"brz-icon brz-span brz-css-y0mev6 brz-css-1ijc3p\"><\/span><\/div>\n<\/div>\n<\/div>\n<\/div>\n<div id=\"\" class=\"brz-css-zzxl16 brz-css-18xch7j brz-wrapper\">\n<div class=\"brz-rich-text brz-rich-text__custom brz-css-1a40qyt\" data-brz-custom-id=\"hakfpukmuykjwvrclvjlmraquxgozselmqci\">\n<div data-brz-translate-text=\"1\">\n<h4 class=\"brz-tp-lg-heading4 brz-fss-sm-px brz-fw-sm-700 brz-ls-sm-0 brz-lh-sm-1_4 brz-tp-sm-empty brz-fs-sm-24 brz-css-bDeUn\" data-generated-css=\"brz-css-zrmzl\" data-uniq-id=\"iefez\">Verf\u00fcgbarkeit system mit 2 pfosten oder East-West<\/h4>\n<\/div>\n<\/div>\n<\/div>\n<div id=\"\" class=\"brz-css-zzxl16 brz-css-iyozbp brz-wrapper\">\n<div class=\"brz-rich-text brz-rich-text__custom brz-css-1a40qyt\" data-brz-custom-id=\"fmcdjkaiswlomydyzegjeuhvqirnjppzgcdb\">\n<div data-brz-translate-text=\"1\">\n<p class=\"brz-text-lg-justify brz-tp-lg-paragraph brz-css-fo6qd\" data-uniq-id=\"qqdfo\" data-generated-css=\"brz-css-bachr\">Die Strukturmodelle sind entworfen gem\u00e4ss den RO Normen f\u00fcr Schnee-, Wind- und Erdbebenlast. MLPAT genehmigter statischer Bericht und Widerstandsbericht auf Anfrage<\/p>\n<\/div>\n<\/div>\n<\/div>\n<\/div>\n<\/div>\n<\/div>\n<\/div>\n<div id=\"\" class=\"brz-css-zzxl16 brz-css-1ojr5ic brz-css-8s0q0t brz-wrapper\">\n<div class=\"brz-spacer brz-css-1wb8pa2 brz-css-q9hwpx\"><\/div>\n<\/div>\n<div class=\"brz-row__container brz-css-tudx2k\" data-brz-custom-id=\"qloczxqkbjmijjnpaiortqxvmejohqaywxnk\">\n<div class=\"brz-bg\"><\/div>\n<div class=\"brz-row brz-row--inner brz-css-nqzb75 brz-css-b08cp4\">\n<div class=\"brz-columns brz-css-1ayp79b brz-css-g8q0b7\" data-brz-custom-id=\"brjxniqfedqpmddmzigwsvetjjlehaeaazcg\">\n<div class=\"brz-bg\"><\/div>\n<div class=\"brz-column__items brz-css-21znt5\">\n<div class=\"brz-wrapper-clone brz-css-1ocer9r brz-css-beqd6z\">\n<div class=\"brz-d-xs-flex brz-flex-xs-wrap brz-css-1yzyydx brz-css-nh5xlp\" data-brz-custom-id=\"\">\n<div class=\"brz-wrapper-clone__item\" id=\"rghweezctmkouykygsplqfxwquczyihlqcha\">\n<div class=\"brz-icon__container\" data-brz-custom-id=\"rghweezctmkouykygsplqfxwquczyihlqcha\"><span class=\"brz-icon brz-span brz-css-y0mev6 brz-css-14we6rc\"><\/span><\/div>\n<\/div>\n<\/div>\n<\/div>\n<div id=\"\" class=\"brz-css-zzxl16 brz-css-384vcn brz-wrapper\">\n<div class=\"brz-rich-text brz-rich-text__custom brz-css-1a40qyt\" data-brz-custom-id=\"rexzzavcgjhnvrsorbmzalzrkmyvhkquzilt\">\n<div data-brz-translate-text=\"1\">\n<h4 class=\"brz-tp-lg-heading4 brz-fss-sm-px brz-fw-sm-700 brz-ls-sm-0 brz-lh-sm-1_4 brz-tp-sm-empty brz-fs-sm-24 brz-css-vS8LI\" data-generated-css=\"brz-css-wkxbe\" data-uniq-id=\"cmeec\">J\u00e4hrliche wartung<\/h4>\n<\/div>\n<\/div>\n<\/div>\n<div id=\"\" class=\"brz-css-zzxl16 brz-css-y44bob brz-wrapper\">\n<div class=\"brz-rich-text brz-rich-text__custom brz-css-1a40qyt\" data-brz-custom-id=\"hvsotbbhwodjsnhzxocrpidwguopypuzjxnm\">\n<div data-brz-translate-text=\"1\">\n<p class=\"brz-text-lg-justify brz-tp-lg-paragraph brz-css-vHpdQ\" data-uniq-id=\"hsbpd\" data-generated-css=\"brz-css-izewj\">J\u00e4hrliche wartung<\/p>\n<\/div>\n<\/div>\n<\/div>\n<\/div>\n<\/div>\n<\/div>\n<\/div>\n<\/div>\n<\/div>\n<div class=\"brz-columns brz-css-1ayp79b brz-css-1p5sg3k\" data-brz-custom-id=\"ufgvhxvrfipsrqginfdngujwqjacrvzpbgcw\">\n<div class=\"brz-bg\"><\/div>\n<div class=\"brz-column__items brz-css-21znt5 brz-css-19jehba\">\n<div class=\"brz-row__container brz-css-tudx2k\" data-brz-custom-id=\"knuupxaapifwhlvzxrzqgxdrcxeusbsvibre\">\n<div class=\"brz-bg\"><\/div>\n<div class=\"brz-row brz-row--inner brz-css-nqzb75 brz-css-b08cp4\">\n<div class=\"brz-columns brz-css-1ayp79b brz-css-8k1dq5\" data-brz-custom-id=\"xhseskkpuxrsyogzxjpjbvidmdsktxwpkbmm\">\n<div class=\"brz-bg\"><\/div>\n<div class=\"brz-column__items brz-css-21znt5\">\n<div class=\"brz-wrapper-clone brz-css-1ocer9r brz-css-16fvwma\">\n<div class=\"brz-d-xs-flex brz-flex-xs-wrap brz-css-1yzyydx brz-css-apklci\" data-brz-custom-id=\"\">\n<div class=\"brz-wrapper-clone__item\" id=\"waliqgqzhkuwgpnkmguvcyeeulltcflzhqlv\">\n<div class=\"brz-icon__container\" data-brz-custom-id=\"waliqgqzhkuwgpnkmguvcyeeulltcflzhqlv\"><span class=\"brz-icon brz-span brz-css-y0mev6 brz-css-1lxuyqw\"><\/span><\/div>\n<\/div>\n<\/div>\n<\/div>\n<div id=\"\" class=\"brz-css-zzxl16 brz-css-rtl0kf brz-wrapper\">\n<div class=\"brz-rich-text brz-rich-text__custom brz-css-1a40qyt\" data-brz-custom-id=\"nwhwombwvnslvyvicwivgtuvttxbxquuqjqf\">\n<div data-brz-translate-text=\"1\">\n<h4 class=\"brz-fs-sm-24 brz-tp-sm-empty brz-lh-sm-1_4 brz-ls-sm-0 brz-fw-sm-700 brz-fss-sm-px brz-tp-lg-heading4 brz-css-sn7m3\" data-uniq-id=\"pnabq\" data-generated-css=\"brz-css-cnuyj\">Dauerhafter vorrat<\/h4>\n<\/div>\n<\/div>\n<\/div>\n<div id=\"\" class=\"brz-css-zzxl16 brz-css-ael2rl brz-wrapper\">\n<div class=\"brz-rich-text brz-rich-text__custom brz-css-1a40qyt\" data-brz-custom-id=\"gsafrzutmuwwacydxsfrfjruxvwztfjsqutf\">\n<div data-brz-translate-text=\"1\">\n<p class=\"brz-tp-lg-paragraph brz-text-lg-justify brz-css-oppXK\" data-generated-css=\"brz-css-susns\" data-uniq-id=\"cjwdn\">Schrauben mit hoher Best\u00e4ndigkeit, Klasse 8.8 verzinkte und Aluminium Clips in dauerhaften Vorrat<\/p>\n<\/div>\n<\/div>\n<\/div>\n<\/div>\n<\/div>\n<\/div>\n<\/div>\n<div id=\"\" class=\"brz-css-zzxl16 brz-css-1ojr5ic brz-css-4m2pu1 brz-wrapper\">\n<div class=\"brz-spacer brz-css-1wb8pa2 brz-css-1as1i7m\"><\/div>\n<\/div>\n<div class=\"brz-row__container brz-css-tudx2k\" data-brz-custom-id=\"xoujcagvwncsenzvnxafzlnhzpvuigepwrum\">\n<div class=\"brz-bg\"><\/div>\n<div class=\"brz-row brz-row--inner brz-css-nqzb75 brz-css-b08cp4\">\n<div class=\"brz-columns brz-css-1ayp79b brz-css-1894w65\" data-brz-custom-id=\"kcrqyewngjmmmzpltswfeaiioyoifujqenlj\">\n<div class=\"brz-bg\"><\/div>\n<div class=\"brz-column__items brz-css-21znt5\">\n<div class=\"brz-wrapper-clone brz-css-1ocer9r brz-css-wlukak\">\n<div class=\"brz-d-xs-flex brz-flex-xs-wrap brz-css-1yzyydx brz-css-5yxiab\" data-brz-custom-id=\"\">\n<div class=\"brz-wrapper-clone__item\" id=\"zjotlahkulocototecbgxofksocfahuzszfl\">\n<div class=\"brz-icon__container\" data-brz-custom-id=\"zjotlahkulocototecbgxofksocfahuzszfl\"><span class=\"brz-icon brz-span brz-css-y0mev6 brz-css-ivtjyy\"><\/span><\/div>\n<\/div>\n<\/div>\n<\/div>\n<div id=\"\" class=\"brz-css-zzxl16 brz-css-12po86l brz-wrapper\">\n<div class=\"brz-rich-text brz-rich-text__custom brz-css-1a40qyt\" data-brz-custom-id=\"waevputhjleyvdfhkqsvgbzxeycgwdevclda\">\n<div data-brz-translate-text=\"1\">\n<h4 class=\"brz-fs-sm-24 brz-tp-sm-empty brz-lh-sm-1_4 brz-ls-sm-0 brz-fw-sm-700 brz-fss-sm-px brz-tp-lg-heading4 brz-css-jqS0a\" data-uniq-id=\"jjmjx\" data-generated-css=\"brz-css-bzfif\">Garantie<\/h4>\n<\/div>\n<\/div>\n<\/div>\n<div id=\"\" class=\"brz-css-zzxl16 brz-css-3oi4ay brz-wrapper\">\n<div class=\"brz-rich-text brz-rich-text__custom brz-css-1a40qyt\" data-brz-custom-id=\"goxfhyjrotrdslidhgbfowvjwkavhulxvmrz\">\n<div data-brz-translate-text=\"1\">\n<p class=\"brz-tp-lg-paragraph brz-text-lg-justify brz-css-sc2ex\" data-generated-css=\"brz-css-fcdnx\" data-uniq-id=\"slgeg\">Extrem lange Garantie<\/p>\n<\/div>\n<\/div>\n<\/div>\n<\/div>\n<\/div>\n<\/div>\n<\/div>\n<div id=\"\" class=\"brz-css-zzxl16 brz-css-1ojr5ic brz-css-1ov5zaw brz-wrapper\">\n<div class=\"brz-spacer brz-css-1wb8pa2 brz-css-v7a3s5\"><\/div>\n<\/div>\n<div class=\"brz-row__container brz-css-tudx2k\" data-brz-custom-id=\"kxcgviaduotsdpvrejztscpfrlwwfaflwsth\">\n<div class=\"brz-bg\"><\/div>\n<div class=\"brz-row brz-row--inner brz-css-nqzb75 brz-css-b08cp4\">\n<div class=\"brz-columns brz-css-1ayp79b brz-css-2xxzpg\" data-brz-custom-id=\"agleibsmgbvwgvneimozmacwgorascuknujz\">\n<div class=\"brz-bg\"><\/div>\n<div class=\"brz-column__items brz-css-21znt5\">\n<div class=\"brz-wrapper-clone brz-css-1ocer9r brz-css-13mhbm\">\n<div class=\"brz-d-xs-flex brz-flex-xs-wrap brz-css-1yzyydx brz-css-fcy01q\" data-brz-custom-id=\"\">\n<div class=\"brz-wrapper-clone__item\" id=\"yllsmxcvianhhsnypmtxclgvhjqafvxyvjtr\">\n<div class=\"brz-icon__container\" data-brz-custom-id=\"yllsmxcvianhhsnypmtxclgvhjqafvxyvjtr\"><span class=\"brz-icon brz-span brz-css-y0mev6 brz-css-fpppa7\"><\/span><\/div>\n<\/div>\n<\/div>\n<\/div>\n<div id=\"\" class=\"brz-css-zzxl16 brz-css-rashhu brz-wrapper\">\n<div class=\"brz-rich-text brz-rich-text__custom brz-css-1a40qyt\" data-brz-custom-id=\"fuqfpdrmgwtbyxxzjlpkavlzwxxgciecqqtn\">\n<div data-brz-translate-text=\"1\">\n<h4 class=\"brz-fs-sm-24 brz-tp-sm-empty brz-lh-sm-1_4 brz-ls-sm-0 brz-fw-sm-700 brz-fss-sm-px brz-tp-lg-heading4 brz-css-okE9D\" data-generated-css=\"brz-css-uuwbe\" data-uniq-id=\"dtwkl\">Erschwingliche preise<\/h4>\n<\/div>\n<\/div>\n<\/div>\n<div id=\"\" class=\"brz-css-zzxl16 brz-wrapper\">\n<div class=\"brz-rich-text brz-rich-text__custom brz-css-1a40qyt\" data-brz-custom-id=\"uuhhrdeannnivwvdoghmhmihaprmuqwapivx\">\n<div data-brz-translate-text=\"1\">\n<p class=\"brz-tp-lg-paragraph brz-text-lg-justify brz-css-gIJR3\" data-generated-css=\"brz-css-bsboh\" data-uniq-id=\"deokx\">Erschwingliche preise<\/p>\n<\/div>\n<\/div>\n<\/div>\n<\/div>\n<\/div>\n<\/div>\n<\/div>\n<div id=\"\" class=\"brz-css-zzxl16 brz-css-1ojr5ic brz-css-1ieovam brz-wrapper\">\n<div class=\"brz-spacer brz-css-1wb8pa2 brz-css-1tf0pej\"><\/div>\n<\/div>\n<div class=\"brz-row__container brz-css-tudx2k\" data-brz-custom-id=\"kbjyyocgyicuohxkbtgfpxikmvrzqpuuvasw\">\n<div class=\"brz-bg\"><\/div>\n<div class=\"brz-row brz-row--inner brz-css-nqzb75 brz-css-b08cp4\">\n<div class=\"brz-columns brz-css-1ayp79b brz-css-1w1env4\" data-brz-custom-id=\"kjmeyslrwuyvylrcqfaicitncjlbgjngjetn\">\n<div class=\"brz-bg\"><\/div>\n<div class=\"brz-column__items brz-css-21znt5\">\n<div class=\"brz-wrapper-clone brz-css-1ocer9r brz-css-1u0en0u\">\n<div class=\"brz-d-xs-flex brz-flex-xs-wrap brz-css-1yzyydx brz-css-1lagz2q\" data-brz-custom-id=\"\">\n<div class=\"brz-wrapper-clone__item\" id=\"ixistfskekojzkgduvsgpchhjbxexzmrauap\">\n<div class=\"brz-icon__container\" data-brz-custom-id=\"ixistfskekojzkgduvsgpchhjbxexzmrauap\"><span class=\"brz-icon brz-span brz-css-y0mev6 brz-css-7tcx2e\"><\/span><\/div>\n<\/div>\n<\/div>\n<\/div>\n<div id=\"\" class=\"brz-css-zzxl16 brz-css-bex7a1 brz-wrapper\">\n<div class=\"brz-rich-text brz-rich-text__custom brz-css-1a40qyt\" data-brz-custom-id=\"rdoulwpocczprsbbdlhhjqzitwqifxyirgww\">\n<div data-brz-translate-text=\"1\">\n<h4 class=\"brz-fs-sm-24 brz-tp-sm-empty brz-lh-sm-1_4 brz-ls-sm-0 brz-fw-sm-700 brz-fss-sm-px brz-tp-lg-heading4 brz-css-xK5FD\" data-uniq-id=\"wwqka\" data-generated-css=\"brz-css-orckf\">Kostenfreie lieferung<\/h4>\n<\/div>\n<\/div>\n<\/div>\n<div id=\"\" class=\"brz-css-zzxl16 brz-css-1dmy2f brz-wrapper\">\n<div class=\"brz-rich-text brz-rich-text__custom brz-css-1a40qyt\" data-brz-custom-id=\"ujtbnueknxykwxhyvsiznqyewgrajzfdrzje\">\n<div data-brz-translate-text=\"1\">\n<p class=\"brz-text-lg-justify brz-tp-lg-paragraph brz-css-lUzQb\" data-uniq-id=\"nyxzm\" data-generated-css=\"brz-css-abjyw\">Kostenfreie Lieferung in jeder auf der Strasse zug\u00e4nglichen Zone in Rum\u00e4nien<\/p>\n<\/div>\n<\/div>\n<\/div>\n<\/div>\n<\/div>\n<\/div>\n<\/div>\n<\/div>\n<\/div>\n<\/div>\n<\/div>\n<\/div>\n<\/div>\n<\/section>\n<section id=\"_smtdgixfbtvekwihezlwzqabsidfqrurcqht\" class=\"brz-section brz-css-qtz8u3\">\n<div class=\"brz-section__content brz-section--fullWidth brz-css-1ri2yed brz-css-1yop4ef\" data-brz-custom-id=\"yakmkwrxjcdhviehvvgogtilesxybwkdkyrv\">\n<div class=\"brz-container brz-css-82pjsw brz-css-1hpj1q6\">\n<div class=\"brz-row__container brz-css-tudx2k\" data-brz-custom-id=\"grmykovmklfwerzgfzelwgzkoalsdcssxseh\">\n<div class=\"brz-bg\"><\/div>\n<div class=\"brz-row brz-css-nqzb75\">\n<div class=\"brz-columns brz-css-1ayp79b brz-css-1msy4tc\" data-brz-custom-id=\"yshwvwkyptkmvmntgluxmcyjkolkjhkanfsm\">\n<div class=\"brz-bg\"><\/div>\n<div class=\"brz-column__items brz-css-21znt5 brz-css-1009lv\">\n<div id=\"\" class=\"brz-css-zzxl16 brz-css-9ro37b brz-wrapper\">\n<div class=\"brz-image brz-css-15hx49t\" data-brz-custom-id=\"jjmfrvtdiygwzqsrheobuknvsmbspdbfpuki\"><img decoding=\"async\" class=\"brz-img\" src=\"https:\/\/photovoltaic-structures.com\/de?tsbuilder_media=wp-273ce6715429ce2cddf4998333fcaa71.jpg&amp;tsbuilder_crop=iW%3D920%26iH%3D920%26oX%3D0%26oY%3D0%26cW%3D920%26cH%3D920\" alt=\"\" loading=\"lazy\" title=\"\"><\/div>\n<\/div>\n<\/div>\n<\/div>\n<div class=\"brz-columns brz-css-1ayp79b brz-css-ed0olw\" data-brz-custom-id=\"saezuhbvditlogazclsyxpfoswmhmrbfghhi\">\n<div class=\"brz-bg\"><\/div>\n<div class=\"brz-column__items brz-css-21znt5\">\n<div id=\"\" class=\"brz-css-zzxl16 brz-wrapper\">\n<div class=\"brz-icon-text brz-css-zxzhg5 brz-css-1y8g6dy\" data-brz-custom-id=\"rmblcabyrlgzdympbzhubkhrwdxyrdtdatgu\">\n<div class=\"brz-icon__container\" data-brz-custom-id=\"texwqbjhjbrqfzbrwsxtdvxqedkrsoduazsx\"><span class=\"brz-icon brz-span brz-css-y0mev6 brz-css-1d4yaov\"><\/span><\/div>\n<div class=\"brz-text-btn\">\n<div class=\"brz-rich-text brz-rich-text__custom brz-css-1a40qyt\" data-brz-custom-id=\"ziybqqjgoyhweopitpwhxaunlwmfodzpdceg\">\n<div data-brz-translate-text=\"1\">\n<p class=\"brz-tp-lg-heading6 brz-css-kxA7f\" data-generated-css=\"brz-css-wljqj\" data-uniq-id=\"oadra\">Megastruktur mit 6 Modulen, horizontal (Landschaft)-montierung<\/p>\n<\/div>\n<\/div>\n<\/div>\n<\/div>\n<\/div>\n<\/div>\n<\/div>\n<\/div>\n<\/div>\n<div class=\"brz-row__container brz-css-tudx2k\" data-brz-custom-id=\"ieqrpfbtroxjjjdjeykqqtciajgzejzkhzwi\">\n<div class=\"brz-bg\"><\/div>\n<div class=\"brz-row brz-css-nqzb75\">\n<div class=\"brz-columns brz-css-1ayp79b brz-css-r8pc5x\" data-brz-custom-id=\"poezovkfwjlgynasiopvvwtjqtnqcgexkktf\">\n<div class=\"brz-bg\"><\/div>\n<div class=\"brz-column__items brz-css-21znt5 brz-css-b2hpzx\">\n<div id=\"\" class=\"brz-css-zzxl16 brz-css-88ffjn brz-wrapper\">\n<div class=\"brz-image brz-css-1cimwcc\" data-brz-custom-id=\"dwmuqdtjxgwswdagiqukdplqtcjyfyvpqgre\"><img decoding=\"async\" class=\"brz-img\" src=\"https:\/\/photovoltaic-structures.com\/de?tsbuilder_media=wp-99c24a5bfe2d973b2e074db29b4cfc9e.jpg&amp;tsbuilder_crop=iW%3D920%26iH%3D514%26oX%3D0%26oY%3D0%26cW%3D920%26cH%3D514\" alt=\"\" loading=\"lazy\" title=\"\"><\/div>\n<\/div>\n<\/div>\n<\/div>\n<div class=\"brz-columns brz-css-1ayp79b brz-css-ius4zw\" data-brz-custom-id=\"xczdmgozykunzjylxhekxgmpzmwwyxhlyrrb\">\n<div class=\"brz-bg\"><\/div>\n<div class=\"brz-column__items brz-css-21znt5\">\n<div id=\"\" class=\"brz-css-zzxl16 brz-wrapper\">\n<div class=\"brz-icon-text brz-css-zxzhg5 brz-css-1cbp4ly\" data-brz-custom-id=\"rruboinrarnygytanduumgkizvfaswefvesq\">\n<div class=\"brz-icon__container\" data-brz-custom-id=\"qhqicprktswfbybpqnbsdpguouzjaizgzzko\"><span class=\"brz-icon brz-span brz-css-y0mev6 brz-css-isfyta\"><\/span><\/div>\n<div class=\"brz-text-btn\">\n<div class=\"brz-rich-text brz-rich-text__custom brz-css-1a40qyt\" data-brz-custom-id=\"pmspktbdzgcuarmvczkokmmsqwfmzablgyyk\">\n<div data-brz-translate-text=\"1\">\n<p class=\"brz-tp-lg-heading6 brz-css-iOmL0\" data-uniq-id=\"tjiqs\" data-generated-css=\"brz-css-qifnf\">Sehr schnelles Montagesystem unter jeden Umwelt- und Witterungsbedingungen<\/p>\n<\/div>\n<\/div>\n<\/div>\n<\/div>\n<\/div>\n<\/div>\n<\/div>\n<\/div>\n<\/div>\n<div class=\"brz-row__container brz-css-tudx2k\" data-brz-custom-id=\"axhdwdypwyzwumceckdcmhspnnaimvvwfnfn\">\n<div class=\"brz-bg\"><\/div>\n<div class=\"brz-row brz-css-nqzb75\">\n<div class=\"brz-columns brz-css-1ayp79b brz-css-481eoy\" data-brz-custom-id=\"tgwzwgvydpewhteaotgckrzxbrbhcomqeiuz\">\n<div class=\"brz-bg\"><\/div>\n<div class=\"brz-column__items brz-css-21znt5 brz-css-1so079a\">\n<div id=\"\" class=\"brz-css-zzxl16 brz-css-1dtb9s3 brz-wrapper\">\n<div class=\"brz-image brz-css-1t9klmm\" data-brz-custom-id=\"zflzjyqvchonguuipnpbrvmijbsbibppsiqy\"><img decoding=\"async\" class=\"brz-img\" src=\"https:\/\/photovoltaic-structures.com\/de?tsbuilder_media=wp-0959da933fc52284e8364e3239d444d6.jpg&amp;tsbuilder_crop=iW%3D603%26iH%3D452%26oX%3D0%26oY%3D58%26cW%3D603%26cH%3D337\" alt=\"\" loading=\"lazy\" title=\"\"><\/div>\n<\/div>\n<\/div>\n<\/div>\n<div class=\"brz-columns brz-css-1ayp79b brz-css-1n83pca\" data-brz-custom-id=\"gxwqywluznjdjdfevlffvdsmdqmfwzukwzta\">\n<div class=\"brz-bg\"><\/div>\n<div class=\"brz-column__items brz-css-21znt5 brz-css-1dk3vxb\">\n<div id=\"\" class=\"brz-css-zzxl16 brz-css-1gv4naj brz-wrapper\">\n<div class=\"brz-image brz-css-1u2sty7\" data-brz-custom-id=\"eiecqrcxuuzorwomhwvmfjwvvchcgadonypk\"><img decoding=\"async\" class=\"brz-img\" src=\"https:\/\/photovoltaic-structures.com\/de?tsbuilder_media=wp-8c8a1615bd0f151c1b61755fb8700953.jpg&amp;tsbuilder_crop=iW%3D603%26iH%3D452%26oX%3D0%26oY%3D58%26cW%3D603%26cH%3D337\" alt=\"\" loading=\"lazy\" title=\"\"><\/div>\n<\/div>\n<\/div>\n<\/div>\n<div class=\"brz-columns brz-css-1ayp79b brz-css-7s9cts\" data-brz-custom-id=\"nwwifawwtqllkcpgapyqrgjlcxvricabaigf\">\n<div class=\"brz-bg\"><\/div>\n<div class=\"brz-column__items brz-css-21znt5 brz-css-14k1td8\">\n<div id=\"\" class=\"brz-css-zzxl16 brz-css-as77uh brz-wrapper\">\n<div class=\"brz-image brz-css-b0vyp4\" data-brz-custom-id=\"bwktkhwpsxnbjmurpiesmthlmwkvpvvmldty\"><img decoding=\"async\" class=\"brz-img\" src=\"https:\/\/photovoltaic-structures.com\/de?tsbuilder_media=wp-25b2e51c2c5d8ff011fd7e9340722690.jpg&amp;tsbuilder_crop=iW%3D605%26iH%3D453%26oX%3D0%26oY%3D58%26cW%3D605%26cH%3D338\" alt=\"\" loading=\"lazy\" title=\"\"><\/div>\n<\/div>\n<\/div>\n<\/div>\n<\/div>\n<\/div>\n<\/div>\n<\/div>\n<\/section>\n<\/div>\n<p>    <!-- version:1736982642 --><\/p>\n","protected":false},"excerpt":{"rendered":"<p>Professionelle Photovoltaikstrukturen f\u00fcr Mega-Photovoltaik-Parks Entworfenes System gem\u00e4ss den erforderlichen Bestimmungen Wir stellen nachstehend dar die Mega-Unterst\u00fctzungsstrukturen f\u00fcr profesionelle Muster-Photovoltaikmodule Vorteile von mega-anpassbaren profesionellen strukturen Kurzfristige installation System der Strukturen die f\u00fcr kurzfristige Installation in jeder Jahreszeit entworfen wurden Schnelle auftragsbearbeitung Schnelle Auftragsbearbeitung mit der M\u00f6glichkeit der Produktion in sehr kurzer Zeit Verf\u00fcgbarkeit system mit 2 [&hellip;]<\/p>\n","protected":false},"author":1,"featured_media":2892,"parent":0,"menu_order":0,"comment_status":"closed","ping_status":"closed","template":"","meta":{"footnotes":""},"class_list":["post-3306","page","type-page","status-publish","has-post-thumbnail","hentry"],"blocksy_meta":{"styles_descriptor":{"styles":{"desktop":"","tablet":"","mobile":""},"google_fonts":[],"version":6}},"brizy_media":[],"_links":{"self":[{"href":"https:\/\/photovoltaic-structures.com\/de\/wp-json\/wp\/v2\/pages\/3306","targetHints":{"allow":["GET"]}}],"collection":[{"href":"https:\/\/photovoltaic-structures.com\/de\/wp-json\/wp\/v2\/pages"}],"about":[{"href":"https:\/\/photovoltaic-structures.com\/de\/wp-json\/wp\/v2\/types\/page"}],"author":[{"embeddable":true,"href":"https:\/\/photovoltaic-structures.com\/de\/wp-json\/wp\/v2\/users\/1"}],"replies":[{"embeddable":true,"href":"https:\/\/photovoltaic-structures.com\/de\/wp-json\/wp\/v2\/comments?post=3306"}],"version-history":[{"count":0,"href":"https:\/\/photovoltaic-structures.com\/de\/wp-json\/wp\/v2\/pages\/3306\/revisions"}],"wp:featuredmedia":[{"embeddable":true,"href":"https:\/\/photovoltaic-structures.com\/de\/wp-json\/wp\/v2\/media\/2892"}],"wp:attachment":[{"href":"https:\/\/photovoltaic-structures.com\/de\/wp-json\/wp\/v2\/media?parent=3306"}],"curies":[{"name":"wp","href":"https:\/\/api.w.org\/{rel}","templated":true}]}}