{"id":3315,"date":"2022-03-02T08:41:19","date_gmt":"2022-03-02T08:41:19","guid":{"rendered":"https:\/\/photovoltaic-structures.com\/?page_id=3315"},"modified":"2026-04-07T04:11:20","modified_gmt":"2026-04-07T04:11:20","slug":"photovoltaische-strukturen-rre-pv-landwirtschaftsland-montage-der-pv-modulen","status":"publish","type":"page","link":"https:\/\/photovoltaic-structures.com\/de\/photovoltaische-strukturen-rre-pv-landwirtschaftsland-montage-der-pv-modulen\/","title":{"rendered":"Photovoltaische Strukturen \u2013 RRE PV\u00a9 &#8211; Landwirtschaftsland- Montage der PV Modulen"},"content":{"rendered":"<div class=\"brz-root__container brz-reset-all brz brz-root__container-page\">\n<section id=\"_vlbgiwupalimiitdebrffatwmmommgjpmjlo\" class=\"brz-section brz-css-c91bkd\">\n<div class=\"brz-section__content brz-section--fullWidth brz-css-6gv51f brz-css-f3u3mb\" data-brz-custom-id=\"hqhzlvegihyvmhnslfgnttowheufdwdtlvsu\">\n<div class=\"brz-container brz-css-klsrxn brz-css-vkzvqs\">\n<div id=\"\" class=\"brz-css-175o6at brz-wrapper\">\n<div class=\"brz-rich-text brz-rich-text__custom brz-css-1ixj3fg\" data-brz-custom-id=\"jlbffxfhfzqysnmjpiphvzijcwvgyabtlmkv\">\n<div data-brz-translate-text=\"1\">\n<p class=\"brz-tp-lg-heading4 brz-text-lg-center brz-css-eMVHe\" data-uniq-id=\"yhlis\" data-generated-css=\"brz-css-cfqdf\">RRE PV\u00a9 &#8211; LANDWIRTSCHAFTSLAND PV MODULENMONTAGE \u2013 PHOTOVOLTAIKSYSTEM MIT MODULENMONTAGE AUF DEM DACH EINER VERZINKTEN STRUKTUR<\/p>\n<\/div>\n<\/div>\n<\/div>\n<div class=\"brz-row__container brz-css-1rafvmx\" data-brz-custom-id=\"sgtrkyqzpdlntmollxlfldapkqoszfqjecef\">\n<div class=\"brz-bg\"><\/div>\n<div class=\"brz-row brz-css-iqwxc8 brz-css-vjpa93\">\n<div class=\"brz-columns brz-css-1ss3u5u\" data-brz-custom-id=\"shkpmrlmvknvfzffvwyovaypaauynsiywxsq\">\n<div class=\"brz-bg\"><\/div>\n<div class=\"brz-column__items brz-css-1mtc019 brz-css-w514eg\">\n<div id=\"\" class=\"brz-css-175o6at brz-css-1a72cfa brz-wrapper\">\n<div class=\"brz-image brz-css-pb47rl\" data-brz-custom-id=\"iuueaanaupovcpegakmyajaacpxgydmpxtgm\"><img decoding=\"async\" class=\"brz-img\" src=\"https:\/\/photovoltaic-structures.com\/de?tsbuilder_media=wp-4d4e72404a5fdc8a5e9e51cdeaf90d40.jpg&amp;tsbuilder_crop=iW%3D930%26iH%3D672%26oX%3D0%26oY%3D0%26cW%3D930%26cH%3D672\" alt=\"\" loading=\"lazy\" title=\"\"><\/div>\n<\/div>\n<\/div>\n<\/div>\n<div class=\"brz-columns brz-css-1ss3u5u\" data-brz-custom-id=\"hndohdbiepqvithxkjrarivmnovhxkurfnjx\">\n<div class=\"brz-bg\"><\/div>\n<div class=\"brz-column__items brz-css-1mtc019 brz-css-1sp358v\">\n<div id=\"\" class=\"brz-css-175o6at brz-wrapper\">\n<div class=\"brz-rich-text brz-rich-text__custom brz-css-1ixj3fg\" data-brz-custom-id=\"mhwcnhcgenhaecwuebieviblmjssxtumvixc\">\n<div data-brz-translate-text=\"1\">\n<p class=\"brz-tp-lg-paragraph brz-css-d0TC0\" data-uniq-id=\"lxvbo\" data-generated-css=\"brz-css-rzbyq\">Photovoltaiksystem mit Modulenmontage auf dem Dach einer verzinkten Struktur. Die Photovoltaikmodule werden selten auf dem Dach montiert um den Eingang des Sonnenlichts und Regen zu erm\u00f6glichen. Die Struktur hat keine W\u00e4nde und kann \u00d6ffnungen von bis zu 15 Meter ohne Zwischenpfosten haben.<\/p>\n<p class=\"brz-tp-lg-paragraph brz-css-hcKz3\" data-uniq-id=\"sgsot\" data-generated-css=\"brz-css-cuuqz\">Dieses System wurde f\u00fcr die Landwirtschaft und Tierzucht in freien Zonen entworfen. Die grossen \u00d6ffnungen und die Platzierung der Pfosten mit grossem Abstand haben keinen negativen Einfluss auf die landwirtschaftliche Nutzung  des Landes.<\/p>\n<p class=\"brz-tp-lg-paragraph brz-css-d7ClM\" data-uniq-id=\"qdqqp\" data-generated-css=\"brz-css-vjuht\">Ausserdem, die Module die auf dem Dach aufgestellt sind mindern den starken Regen und  Hagel die die Ernte zerst\u00f6ren k\u00f6nnten.<\/p>\n<p class=\"brz-tp-lg-paragraph brz-css-aXhP0\" data-uniq-id=\"fmeqa\" data-generated-css=\"brz-css-lvqun\">Das System hat keine negative Wirkung auf die Agrarfl\u00e4che, wobei es nur einen leichten Schatten abgiebt der sich je nach der Position der Sonne bewegt, somit ist es sehr einfach  die Genehmigung von den Beh\u00f6rden zu bekommen. <\/p>\n<p class=\"brz-tp-lg-paragraph brz-text-lg-justify brz-css-sIDVO\" data-generated-css=\"brz-css-bznax\" data-uniq-id=\"arhcf\">Die Pfosten werden sehr schnell in den Boden mit pneumatischen Maschinen gerammt (kosteng\u00fcnstig). Somit wird kein Baumaterial  u.zw. Betonfundamente ben\u00f6tigt. Die Auswirkung auf die landwirtschaftliche Fl\u00e4che ist minimal und ohne Nebenwirkungen.<\/p>\n<\/div>\n<\/div>\n<\/div>\n<\/div>\n<\/div>\n<\/div>\n<\/div>\n<div class=\"brz-row__container brz-css-1rafvmx\" data-brz-custom-id=\"zcouemwvjqniernouepfpiapzvicltotweza\">\n<div class=\"brz-bg\"><\/div>\n<div class=\"brz-row brz-css-iqwxc8 brz-css-1wuxvr9\">\n<div class=\"brz-columns brz-css-1ss3u5u brz-css-b18ev9\" data-brz-custom-id=\"kxuctbzssdrebvmsoczmfrvmghaniolxstiv\">\n<div class=\"brz-bg\"><\/div>\n<div class=\"brz-column__items brz-css-1mtc019 brz-css-1jnh7j2\">\n<div id=\"\" class=\"brz-css-175o6at brz-wrapper\">\n<div class=\"brz-rich-text brz-rich-text__custom brz-css-1ixj3fg\" data-brz-custom-id=\"yvbwfqxtffvdatamebgvijvdrlkfuybllrqe\">\n<div data-brz-translate-text=\"1\">\n<p class=\"brz-tp-lg-heading6 brz-text-lg-justify brz-css-jmCuM\" data-generated-css=\"brz-css-hsfxw\" data-uniq-id=\"sdikb\">Der Entwurf  entspricht folgenden europ\u00e4ischen Normen:<\/p>\n<\/div>\n<\/div>\n<\/div>\n<div id=\"\" class=\"brz-css-175o6at brz-wrapper\">\n<div class=\"brz-rich-text brz-rich-text__custom brz-css-1ixj3fg\" data-brz-custom-id=\"qkfyuyydfbbksneorqamtlxopurnjshwutpm\">\n<div data-brz-translate-text=\"1\">\n<ul>\n<li class=\"brz-tp-lg-paragraph brz-css-gxLqI\" data-uniq-id=\"fgsrn\" data-generated-css=\"brz-css-uzxin\">EN 1990: 2002 \u2013 Grundlage der Tragwerksplanung ;<\/li>\n<li class=\"brz-tp-lg-paragraph brz-css-lgU14\" data-uniq-id=\"lwmtf\" data-generated-css=\"brz-css-rgzfh\">EN 1991-1-1: 2002 \u2013 Einwirkungen auf Strukturen. Teil 1-1: Allgemeine Aktionen \u2013 Dichte, Eigengewicht, Auflast f\u00fcr Geb\u00e4ude;<\/li>\n<li class=\"brz-tp-lg-paragraph brz-css-sJnUu\" data-uniq-id=\"xpdjn\" data-generated-css=\"brz-css-ivbrk\">EN 1991-1-4: 2005 \/ NA &#8211; Einwirkungen auf Strukturen. Allgemeine Aktionen. Windaktion. Nationaler Anhang;<\/li>\n<li class=\"brz-tp-lg-paragraph brz-css-mZTnx\" data-uniq-id=\"kcfhk\" data-generated-css=\"brz-css-dcajm\">EN 1991-1-3: 2003 \/ NA  Einwirkungen auf Strukturen. Allgemeine Aktionen. Schneelast. Nationaler Anhang;<\/li>\n<li class=\"brz-text-lg-justify brz-tp-lg-paragraph brz-css-bf7js\" data-uniq-id=\"ebfzw\" data-generated-css=\"brz-css-hfzcn\">EN 1993-1-1: 2005 \u2013 Entwurf des Stahltragwerks. Teil 1-1: Allgemeine Regeln und Regeln f\u00fcr Geb\u00e4ude.<\/li>\n<\/ul>\n<\/div>\n<\/div>\n<\/div>\n<\/div>\n<\/div>\n<\/div>\n<\/div>\n<\/div>\n<\/div>\n<\/section>\n<section id=\"_exprrejxrasgqmodnqjgfjgyfxhnapfwnxol\" class=\"brz-section brz-css-c91bkd\">\n<div class=\"brz-section__content brz-section--boxed brz-css-6gv51f\" data-brz-custom-id=\"epxhyzwsqtjifwecsntowwaixiqtmwrifagt\">\n<div class=\"brz-container brz-css-klsrxn\">\n<div id=\"\" class=\"brz-css-175o6at brz-css-pefuvu brz-wrapper\">\n<div class=\"brz-image brz-css-wjgswf\" data-brz-custom-id=\"ibjxayxptxhvzdljlowusxvbsbbsqidwodqo\"><img decoding=\"async\" class=\"brz-img\" src=\"https:\/\/photovoltaic-structures.com\/de?tsbuilder_media=wp-4ee1b714ca1c77cd6b89fdc662014f1c.png&amp;tsbuilder_crop=original\" alt=\"\" loading=\"lazy\" title=\"\"><\/div>\n<\/div>\n<\/div>\n<\/div>\n<\/section>\n<section id=\"_ktprvqubinflbbsrpdfjepbjgvphkpxxbaet\" class=\"brz-section brz-css-c91bkd\">\n<div class=\"brz-section__content brz-section--fullWidth brz-css-6gv51f brz-css-1b95jrf\" data-brz-custom-id=\"ktsmokxlbuafhkpifnbgfeyiieietibbedrt\">\n<div class=\"brz-container brz-css-klsrxn brz-css-ul2txr\">\n<div id=\"\" class=\"brz-css-175o6at brz-wrapper\">\n<div class=\"brz-rich-text brz-rich-text__custom brz-css-1ixj3fg\" data-brz-custom-id=\"yfqgzypiyxarxnwtgacpcltkxpqiompkeijj\">\n<div data-brz-translate-text=\"1\">\n<h3 class=\"brz-text-lg-center brz-tp-lg-heading3 brz-css-zB97X\" data-uniq-id=\"jzjgb\" data-generated-css=\"brz-css-qohyc\">Tragwerkmodelle entsprechend der Ausrichtung der Photovoltaikmodule<\/h3>\n<\/div>\n<\/div>\n<\/div>\n<div id=\"\" class=\"brz-css-175o6at brz-wrapper\">\n<div class=\"brz-line brz-line-default brz-css-coov5j brz-css-ezr1mp\" data-brz-custom-id=\"hgkunfcwebaxvepogtlfjghsnlrmlyhypqfp\">\n<hr class=\"brz-hr\"><\/div>\n<\/div>\n<div id=\"\" class=\"brz-css-175o6at brz-css-rn87fl brz-wrapper\">\n<div class=\"brz-spacer brz-css-1wnvkw0\"><\/div>\n<\/div>\n<div class=\"brz-row__container brz-css-1rafvmx\" data-brz-custom-id=\"aeihbcmoxqgnahzcanbhpijvoiehibdvzpok\">\n<div class=\"brz-bg\"><\/div>\n<div class=\"brz-row brz-css-iqwxc8\">\n<div class=\"brz-columns brz-css-1ss3u5u\" data-brz-custom-id=\"qsksosttpnddznhllqcwvjqzjywxgafnefry\">\n<div class=\"brz-bg\"><\/div>\n<div class=\"brz-column__items brz-css-1mtc019\">\n<div id=\"\" class=\"brz-css-175o6at brz-css-1kthhgc brz-wrapper\">\n<div class=\"brz-image brz-css-tuu59n\" data-brz-custom-id=\"fwvjvhvtmteopekyusjupgfqbxkumccfjten\"><img decoding=\"async\" class=\"brz-img\" src=\"https:\/\/photovoltaic-structures.com\/de?tsbuilder_media=wp-a73704a7b1d42494fb7346730d33fe61.jpg&amp;tsbuilder_crop=iW%3D509%26iH%3D761%26oX%3D1%26oY%3D0%26cW%3D506%26cH%3D761\" alt=\"\" loading=\"lazy\" title=\"\"><\/div>\n<\/div>\n<div id=\"\" class=\"brz-css-175o6at brz-css-rn87fl brz-wrapper\">\n<div class=\"brz-spacer brz-css-1wnvkw0 brz-css-a4n75e\"><\/div>\n<\/div>\n<div id=\"\" class=\"brz-css-175o6at brz-wrapper\">\n<div class=\"brz-rich-text brz-rich-text__custom brz-css-1ixj3fg\" data-brz-custom-id=\"oopzwppwtlbjuoexrnkxeqtdrqxdjktdppxu\">\n<div data-brz-translate-text=\"1\">\n<p class=\"brz-text-lg-center brz-tp-lg-heading6 brz-css-yG0fi\" data-uniq-id=\"kdytt\" data-generated-css=\"brz-css-buthj\">Bodenmontierte Tragsysteme f\u00fcr die Einrichtung der Module in Hochformat. Neigungswinkel 10-35 Grad, je nach dem Modell<\/p>\n<\/div>\n<\/div>\n<\/div>\n<\/div>\n<\/div>\n<div class=\"brz-columns brz-css-1ss3u5u brz-css-1hwwuv0\" data-brz-custom-id=\"zuvhgjlehemxihiwxvsscbijsgnzxajujzyw\">\n<div class=\"brz-bg\"><\/div>\n<div class=\"brz-column__items brz-css-1mtc019\">\n<div id=\"\" class=\"brz-css-175o6at brz-css-l0wam5 brz-wrapper\">\n<div class=\"brz-image brz-css-qpyote\" data-brz-custom-id=\"lwlijyxrwibxcyowhqzwfdvbqgjcjsggwpmh\"><img decoding=\"async\" class=\"brz-img\" src=\"https:\/\/photovoltaic-structures.com\/de?tsbuilder_media=wp-96e0f4689f44f9ba616c689d0bd38de7.jpg&amp;tsbuilder_crop=iW%3D529%26iH%3D762%26oX%3D12%26oY%3D0%26cW%3D506%26cH%3D762\" alt=\"\" loading=\"lazy\" title=\"\"><\/div>\n<\/div>\n<div id=\"\" class=\"brz-css-175o6at brz-css-rn87fl brz-wrapper\">\n<div class=\"brz-spacer brz-css-1wnvkw0 brz-css-1cqh84c\"><\/div>\n<\/div>\n<div id=\"\" class=\"brz-css-175o6at brz-wrapper\">\n<div class=\"brz-rich-text brz-rich-text__custom brz-css-1ixj3fg\" data-brz-custom-id=\"fahddgquxlovvhhtgvhezxsksujnazaefrmr\">\n<div data-brz-translate-text=\"1\">\n<p class=\"brz-text-lg-center brz-tp-lg-heading6 brz-css-oJzNl\" data-uniq-id=\"yzdsm\" data-generated-css=\"brz-css-okdfj\">Bodenmontierte Tragsysteme f\u00fcr die Einrichtung der Module in Breitformat. (Landschaftsformat). Neigungswinkel 10-35 Grad je nach dem Modell<\/p>\n<\/div>\n<\/div>\n<\/div>\n<\/div>\n<\/div>\n<\/div>\n<\/div>\n<\/div>\n<\/div>\n<\/section>\n<section id=\"_qakrclgtkwsphofjhawkrahzkpitzxagdkek\" class=\"brz-section brz-css-c91bkd\">\n<div class=\"brz-section__content brz-section--fullWidth brz-css-6gv51f brz-css-g4f27i\" data-brz-custom-id=\"wptyxuloluucgxoqahhswkctinqmbvktvctr\">\n<div class=\"brz-container brz-css-klsrxn brz-css-1cnttwg\">\n<div id=\"\" class=\"brz-css-175o6at brz-wrapper\">\n<div class=\"brz-rich-text brz-rich-text__custom brz-css-1ixj3fg\" data-brz-custom-id=\"nxtigtmwjlahertgzrrwcrqzdmpcdwaoxfzv\">\n<div data-brz-translate-text=\"1\">\n<p class=\"brz-tp-lg-heading4 brz-text-lg-center brz-css-iT4VD\" data-uniq-id=\"rntzp\" data-generated-css=\"brz-css-blmpn\">PROJEKTE<\/p>\n<\/div>\n<\/div>\n<\/div>\n<div id=\"\" class=\"brz-css-175o6at brz-wrapper\">\n<div class=\"brz-line brz-line-default brz-css-coov5j brz-css-hyi7k2\" data-brz-custom-id=\"rnxvmfayydhihcqwentlzfvvbbqnkpzgtrxj\">\n<hr class=\"brz-hr\"><\/div>\n<\/div>\n<div id=\"\" class=\"brz-css-175o6at brz-css-rn87fl brz-wrapper\">\n<div class=\"brz-spacer brz-css-1wnvkw0 brz-css-1bmjgp2\"><\/div>\n<\/div>\n<div id=\"\" class=\"brz-css-175o6at brz-wrapper\">\n<div data-brz-action=\"click\" class=\"brz-tabs brz-tabs--horizontal brz-tabs--style-1 brz-tabs--left brz-css-1sxl68m brz-css-chn74x\" data-brz-custom-id=\"ewcvmgfoazqanwscxrzjyjzsqgdgahbwmxce\">\n<ul class=\"brz-tabs__nav brz-tabs__nav--horizontal brz-tabs__nav--style-1 brz-tabs__nav--left\">\n<li class=\"brz-tabs__nav--item brz-tabs__nav--desktop\">\n<div class=\"brz-tabs__nav--button\"><span data-brz-translate-text=\"1\" class=\"brz-span brz-text__editor\">CARPORT<\/span><\/div>\n<\/li>\n<li class=\"brz-tabs__nav--item brz-tabs__nav--desktop\">\n<div class=\"brz-tabs__nav--button\"><span data-brz-translate-text=\"1\" class=\"brz-span brz-text__editor\">BETON<\/span><\/div>\n<\/li>\n<li class=\"brz-tabs__nav--item brz-tabs__nav--desktop\">\n<div class=\"brz-tabs__nav--button\"><span data-brz-translate-text=\"1\" class=\"brz-span brz-text__editor\">FLACHDACH<\/span><\/div>\n<\/li>\n<li class=\"brz-tabs__nav--item brz-tabs__nav--desktop\">\n<div class=\"brz-tabs__nav--button\"><span data-brz-translate-text=\"1\" class=\"brz-span brz-text__editor\">DACH<\/span><\/div>\n<\/li>\n<li class=\"brz-tabs__nav--item brz-tabs__nav--desktop brz-tabs__nav--active\">\n<div class=\"brz-tabs__nav--button\"><span data-brz-translate-text=\"1\" class=\"brz-span brz-text__editor\">BODENMONTAGE<\/span><\/div>\n<\/li>\n<li class=\"brz-tabs__nav--item brz-tabs__nav--desktop\">\n<div class=\"brz-tabs__nav--button\"><span data-brz-translate-text=\"1\" class=\"brz-span brz-text__editor\">TRACKER<\/span><\/div>\n<\/li>\n<\/ul>\n<div class=\"brz-tabs__content brz-tabs__content--horizontal brz-tabs__content--style-1 brz-tabs__content--left\">\n<div class=\"brz-tabs__items\">\n<div class=\"brz-tabs__nav--mobile\">\n<div class=\"brz-tabs__nav--button\"><span>CARPORT<\/span><\/div>\n<\/div>\n<div class=\"brz-tabs__item--content brz-d-xs-flex brz-flex-xs-column\">\n<div id=\"\" class=\"brz-css-175o6at brz-css-wiuj3r brz-css-ixsy6d brz-wrapper\">\n<div class=\"brz-posts brz-css-1a2kora brz-css-s0n7lf\" data-brz-custom-id=\"tuvaqambkxutsnjmreemhpgzozmpnwukfmwt\">\n<div class=\"brz-posts__wrapper\">\n<div class=\"brz-posts__item\">\n<div class=\"brz-columns brz-css-1ss3u5u brz-css-4hya8p\" data-brz-custom-id=\"ehmmzdksaruajkquyhnmwhmgcqtywmauzdiw\">\n<div class=\"brz-bg\"><\/div>\n<div class=\"brz-column__items brz-css-1mtc019 brz-css-pjxa6g\">\n<div id=\"\" class=\"brz-css-175o6at brz-css-1j1w6rb brz-wrapper\">\n<div class=\"brz-image brz-css-lm0yc0\" data-brz-custom-id=\"ocrpzbnkkvhalqpmjjpixmimqjukfvqqsvpg\"><img decoding=\"async\" class=\"brz-img\" src=\"\" alt=\"\" loading=\"lazy\" title=\"\"><\/div>\n<\/div>\n<div id=\"\" class=\"brz-css-175o6at brz-wrapper\">\n<div class=\"brz-wp-title brz-css-1xmwciu brz-css-1s1q05h brz-css-1snkp5b\" data-brz-custom-id=\"ymkcxvmplbmrcsyqpoomwkqneruscdkyjocn\"><span class=\"brz-wp-title-content\"><\/span><\/div>\n<\/div>\n<div class=\"brz-wrapper-clone brz-css-1fa2c18\">\n<div class=\"brz-d-xs-flex brz-flex-xs-wrap brz-css-14aqdy4 brz-css-1cy8rz3\" data-brz-custom-id=\"\">\n<div class=\"brz-wrapper-clone__item\" id=\"ubkjwpbnozmcokpilsryazzmplftyrxmtlwa\"><a class=\"brz-a brz-btn brz-css-19kv1x brz-css-68uc3 brz-css-1isow4p brz-css-cxv0nx brz-css-z5745t\" href=\"\" target=\"_self\" rel=\"noopener\" data-brz-link-type=\"external\" data-brz-custom-id=\"ubkjwpbnozmcokpilsryazzmplftyrxmtlwa\"><span data-brz-translate-text=\"1\" class=\"brz-span brz-text__editor\">READ MORE<\/span><\/a><\/div>\n<\/div>\n<\/div>\n<\/div>\n<\/div>\n<\/div>\n<\/div>\n<\/div>\n<\/div>\n<\/div>\n<\/div>\n<div class=\"brz-tabs__items\">\n<div class=\"brz-tabs__nav--mobile\">\n<div class=\"brz-tabs__nav--button\"><span>BETON<\/span><\/div>\n<\/div>\n<div class=\"brz-tabs__item--content brz-d-xs-flex brz-flex-xs-column\">\n<div id=\"\" class=\"brz-css-175o6at brz-css-wiuj3r brz-css-12vplgy brz-wrapper\">\n<div class=\"brz-posts brz-css-1a2kora brz-css-7wd1u2\" data-brz-custom-id=\"utuvkhhznogyommvdafamrytmioxfmrdtycu\">\n<div class=\"brz-posts__wrapper\">\n<div class=\"brz-posts__item\">\n<div class=\"brz-columns brz-css-1ss3u5u brz-css-4hya8p\" data-brz-custom-id=\"buwcmalziniqfzozyzviiaaduoetvhfueixa\">\n<div class=\"brz-bg\"><\/div>\n<div class=\"brz-column__items brz-css-1mtc019 brz-css-82luoh\">\n<div id=\"\" class=\"brz-css-175o6at brz-css-ymx69d brz-wrapper\">\n<div class=\"brz-image brz-css-t4tg4i\" data-brz-custom-id=\"oabkkdikyiltmhfodzbydpdrocxoemazchcg\"><img decoding=\"async\" class=\"brz-img\" src=\"\" alt=\"\" loading=\"lazy\" title=\"\"><\/div>\n<\/div>\n<div id=\"\" class=\"brz-css-175o6at brz-wrapper\">\n<div class=\"brz-wp-title brz-css-1xmwciu brz-css-1s1q05h brz-css-18yw5w8\" data-brz-custom-id=\"xuvsuppqacisjdlccrqchdzpemwcboeuttqt\"><span class=\"brz-wp-title-content\"><\/span><\/div>\n<\/div>\n<div class=\"brz-wrapper-clone brz-css-1fa2c18\">\n<div class=\"brz-d-xs-flex brz-flex-xs-wrap brz-css-14aqdy4 brz-css-1hmge4u\" data-brz-custom-id=\"\">\n<div class=\"brz-wrapper-clone__item\" id=\"liwizqkqjlkbyodjbilvyolnqrhfziuapnig\"><a class=\"brz-a brz-btn brz-css-19kv1x brz-css-1n0zak8 brz-css-1isow4p brz-css-cxv0nx brz-css-t8836u\" href=\"\" target=\"_self\" rel=\"noopener\" data-brz-link-type=\"external\" data-brz-custom-id=\"liwizqkqjlkbyodjbilvyolnqrhfziuapnig\"><span data-brz-translate-text=\"1\" class=\"brz-span brz-text__editor\">READ MORE<\/span><\/a><\/div>\n<\/div>\n<\/div>\n<\/div>\n<\/div>\n<\/div>\n<\/div>\n<\/div>\n<\/div>\n<\/div>\n<\/div>\n<div class=\"brz-tabs__items\">\n<div class=\"brz-tabs__nav--mobile\">\n<div class=\"brz-tabs__nav--button\"><span>FLACHDACH<\/span><\/div>\n<\/div>\n<div class=\"brz-tabs__item--content brz-d-xs-flex brz-flex-xs-column\">\n<div id=\"\" class=\"brz-css-175o6at brz-css-wiuj3r brz-css-nrpu8l brz-wrapper\">\n<div class=\"brz-posts brz-css-1a2kora brz-css-p2ciwd\" data-brz-custom-id=\"xondqqzcvxekiqvxybarrkonjxhultqcrqda\">\n<div class=\"brz-posts__wrapper\">\n<div class=\"brz-posts__item\">\n<div class=\"brz-columns brz-css-1ss3u5u brz-css-4hya8p\" data-brz-custom-id=\"cytjhuizyygztoaiktkwnlxfctymirvljcku\">\n<div class=\"brz-bg\"><\/div>\n<div class=\"brz-column__items brz-css-1mtc019 brz-css-g1oikx\">\n<div id=\"\" class=\"brz-css-175o6at brz-css-vyavjs brz-wrapper\">\n<div class=\"brz-image brz-css-11vmqed\" data-brz-custom-id=\"jeisbnnfdafcuukytntlrslflfryoifywzkg\"><img decoding=\"async\" class=\"brz-img\" src=\"\" alt=\"\" loading=\"lazy\" title=\"\"><\/div>\n<\/div>\n<div id=\"\" class=\"brz-css-175o6at brz-wrapper\">\n<div class=\"brz-wp-title brz-css-1xmwciu brz-css-1s1q05h brz-css-1wcm4vu\" data-brz-custom-id=\"sazreuyjlhkmskebkpuwwweuzrlzlddvunxb\"><span class=\"brz-wp-title-content\"><\/span><\/div>\n<\/div>\n<div class=\"brz-wrapper-clone brz-css-1fa2c18\">\n<div class=\"brz-d-xs-flex brz-flex-xs-wrap brz-css-14aqdy4 brz-css-1oih5s1\" data-brz-custom-id=\"\">\n<div class=\"brz-wrapper-clone__item\" id=\"nzqcvjhwomrlufhyolraitprukryjsjkisnm\"><a class=\"brz-a brz-btn brz-css-19kv1x brz-css-1wf6362 brz-css-1isow4p brz-css-cxv0nx brz-css-10nxkg5\" href=\"\" target=\"_self\" rel=\"noopener\" data-brz-link-type=\"external\" data-brz-custom-id=\"nzqcvjhwomrlufhyolraitprukryjsjkisnm\"><span data-brz-translate-text=\"1\" class=\"brz-span brz-text__editor\">READ MORE<\/span><\/a><\/div>\n<\/div>\n<\/div>\n<\/div>\n<\/div>\n<\/div>\n<\/div>\n<\/div>\n<\/div>\n<\/div>\n<\/div>\n<div class=\"brz-tabs__items\">\n<div class=\"brz-tabs__nav--mobile\">\n<div class=\"brz-tabs__nav--button\"><span>DACH<\/span><\/div>\n<\/div>\n<div class=\"brz-tabs__item--content brz-d-xs-flex brz-flex-xs-column\">\n<div id=\"\" class=\"brz-css-175o6at brz-css-wiuj3r brz-css-1iawd6s brz-wrapper\">\n<div class=\"brz-posts brz-css-1a2kora brz-css-18yenu0\" data-brz-custom-id=\"kxhdzumpxqccuomynzqxcebgwetyzdwtnapb\">\n<div class=\"brz-posts__wrapper\">\n<div class=\"brz-posts__item\">\n<div class=\"brz-columns brz-css-1ss3u5u brz-css-4hya8p\" data-brz-custom-id=\"kohtnnkzaeehuyusffejnttckqfgeoxlbktv\">\n<div class=\"brz-bg\"><\/div>\n<div class=\"brz-column__items brz-css-1mtc019 brz-css-1s47r00\">\n<div id=\"\" class=\"brz-css-175o6at brz-css-141fbzs brz-wrapper\">\n<div class=\"brz-image brz-css-18t0tln\" data-brz-custom-id=\"mggvbjomdnmxzuckgfoyxgmnrzkedxdvkbau\"><img decoding=\"async\" class=\"brz-img\" src=\"\" alt=\"\" loading=\"lazy\" title=\"\"><\/div>\n<\/div>\n<div id=\"\" class=\"brz-css-175o6at brz-wrapper\">\n<div class=\"brz-wp-title brz-css-1xmwciu brz-css-1s1q05h brz-css-1bk01et\" data-brz-custom-id=\"fvueseccybaopvmijvhonchjkfirqrdkpzoo\"><span class=\"brz-wp-title-content\"><\/span><\/div>\n<\/div>\n<div class=\"brz-wrapper-clone brz-css-1fa2c18\">\n<div class=\"brz-d-xs-flex brz-flex-xs-wrap brz-css-14aqdy4 brz-css-amzw78\" data-brz-custom-id=\"\">\n<div class=\"brz-wrapper-clone__item\" id=\"ucsaajpgztwhlwflsidxysxfqbaolmxbbkmw\"><a class=\"brz-a brz-btn brz-css-19kv1x brz-css-1wbsoet brz-css-1isow4p brz-css-cxv0nx brz-css-44m8s9\" href=\"\" target=\"_self\" rel=\"noopener\" data-brz-link-type=\"external\" data-brz-custom-id=\"ucsaajpgztwhlwflsidxysxfqbaolmxbbkmw\"><span data-brz-translate-text=\"1\" class=\"brz-span brz-text__editor\">READ MORE<\/span><\/a><\/div>\n<\/div>\n<\/div>\n<\/div>\n<\/div>\n<\/div>\n<\/div>\n<\/div>\n<\/div>\n<\/div>\n<\/div>\n<div class=\"brz-tabs__items brz-tabs__items--active\">\n<div class=\"brz-tabs__nav--mobile brz-tabs__nav--mobile--active\">\n<div class=\"brz-tabs__nav--button\"><span>BODENMONTAGE<\/span><\/div>\n<\/div>\n<div class=\"brz-tabs__item--content brz-d-xs-flex brz-flex-xs-column\">\n<div id=\"\" class=\"brz-css-175o6at brz-css-wiuj3r brz-css-1kpy9wp brz-wrapper\">\n<div class=\"brz-posts brz-css-1a2kora brz-css-z1ll6c\" data-brz-custom-id=\"sijweouikurpludchxvqfxmniiucwnuvztwa\">\n<div class=\"brz-posts__wrapper\">\n<div class=\"brz-posts__item\">\n<div class=\"brz-columns brz-css-1ss3u5u brz-css-4hya8p\" data-brz-custom-id=\"wknvrijzevtgzkujrpncrxuqvmegtpoyhpjw\">\n<div class=\"brz-bg\"><\/div>\n<div class=\"brz-column__items brz-css-1mtc019 brz-css-9t214s\">\n<div id=\"\" class=\"brz-css-175o6at brz-css-15i0ta4 brz-wrapper\">\n<div class=\"brz-image brz-css-vy1341\" data-brz-custom-id=\"juootrdrgpyzzcksepyaenlgxrqrdkyvtjik\"><img decoding=\"async\" class=\"brz-img\" src=\"\" alt=\"\" loading=\"lazy\" title=\"\"><\/div>\n<\/div>\n<div id=\"\" class=\"brz-css-175o6at brz-wrapper\">\n<div class=\"brz-wp-title brz-css-1xmwciu brz-css-1s1q05h brz-css-htfbk3\" data-brz-custom-id=\"gltxtaorlxoyuwibuwbxpnmmwplxmbjmwjyx\"><span class=\"brz-wp-title-content\"><\/span><\/div>\n<\/div>\n<div class=\"brz-wrapper-clone brz-css-1fa2c18\">\n<div class=\"brz-d-xs-flex brz-flex-xs-wrap brz-css-14aqdy4 brz-css-13rvc0g\" data-brz-custom-id=\"\">\n<div class=\"brz-wrapper-clone__item\" id=\"sprqlefrsnjkhoothyrkdhdfflvfvwydkhqo\"><a class=\"brz-a brz-btn brz-css-19kv1x brz-css-gm6iji brz-css-1isow4p brz-css-cxv0nx brz-css-h9kvki\" href=\"\" target=\"_self\" rel=\"noopener\" data-brz-link-type=\"external\" data-brz-custom-id=\"sprqlefrsnjkhoothyrkdhdfflvfvwydkhqo\"><span data-brz-translate-text=\"1\" class=\"brz-span brz-text__editor\">READ MORE<\/span><\/a><\/div>\n<\/div>\n<\/div>\n<\/div>\n<\/div>\n<\/div>\n<\/div>\n<\/div>\n<\/div>\n<\/div>\n<\/div>\n<div class=\"brz-tabs__items\">\n<div class=\"brz-tabs__nav--mobile\">\n<div class=\"brz-tabs__nav--button\"><span>TRACKER<\/span><\/div>\n<\/div>\n<div class=\"brz-tabs__item--content brz-d-xs-flex brz-flex-xs-column\">\n<div id=\"\" class=\"brz-css-175o6at brz-css-wiuj3r brz-css-xzxknb brz-wrapper\">\n<div class=\"brz-posts brz-css-1a2kora brz-css-dsr72p\" data-brz-custom-id=\"ddayibjwanewklcbqqgkuzeueyhvbjrpxiwx\">\n<div class=\"brz-posts__wrapper\">\n<div class=\"brz-posts__item\">\n<div class=\"brz-columns brz-css-1ss3u5u brz-css-4hya8p\" data-brz-custom-id=\"cuzyxunvekrxywfohmiiocaimocbseatceuf\">\n<div class=\"brz-bg\"><\/div>\n<div class=\"brz-column__items brz-css-1mtc019 brz-css-hgofch\">\n<div id=\"\" class=\"brz-css-175o6at brz-css-in6iux brz-wrapper\">\n<div class=\"brz-image brz-css-1gr9l0k\" data-brz-custom-id=\"bfajcumyljmmevtuspvlbhwrszlvlrtxbufk\"><img decoding=\"async\" class=\"brz-img\" src=\"\" alt=\"\" loading=\"lazy\" title=\"\"><\/div>\n<\/div>\n<div id=\"\" class=\"brz-css-175o6at brz-wrapper\">\n<div class=\"brz-wp-title brz-css-1xmwciu brz-css-1s1q05h brz-css-1i4g3y\" data-brz-custom-id=\"tvqlserijdiadzndvvjxrspoawzwandjvupx\"><span class=\"brz-wp-title-content\"><\/span><\/div>\n<\/div>\n<div class=\"brz-wrapper-clone brz-css-1fa2c18\">\n<div class=\"brz-d-xs-flex brz-flex-xs-wrap brz-css-14aqdy4 brz-css-gi7ubz\" data-brz-custom-id=\"\">\n<div class=\"brz-wrapper-clone__item\" id=\"wfojovqfodvfkreahkffibyvazwgjhszcxzc\"><a class=\"brz-a brz-btn brz-css-19kv1x brz-css-lxxon9 brz-css-1isow4p brz-css-cxv0nx brz-css-12o901q\" href=\"\" target=\"_self\" rel=\"noopener\" data-brz-link-type=\"external\" data-brz-custom-id=\"wfojovqfodvfkreahkffibyvazwgjhszcxzc\"><span data-brz-translate-text=\"1\" class=\"brz-span brz-text__editor\">READ MORE<\/span><\/a><\/div>\n<\/div>\n<\/div>\n<\/div>\n<\/div>\n<\/div>\n<\/div>\n<\/div>\n<\/div>\n<\/div>\n<\/div>\n<\/div>\n<\/div>\n<\/div>\n<\/div>\n<\/div>\n<\/section>\n<\/div>\n<p>    <!-- version:1736983558 --><\/p>\n","protected":false},"excerpt":{"rendered":"<p>RRE PV\u00a9 &#8211; LANDWIRTSCHAFTSLAND PV MODULENMONTAGE \u2013 PHOTOVOLTAIKSYSTEM MIT MODULENMONTAGE AUF DEM DACH EINER VERZINKTEN STRUKTUR Photovoltaiksystem mit Modulenmontage auf dem Dach einer verzinkten Struktur. Die Photovoltaikmodule werden selten auf dem Dach montiert um den Eingang des Sonnenlichts und Regen zu erm\u00f6glichen. Die Struktur hat keine W\u00e4nde und kann \u00d6ffnungen von bis zu 15 Meter [&hellip;]<\/p>\n","protected":false},"author":1,"featured_media":2806,"parent":0,"menu_order":0,"comment_status":"closed","ping_status":"closed","template":"","meta":{"footnotes":""},"class_list":["post-3315","page","type-page","status-publish","has-post-thumbnail","hentry"],"blocksy_meta":{"styles_descriptor":{"styles":{"desktop":"","tablet":"","mobile":""},"google_fonts":[],"version":6}},"brizy_media":[],"_links":{"self":[{"href":"https:\/\/photovoltaic-structures.com\/de\/wp-json\/wp\/v2\/pages\/3315","targetHints":{"allow":["GET"]}}],"collection":[{"href":"https:\/\/photovoltaic-structures.com\/de\/wp-json\/wp\/v2\/pages"}],"about":[{"href":"https:\/\/photovoltaic-structures.com\/de\/wp-json\/wp\/v2\/types\/page"}],"author":[{"embeddable":true,"href":"https:\/\/photovoltaic-structures.com\/de\/wp-json\/wp\/v2\/users\/1"}],"replies":[{"embeddable":true,"href":"https:\/\/photovoltaic-structures.com\/de\/wp-json\/wp\/v2\/comments?post=3315"}],"version-history":[{"count":0,"href":"https:\/\/photovoltaic-structures.com\/de\/wp-json\/wp\/v2\/pages\/3315\/revisions"}],"wp:featuredmedia":[{"embeddable":true,"href":"https:\/\/photovoltaic-structures.com\/de\/wp-json\/wp\/v2\/media\/2806"}],"wp:attachment":[{"href":"https:\/\/photovoltaic-structures.com\/de\/wp-json\/wp\/v2\/media?parent=3315"}],"curies":[{"name":"wp","href":"https:\/\/api.w.org\/{rel}","templated":true}]}}