{"id":3317,"date":"2022-03-02T08:42:04","date_gmt":"2022-03-02T08:42:04","guid":{"rendered":"https:\/\/photovoltaic-structures.com\/?page_id=3317"},"modified":"2026-04-07T04:10:14","modified_gmt":"2026-04-07T04:10:14","slug":"photovoltaische-strukturen-rre-pv-carport","status":"publish","type":"page","link":"https:\/\/photovoltaic-structures.com\/de\/photovoltaische-strukturen-rre-pv-carport\/","title":{"rendered":"Photovoltaische Strukturen &#8211; RRE PV\u00a9 \u2013 Carport"},"content":{"rendered":"<div class=\"brz-root__container brz-reset-all brz brz-root__container-page\">\n<section id=\"_wkjpwtqhatjrqmpgiiqzkpgkjonxrwkozocl\" class=\"brz-section brz-css-ajsl0x\">\n<div class=\"brz-section__content brz-section--fullWidth brz-css-1c3rx8e brz-css-uoi6fy\" data-brz-custom-id=\"cchbekhyujyzgvzqudkhndewbidndcyqxvud\">\n<div class=\"brz-container brz-css-1uluv68 brz-css-1vsiqzn\">\n<div id=\"\" class=\"brz-css-91aqmv brz-wrapper\">\n<div class=\"brz-rich-text brz-rich-text__custom brz-css-1ldnbg7\" data-brz-custom-id=\"epsnoirpuvoyebhgqwilemaykgdzagwyabjx\">\n<div data-brz-translate-text=\"1\">\n<p class=\"brz-tp-lg-heading4 brz-text-lg-center brz-css-rW3Hj\" data-uniq-id=\"wrjys\" data-generated-css=\"brz-css-ztchd\">Photovoltaische Strukturen &#8211; RRE PV\u00a9 \u2013Struktur der Photovoltaischen Parkingsysteme  &#8211; Carport Typ<\/p>\n<\/div>\n<\/div>\n<\/div>\n<div class=\"brz-row__container brz-css-kgc4ei\" data-brz-custom-id=\"oelbvnutymdresbxettignpzfjuqdpkqrtaq\">\n<div class=\"brz-bg\"><\/div>\n<div class=\"brz-row brz-css-1w32ni0 brz-css-1aeoo0g\">\n<div class=\"brz-columns brz-css-169yfe9\" data-brz-custom-id=\"xwomiwbquszsfxvxfstrirmpcegcubezaxqv\">\n<div class=\"brz-bg\"><\/div>\n<div class=\"brz-column__items brz-css-tuq692 brz-css-7u9okn\">\n<div id=\"\" class=\"brz-css-91aqmv brz-css-8p1ld3 brz-wrapper\">\n<div class=\"brz-image brz-css-v8m10j\" data-brz-custom-id=\"uibiinlvunjijqqfgjetnzqfgiqcmvxpwfoy\"><img decoding=\"async\" class=\"brz-img\" src=\"https:\/\/photovoltaic-structures.com\/de?tsbuilder_media=wp-b2f9ddb9ef58b1dae6cbe1b2bb73683d.jpg&amp;tsbuilder_crop=iW%3D930%26iH%3D698%26oX%3D0%26oY%3D0%26cW%3D930%26cH%3D698\" alt=\"\" loading=\"lazy\" title=\"\"><\/div>\n<\/div>\n<\/div>\n<\/div>\n<div class=\"brz-columns brz-css-169yfe9\" data-brz-custom-id=\"lkjbbpkodknyxpgsmgoizfbvrkptptrlxbor\">\n<div class=\"brz-bg\"><\/div>\n<div class=\"brz-column__items brz-css-tuq692 brz-css-1dakzef\">\n<div id=\"\" class=\"brz-css-91aqmv brz-wrapper\">\n<div class=\"brz-rich-text brz-rich-text__custom brz-css-1ldnbg7\" data-brz-custom-id=\"dtpdrpnwcmpxekeaioqqmuwuvgyokwmfonbz\">\n<div data-brz-translate-text=\"1\">\n<p class=\"brz-tp-lg-paragraph brz-css-zqd0x\" data-uniq-id=\"wdnhp\" data-generated-css=\"brz-css-jxbiz\">Struktur der photovoltaischen Parksysteme des Carporttyps . Vorgesehen f\u00fcr die Produktion der Elektrizit\u00e4t mit Photovoltaikmodulen.<\/p>\n<\/div>\n<\/div>\n<\/div>\n<div id=\"\" class=\"brz-css-91aqmv brz-wrapper\">\n<div class=\"brz-rich-text brz-rich-text__custom brz-css-1ldnbg7\" data-brz-custom-id=\"skeezjnfyyjxsmexixespovkdvbtfeduejhd\">\n<div data-brz-translate-text=\"1\">\n<p class=\"brz-tp-lg-paragraph brz-css-n_fEt\" data-generated-css=\"brz-css-hcmfo\" data-uniq-id=\"ayzwh\">Hauptvorteile<\/p>\n<\/div>\n<\/div>\n<\/div>\n<div id=\"\" class=\"brz-css-91aqmv brz-wrapper\">\n<div class=\"brz-rich-text brz-rich-text__custom brz-css-1ldnbg7\" data-brz-custom-id=\"qkuwfaxsenelvzemgzbfwichiqfvrswqxdui\">\n<div data-brz-translate-text=\"1\">\n<ul>\n<li class=\"brz-tp-lg-paragraph brz-css-ntgdY\" data-uniq-id=\"wdzhv\" data-generated-css=\"brz-css-xwdnq\">Witterungsschutz<\/li>\n<li class=\"brz-tp-lg-paragraph brz-css-iL06Z\" data-uniq-id=\"zquig\" data-generated-css=\"brz-css-kettt\">Elektrizit\u00e4tproduktion<\/li>\n<li class=\"brz-tp-lg-paragraph brz-css-pjRa4\" data-uniq-id=\"reeaw\" data-generated-css=\"brz-css-dpwvu\">Gebrauch der Fl\u00e4chen die von Fahrzeugen besetzt sind<\/li>\n<li class=\"brz-tp-lg-paragraph brz-css-c13Ek\" data-uniq-id=\"qqolj\" data-generated-css=\"brz-css-bapyk\">Ladung von Elektrofahrzeugen<\/li>\n<li class=\"brz-tp-lg-paragraph brz-css-srOjH\" data-uniq-id=\"lwcxd\" data-generated-css=\"brz-css-ilrcc\">Energieverbrauch f\u00fcr das Haus oder benachbarte Grundst\u00fccke<\/li>\n<\/ul>\n<\/div>\n<\/div>\n<\/div>\n<div class=\"brz-wrapper-clone brz-css-ufi3qj\">\n<div class=\"brz-d-xs-flex brz-flex-xs-wrap brz-css-10vl2b4\" data-brz-custom-id=\"\">\n<div class=\"brz-wrapper-clone__item\" id=\"uyblghprevkgsqscakirtomqnwnrsckxyuqr\"><a class=\"brz-a brz-btn brz-css-1k3au1a brz-css-kby2lh\" href=\"https:\/\/photovoltaic-structures.com\/wp-content\/uploads\/2022\/01\/PV-Parking-Systems-Rufy-Roof-Engineering-\u00a9.pdf\" target=\"_blank\" rel=\"noopener\" data-brz-link-type=\"upload\" data-brz-custom-id=\"uyblghprevkgsqscakirtomqnwnrsckxyuqr\"><span data-brz-translate-text=\"1\" class=\"brz-span brz-text__editor\">Carport Models (download)<\/span><\/a><\/div>\n<\/div>\n<\/div>\n<\/div>\n<\/div>\n<\/div>\n<\/div>\n<div class=\"brz-row__container brz-css-kgc4ei\" data-brz-custom-id=\"aiduebnjakgbycpuwhtjkscxqmzmiluwipvb\">\n<div class=\"brz-bg\"><\/div>\n<div class=\"brz-row brz-css-1w32ni0 brz-css-1cuj2i5\">\n<div class=\"brz-columns brz-css-169yfe9\" data-brz-custom-id=\"bcnemyofawjnhvriyxaongiueoygcjowxjks\">\n<div class=\"brz-bg\"><\/div>\n<div class=\"brz-column__items brz-css-tuq692 brz-css-1b7naw7\">\n<div id=\"\" class=\"brz-css-91aqmv brz-css-tdscmb brz-wrapper\">\n<div class=\"brz-image brz-css-ldtnyq\" data-brz-custom-id=\"dwaorywiavhzmjkohlqqtqgqvvcmriaglrzb\"><img decoding=\"async\" class=\"brz-img\" src=\"https:\/\/photovoltaic-structures.com\/de?tsbuilder_media=wp-8d389f9dc84903647fa65f8b0810d447.jpg&amp;tsbuilder_crop=iW%3D930%26iH%3D698%26oX%3D0%26oY%3D0%26cW%3D930%26cH%3D698\" alt=\"\" loading=\"lazy\" title=\"\"><\/div>\n<\/div>\n<\/div>\n<\/div>\n<div class=\"brz-columns brz-css-169yfe9\" data-brz-custom-id=\"icayxtpavkhxptbxfhalcwrtcsrietotkuby\">\n<div class=\"brz-bg\"><\/div>\n<div class=\"brz-column__items brz-css-tuq692 brz-css-12k6mk0\">\n<div id=\"\" class=\"brz-css-91aqmv brz-css-g9nary brz-wrapper\">\n<div class=\"brz-image brz-css-zza82c\" data-brz-custom-id=\"wywlplchduqithxqupdlghjsgbowupaeibil\"><img decoding=\"async\" class=\"brz-img\" src=\"https:\/\/photovoltaic-structures.com\/de?tsbuilder_media=wp-bb2b9a3e4206b7a71b7674ed309e5c7b.jpg&amp;tsbuilder_crop=iW%3D977%26iH%3D732%26oX%3D23%26oY%3D0%26cW%3D930%26cH%3D732\" alt=\"\" loading=\"lazy\" title=\"\"><\/div>\n<\/div>\n<\/div>\n<\/div>\n<\/div>\n<\/div>\n<\/div>\n<\/div>\n<\/section>\n<section id=\"_cnfmbnekwyiocxwbrfcrfswzpjtmgkscmcqw\" class=\"brz-section brz-css-ajsl0x\">\n<div class=\"brz-section__content brz-section--boxed brz-css-1c3rx8e brz-css-1sku5bd\" data-brz-custom-id=\"wtjnqsfaggofqnxafcqbvgjqmugivvjdpszi\">\n<div class=\"brz-container brz-css-1uluv68\">\n<div id=\"\" class=\"brz-css-91aqmv brz-css-1apf41v brz-wrapper\">\n<div class=\"brz-image brz-css-1d7gk3g\" data-brz-custom-id=\"jdxxxhhlsmamduraufzmjjzjixjkvwidrppm\"><img decoding=\"async\" class=\"brz-img\" src=\"https:\/\/photovoltaic-structures.com\/de?tsbuilder_media=wp-4ee1b714ca1c77cd6b89fdc662014f1c.png&amp;tsbuilder_crop=original\" alt=\"\" loading=\"lazy\" title=\"\"><\/div>\n<\/div>\n<\/div>\n<\/div>\n<\/section>\n<section id=\"_qrytraycvciensmyzffpxftrpeqqcahhebmu\" class=\"brz-section brz-css-ajsl0x\">\n<div class=\"brz-section__content brz-section--fullWidth brz-css-1c3rx8e brz-css-zgz0hb\" data-brz-custom-id=\"gmcrxhjxarzjzuzhvgixujhnufpexndlxdbr\">\n<div class=\"brz-container brz-css-1uluv68 brz-css-cnj6f\">\n<div id=\"\" class=\"brz-css-91aqmv brz-wrapper\">\n<div class=\"brz-rich-text brz-rich-text__custom brz-css-1ldnbg7\" data-brz-custom-id=\"ddtlbazovgjjsgasgqfutomxtlemfqssvxjl\">\n<div data-brz-translate-text=\"1\">\n<h3 class=\"brz-text-lg-center brz-tp-lg-heading3 brz-css-kNfbH\" data-uniq-id=\"jzjgb\" data-generated-css=\"brz-css-qohyc\">Tragwerkmodelle entsprechend der Ausrichtung der Photovoltaikmodule<\/h3>\n<\/div>\n<\/div>\n<\/div>\n<div id=\"\" class=\"brz-css-91aqmv brz-wrapper\">\n<div class=\"brz-line brz-line-default brz-css-73u7tg brz-css-1lofiru\" data-brz-custom-id=\"pzwumdhvzloanlbfucuxpiyuzbxwbsmosrmw\">\n<hr class=\"brz-hr\"><\/div>\n<\/div>\n<div id=\"\" class=\"brz-css-91aqmv brz-css-kkrtft brz-wrapper\">\n<div class=\"brz-spacer brz-css-1cc1tmv\"><\/div>\n<\/div>\n<div class=\"brz-row__container brz-css-kgc4ei\" data-brz-custom-id=\"oaoqycfmhlfhvsudnoknivccdppiehkyztgt\">\n<div class=\"brz-bg\"><\/div>\n<div class=\"brz-row brz-css-1w32ni0\">\n<div class=\"brz-columns brz-css-169yfe9 brz-css-1s8izjd\" data-brz-custom-id=\"vaqhltyrpbfqttnqwzxbhgdufyqoipldehsf\">\n<div class=\"brz-bg\"><\/div>\n<div class=\"brz-column__items brz-css-tuq692\">\n<div id=\"\" class=\"brz-css-91aqmv brz-css-7gozgq brz-wrapper\">\n<div class=\"brz-image brz-css-bac1og\" data-brz-custom-id=\"xfiwrfyzhnhobkrxsdpylmzsqtbgdlzmlgpv\"><img decoding=\"async\" class=\"brz-img\" src=\"https:\/\/photovoltaic-structures.com\/de?tsbuilder_media=wp-a73704a7b1d42494fb7346730d33fe61.jpg&amp;tsbuilder_crop=iW%3D509%26iH%3D761%26oX%3D1%26oY%3D0%26cW%3D506%26cH%3D761\" alt=\"\" loading=\"lazy\" title=\"\"><\/div>\n<\/div>\n<div id=\"\" class=\"brz-css-91aqmv brz-css-kkrtft brz-wrapper\">\n<div class=\"brz-spacer brz-css-1cc1tmv brz-css-15kkfpu\"><\/div>\n<\/div>\n<div id=\"\" class=\"brz-css-91aqmv brz-wrapper\">\n<div class=\"brz-rich-text brz-rich-text__custom brz-css-1ldnbg7\" data-brz-custom-id=\"crmdbzbizdikjgenwmqfeekwvqspeuvpayeb\">\n<div data-brz-translate-text=\"1\">\n<p class=\"brz-text-lg-center brz-tp-lg-heading6 brz-css-tu6l_\" data-uniq-id=\"kdytt\" data-generated-css=\"brz-css-buthj\">Bodenmontierte Tragsysteme f\u00fcr die Einrichtung der Module in Hochformat. Neigungswinkel 10-35 Grad, je nach dem Modell<\/p>\n<\/div>\n<\/div>\n<\/div>\n<\/div>\n<\/div>\n<div class=\"brz-columns brz-css-169yfe9 brz-css-1iy690q\" data-brz-custom-id=\"uxayxcqdcjwdjdhcjvllhgsnwztqyhaqtawk\">\n<div class=\"brz-bg\"><\/div>\n<div class=\"brz-column__items brz-css-tuq692\">\n<div id=\"\" class=\"brz-css-91aqmv brz-css-ypi4b3 brz-wrapper\">\n<div class=\"brz-image brz-css-231t6y\" data-brz-custom-id=\"wbbehbnglolcatncqfzamxfkhltycjarofxv\"><img decoding=\"async\" class=\"brz-img\" src=\"https:\/\/photovoltaic-structures.com\/de?tsbuilder_media=wp-96e0f4689f44f9ba616c689d0bd38de7.jpg&amp;tsbuilder_crop=iW%3D529%26iH%3D762%26oX%3D12%26oY%3D0%26cW%3D506%26cH%3D762\" alt=\"\" loading=\"lazy\" title=\"\"><\/div>\n<\/div>\n<div id=\"\" class=\"brz-css-91aqmv brz-css-kkrtft brz-wrapper\">\n<div class=\"brz-spacer brz-css-1cc1tmv brz-css-7rupgb\"><\/div>\n<\/div>\n<div id=\"\" class=\"brz-css-91aqmv brz-wrapper\">\n<div class=\"brz-rich-text brz-rich-text__custom brz-css-1ldnbg7\" data-brz-custom-id=\"fsqxnnehxkbbmtxqtlnsanvpidfnfyrqvaxu\">\n<div data-brz-translate-text=\"1\">\n<p class=\"brz-text-lg-center brz-tp-lg-heading6 brz-css-sXbsX\" data-uniq-id=\"yzdsm\" data-generated-css=\"brz-css-okdfj\">Bodenmontierte Tragsysteme f\u00fcr die Einrichtung der Module in Breitformat. (Landschaftsformat). Neigungswinkel 10-35 Grad je nach dem Modell<\/p>\n<\/div>\n<\/div>\n<\/div>\n<\/div>\n<\/div>\n<\/div>\n<\/div>\n<\/div>\n<\/div>\n<\/section>\n<section id=\"_jkllplpimvhhuyzdkfjkapawgmkzcdhdaayp\" class=\"brz-section brz-css-ajsl0x\">\n<div class=\"brz-section__content brz-section--fullWidth brz-css-1c3rx8e brz-css-1nzz65q\" data-brz-custom-id=\"ddzjphvrlgpdldoarazohnijvmzonrspvhav\">\n<div class=\"brz-container brz-css-1uluv68 brz-css-astpkd\">\n<div id=\"\" class=\"brz-css-91aqmv brz-wrapper\">\n<div class=\"brz-rich-text brz-rich-text__custom brz-css-1ldnbg7\" data-brz-custom-id=\"hlfhjfinhswankvpamtegsovusoxzkgnlnyo\">\n<div data-brz-translate-text=\"1\">\n<p class=\"brz-tp-lg-heading4 brz-text-lg-center brz-css-oGIAQ\" data-uniq-id=\"rntzp\" data-generated-css=\"brz-css-blmpn\">PROJEKTE<\/p>\n<\/div>\n<\/div>\n<\/div>\n<div id=\"\" class=\"brz-css-91aqmv brz-wrapper\">\n<div class=\"brz-line brz-line-default brz-css-73u7tg brz-css-1u46nkz\" data-brz-custom-id=\"ohcispbvkakwbqwecykfhwbwaekisyrcgraz\">\n<hr class=\"brz-hr\"><\/div>\n<\/div>\n<div id=\"\" class=\"brz-css-91aqmv brz-css-kkrtft brz-wrapper\">\n<div class=\"brz-spacer brz-css-1cc1tmv brz-css-gcxse5\"><\/div>\n<\/div>\n<div id=\"\" class=\"brz-css-91aqmv brz-wrapper\">\n<div data-brz-action=\"click\" class=\"brz-tabs brz-tabs--horizontal brz-tabs--style-1 brz-tabs--left brz-css-1866shv brz-css-190n3lw\" data-brz-custom-id=\"tlhaxybewaplbwagwdjdevfeboumyychserh\">\n<ul class=\"brz-tabs__nav brz-tabs__nav--horizontal brz-tabs__nav--style-1 brz-tabs__nav--left\">\n<li class=\"brz-tabs__nav--item brz-tabs__nav--desktop\">\n<div class=\"brz-tabs__nav--button\"><span data-brz-translate-text=\"1\" class=\"brz-span brz-text__editor\">CARPORT<\/span><\/div>\n<\/li>\n<li class=\"brz-tabs__nav--item brz-tabs__nav--desktop\">\n<div class=\"brz-tabs__nav--button\"><span data-brz-translate-text=\"1\" class=\"brz-span brz-text__editor\">BETON<\/span><\/div>\n<\/li>\n<li class=\"brz-tabs__nav--item brz-tabs__nav--desktop\">\n<div class=\"brz-tabs__nav--button\"><span data-brz-translate-text=\"1\" class=\"brz-span brz-text__editor\">FLACHDACH<\/span><\/div>\n<\/li>\n<li class=\"brz-tabs__nav--item brz-tabs__nav--desktop\">\n<div class=\"brz-tabs__nav--button\"><span data-brz-translate-text=\"1\" class=\"brz-span brz-text__editor\">DACH<\/span><\/div>\n<\/li>\n<li class=\"brz-tabs__nav--item brz-tabs__nav--desktop brz-tabs__nav--active\">\n<div class=\"brz-tabs__nav--button\"><span data-brz-translate-text=\"1\" class=\"brz-span brz-text__editor\">BODENMONTAGE<\/span><\/div>\n<\/li>\n<li class=\"brz-tabs__nav--item brz-tabs__nav--desktop\">\n<div class=\"brz-tabs__nav--button\"><span data-brz-translate-text=\"1\" class=\"brz-span brz-text__editor\">TRACKER<\/span><\/div>\n<\/li>\n<\/ul>\n<div class=\"brz-tabs__content brz-tabs__content--horizontal brz-tabs__content--style-1 brz-tabs__content--left\">\n<div class=\"brz-tabs__items\">\n<div class=\"brz-tabs__nav--mobile\">\n<div class=\"brz-tabs__nav--button\"><span>CARPORT<\/span><\/div>\n<\/div>\n<div class=\"brz-tabs__item--content brz-d-xs-flex brz-flex-xs-column\">\n<div id=\"\" class=\"brz-css-91aqmv brz-css-rh4pza brz-css-hhlfs8 brz-wrapper\">\n<div class=\"brz-posts brz-css-bsfltj brz-css-1azfxzf\" data-brz-custom-id=\"jjipntzcbtnuluifqyfepklicjlkyhzfptvi\">\n<div class=\"brz-posts__wrapper\">\n<div class=\"brz-posts__item\">\n<div class=\"brz-columns brz-css-169yfe9 brz-css-1ts2jox\" data-brz-custom-id=\"lduyrejyixlslfjtfunupvkqaopnrrqhgsjm\">\n<div class=\"brz-bg\"><\/div>\n<div class=\"brz-column__items brz-css-tuq692 brz-css-jaaexq\">\n<div id=\"\" class=\"brz-css-91aqmv brz-css-1ma6se4 brz-wrapper\">\n<div class=\"brz-image brz-css-i8obv2\" data-brz-custom-id=\"aogciuvryntmmztajencitludwlvqnagekca\"><img decoding=\"async\" class=\"brz-img\" src=\"\" alt=\"\" loading=\"lazy\" title=\"\"><\/div>\n<\/div>\n<div id=\"\" class=\"brz-css-91aqmv brz-wrapper\">\n<div class=\"brz-wp-title brz-css-o3t3cn brz-css-1f5njr7 brz-css-1g68263\" data-brz-custom-id=\"aztgvkfpkjjmndtdugbkhqxhwikkaeqpqaqc\"><span class=\"brz-wp-title-content\"><\/span><\/div>\n<\/div>\n<div class=\"brz-wrapper-clone brz-css-ufi3qj\">\n<div class=\"brz-d-xs-flex brz-flex-xs-wrap brz-css-10vl2b4 brz-css-r4s95\" data-brz-custom-id=\"\">\n<div class=\"brz-wrapper-clone__item\" id=\"cmjhmqtcpjgeabfobjfasxqkhbgiiuwbsdnr\"><a class=\"brz-a brz-btn brz-css-1k3au1a brz-css-mp9x9j brz-css-kby2lh brz-css-xzncg5 brz-css-1e4spq4\" href=\"\" target=\"_self\" rel=\"noopener\" data-brz-link-type=\"external\" data-brz-custom-id=\"cmjhmqtcpjgeabfobjfasxqkhbgiiuwbsdnr\"><span data-brz-translate-text=\"1\" class=\"brz-span brz-text__editor\">READ MORE<\/span><\/a><\/div>\n<\/div>\n<\/div>\n<\/div>\n<\/div>\n<\/div>\n<\/div>\n<\/div>\n<\/div>\n<\/div>\n<\/div>\n<div class=\"brz-tabs__items\">\n<div class=\"brz-tabs__nav--mobile\">\n<div class=\"brz-tabs__nav--button\"><span>BETON<\/span><\/div>\n<\/div>\n<div class=\"brz-tabs__item--content brz-d-xs-flex brz-flex-xs-column\">\n<div id=\"\" class=\"brz-css-91aqmv brz-css-rh4pza brz-css-fje4wx brz-wrapper\">\n<div class=\"brz-posts brz-css-bsfltj brz-css-1qukd1z\" data-brz-custom-id=\"hmlswqoomlnkcwugoxaincxgynlrzzmgjczo\">\n<div class=\"brz-posts__wrapper\">\n<div class=\"brz-posts__item\">\n<div class=\"brz-columns brz-css-169yfe9 brz-css-1ts2jox\" data-brz-custom-id=\"ufieuxittumqyfgverpppeijnguvcctvikxn\">\n<div class=\"brz-bg\"><\/div>\n<div class=\"brz-column__items brz-css-tuq692 brz-css-1w0tz3a\">\n<div id=\"\" class=\"brz-css-91aqmv brz-css-1k733ml brz-wrapper\">\n<div class=\"brz-image brz-css-1diun9\" data-brz-custom-id=\"pcjwnqplnmdqjlmhbqoypkjpwbrpvoiprgte\"><img decoding=\"async\" class=\"brz-img\" src=\"\" alt=\"\" loading=\"lazy\" title=\"\"><\/div>\n<\/div>\n<div id=\"\" class=\"brz-css-91aqmv brz-wrapper\">\n<div class=\"brz-wp-title brz-css-o3t3cn brz-css-1f5njr7 brz-css-qruoof\" data-brz-custom-id=\"dpirhvrpnjddfgensiiwebawmlofzjdideul\"><span class=\"brz-wp-title-content\"><\/span><\/div>\n<\/div>\n<div class=\"brz-wrapper-clone brz-css-ufi3qj\">\n<div class=\"brz-d-xs-flex brz-flex-xs-wrap brz-css-10vl2b4 brz-css-1u5hmva\" data-brz-custom-id=\"\">\n<div class=\"brz-wrapper-clone__item\" id=\"saiqedgsnbeiimaayhiatnveeudsujymgeky\"><a class=\"brz-a brz-btn brz-css-1k3au1a brz-css-1fqtz4 brz-css-kby2lh brz-css-xzncg5 brz-css-etgoe3\" href=\"\" target=\"_self\" rel=\"noopener\" data-brz-link-type=\"external\" data-brz-custom-id=\"saiqedgsnbeiimaayhiatnveeudsujymgeky\"><span data-brz-translate-text=\"1\" class=\"brz-span brz-text__editor\">READ MORE<\/span><\/a><\/div>\n<\/div>\n<\/div>\n<\/div>\n<\/div>\n<\/div>\n<\/div>\n<\/div>\n<\/div>\n<\/div>\n<\/div>\n<div class=\"brz-tabs__items\">\n<div class=\"brz-tabs__nav--mobile\">\n<div class=\"brz-tabs__nav--button\"><span>FLACHDACH<\/span><\/div>\n<\/div>\n<div class=\"brz-tabs__item--content brz-d-xs-flex brz-flex-xs-column\">\n<div id=\"\" class=\"brz-css-91aqmv brz-css-rh4pza brz-css-z4jxs4 brz-wrapper\">\n<div class=\"brz-posts brz-css-bsfltj brz-css-kfnawf\" data-brz-custom-id=\"areivxzytyjgdkhpeksaiqmqeqxtqbzmwkzz\">\n<div class=\"brz-posts__wrapper\">\n<div class=\"brz-posts__item\">\n<div class=\"brz-columns brz-css-169yfe9 brz-css-1ts2jox\" data-brz-custom-id=\"rczuhikwofkrywrggltccevqifykduohdgpj\">\n<div class=\"brz-bg\"><\/div>\n<div class=\"brz-column__items brz-css-tuq692 brz-css-cwofqp\">\n<div id=\"\" class=\"brz-css-91aqmv brz-css-gmtyvi brz-wrapper\">\n<div class=\"brz-image brz-css-1uzi7a7\" data-brz-custom-id=\"phdhqvlbynyjnxjzazeuirnxbixczzmtcthl\"><img decoding=\"async\" class=\"brz-img\" src=\"\" alt=\"\" loading=\"lazy\" title=\"\"><\/div>\n<\/div>\n<div id=\"\" class=\"brz-css-91aqmv brz-wrapper\">\n<div class=\"brz-wp-title brz-css-o3t3cn brz-css-1f5njr7 brz-css-rwvlbx\" data-brz-custom-id=\"upelbbffduhzrbeqgsxnvqavpnlprnomvobc\"><span class=\"brz-wp-title-content\"><\/span><\/div>\n<\/div>\n<div class=\"brz-wrapper-clone brz-css-ufi3qj\">\n<div class=\"brz-d-xs-flex brz-flex-xs-wrap brz-css-10vl2b4 brz-css-rur9e9\" data-brz-custom-id=\"\">\n<div class=\"brz-wrapper-clone__item\" id=\"kqdedfonwuvbjyoqfrefqaucravnnymfhrpi\"><a class=\"brz-a brz-btn brz-css-1k3au1a brz-css-1s2a6ht brz-css-kby2lh brz-css-xzncg5 brz-css-1r6c3kc\" href=\"\" target=\"_self\" rel=\"noopener\" data-brz-link-type=\"external\" data-brz-custom-id=\"kqdedfonwuvbjyoqfrefqaucravnnymfhrpi\"><span data-brz-translate-text=\"1\" class=\"brz-span brz-text__editor\">READ MORE<\/span><\/a><\/div>\n<\/div>\n<\/div>\n<\/div>\n<\/div>\n<\/div>\n<\/div>\n<\/div>\n<\/div>\n<\/div>\n<\/div>\n<div class=\"brz-tabs__items\">\n<div class=\"brz-tabs__nav--mobile\">\n<div class=\"brz-tabs__nav--button\"><span>DACH<\/span><\/div>\n<\/div>\n<div class=\"brz-tabs__item--content brz-d-xs-flex brz-flex-xs-column\">\n<div id=\"\" class=\"brz-css-91aqmv brz-css-rh4pza brz-css-1hh8b8h brz-wrapper\">\n<div class=\"brz-posts brz-css-bsfltj brz-css-178htoq\" data-brz-custom-id=\"uvmicpwspmktpfqudlmeqiiwyxqjjetqqynp\">\n<div class=\"brz-posts__wrapper\">\n<div class=\"brz-posts__item\">\n<div class=\"brz-columns brz-css-169yfe9 brz-css-1ts2jox\" data-brz-custom-id=\"dxovoxwkjwjtvctkqlssdandktydzwksxogi\">\n<div class=\"brz-bg\"><\/div>\n<div class=\"brz-column__items brz-css-tuq692 brz-css-e5r7y7\">\n<div id=\"\" class=\"brz-css-91aqmv brz-css-1qhen9m brz-wrapper\">\n<div class=\"brz-image brz-css-dntso5\" data-brz-custom-id=\"tcyfxmsapsspyxstpookescjaikzdzuehrdh\"><img decoding=\"async\" class=\"brz-img\" src=\"\" alt=\"\" loading=\"lazy\" title=\"\"><\/div>\n<\/div>\n<div id=\"\" class=\"brz-css-91aqmv brz-wrapper\">\n<div class=\"brz-wp-title brz-css-o3t3cn brz-css-1f5njr7 brz-css-mjlg5d\" data-brz-custom-id=\"sethtebfxbpsbixhvtkwnhdzbtrnjtlydjjy\"><span class=\"brz-wp-title-content\"><\/span><\/div>\n<\/div>\n<div class=\"brz-wrapper-clone brz-css-ufi3qj\">\n<div class=\"brz-d-xs-flex brz-flex-xs-wrap brz-css-10vl2b4 brz-css-1meda0d\" data-brz-custom-id=\"\">\n<div class=\"brz-wrapper-clone__item\" id=\"gjiscgkhedaicoqalijxbsywbwcrghptywge\"><a class=\"brz-a brz-btn brz-css-1k3au1a brz-css-w6ciaa brz-css-kby2lh brz-css-xzncg5 brz-css-repk5k\" href=\"\" target=\"_self\" rel=\"noopener\" data-brz-link-type=\"external\" data-brz-custom-id=\"gjiscgkhedaicoqalijxbsywbwcrghptywge\"><span data-brz-translate-text=\"1\" class=\"brz-span brz-text__editor\">READ MORE<\/span><\/a><\/div>\n<\/div>\n<\/div>\n<\/div>\n<\/div>\n<\/div>\n<\/div>\n<\/div>\n<\/div>\n<\/div>\n<\/div>\n<div class=\"brz-tabs__items brz-tabs__items--active\">\n<div class=\"brz-tabs__nav--mobile brz-tabs__nav--mobile--active\">\n<div class=\"brz-tabs__nav--button\"><span>BODENMONTAGE<\/span><\/div>\n<\/div>\n<div class=\"brz-tabs__item--content brz-d-xs-flex brz-flex-xs-column\">\n<div id=\"\" class=\"brz-css-91aqmv brz-css-rh4pza brz-css-ttu1j2 brz-wrapper\">\n<div class=\"brz-posts brz-css-bsfltj brz-css-khimvt\" data-brz-custom-id=\"thqskdquzfvyvkeptzgfswhbegjkylerknuf\">\n<div class=\"brz-posts__wrapper\">\n<div class=\"brz-posts__item\">\n<div class=\"brz-columns brz-css-169yfe9 brz-css-1ts2jox\" data-brz-custom-id=\"rcwefqvjexalijfxudffmnlkspqxhsyfqodj\">\n<div class=\"brz-bg\"><\/div>\n<div class=\"brz-column__items brz-css-tuq692 brz-css-vzjp14\">\n<div id=\"\" class=\"brz-css-91aqmv brz-css-eqdt4x brz-wrapper\">\n<div class=\"brz-image brz-css-db1exi\" data-brz-custom-id=\"uzzjqeqwfzsendodnohvejrmaqkzljjvwurg\"><img decoding=\"async\" class=\"brz-img\" src=\"\" alt=\"\" loading=\"lazy\" title=\"\"><\/div>\n<\/div>\n<div id=\"\" class=\"brz-css-91aqmv brz-wrapper\">\n<div class=\"brz-wp-title brz-css-o3t3cn brz-css-1f5njr7 brz-css-7gprvo\" data-brz-custom-id=\"fcnsmogckfsqwxutbhlfbilmdnflncztxvel\"><span class=\"brz-wp-title-content\"><\/span><\/div>\n<\/div>\n<div class=\"brz-wrapper-clone brz-css-ufi3qj\">\n<div class=\"brz-d-xs-flex brz-flex-xs-wrap brz-css-10vl2b4 brz-css-wp7zxn\" data-brz-custom-id=\"\">\n<div class=\"brz-wrapper-clone__item\" id=\"uaefarzeiffdyigpfzhcwysqvqyfzcewdvfq\"><a class=\"brz-a brz-btn brz-css-1k3au1a brz-css-nniz01 brz-css-kby2lh brz-css-xzncg5 brz-css-rz4atj\" href=\"\" target=\"_self\" rel=\"noopener\" data-brz-link-type=\"external\" data-brz-custom-id=\"uaefarzeiffdyigpfzhcwysqvqyfzcewdvfq\"><span data-brz-translate-text=\"1\" class=\"brz-span brz-text__editor\">READ MORE<\/span><\/a><\/div>\n<\/div>\n<\/div>\n<\/div>\n<\/div>\n<\/div>\n<\/div>\n<\/div>\n<\/div>\n<\/div>\n<\/div>\n<div class=\"brz-tabs__items\">\n<div class=\"brz-tabs__nav--mobile\">\n<div class=\"brz-tabs__nav--button\"><span>TRACKER<\/span><\/div>\n<\/div>\n<div class=\"brz-tabs__item--content brz-d-xs-flex brz-flex-xs-column\">\n<div id=\"\" class=\"brz-css-91aqmv brz-css-rh4pza brz-css-frt8oy brz-wrapper\">\n<div class=\"brz-posts brz-css-bsfltj brz-css-18hd84h\" data-brz-custom-id=\"oqsnehbphdcpzcvfbsljywgsqvhxnicfjmnp\">\n<div class=\"brz-posts__wrapper\">\n<div class=\"brz-posts__item\">\n<div class=\"brz-columns brz-css-169yfe9 brz-css-1ts2jox\" data-brz-custom-id=\"ljrhhytuxnzexbqxxkenhksrqeldnnbwpsxq\">\n<div class=\"brz-bg\"><\/div>\n<div class=\"brz-column__items brz-css-tuq692 brz-css-1p7kvdy\">\n<div id=\"\" class=\"brz-css-91aqmv brz-css-1wo98wz brz-wrapper\">\n<div class=\"brz-image brz-css-1srmwh3\" data-brz-custom-id=\"rurnwhcnwinaxuzpebktshbtwnqolhnigros\"><img decoding=\"async\" class=\"brz-img\" src=\"\" alt=\"\" loading=\"lazy\" title=\"\"><\/div>\n<\/div>\n<div id=\"\" class=\"brz-css-91aqmv brz-wrapper\">\n<div class=\"brz-wp-title brz-css-o3t3cn brz-css-1f5njr7 brz-css-19gtmwm\" data-brz-custom-id=\"mbjanbslroyojtdtzwwxhwulyihrpwnddrao\"><span class=\"brz-wp-title-content\"><\/span><\/div>\n<\/div>\n<div class=\"brz-wrapper-clone brz-css-ufi3qj\">\n<div class=\"brz-d-xs-flex brz-flex-xs-wrap brz-css-10vl2b4 brz-css-1v6w68c\" data-brz-custom-id=\"\">\n<div class=\"brz-wrapper-clone__item\" id=\"evpafuhftwjkiomvlemfbsgfiyatrdlwdbrp\"><a class=\"brz-a brz-btn brz-css-1k3au1a brz-css-8ubx2r brz-css-kby2lh brz-css-xzncg5 brz-css-67lo5e\" href=\"\" target=\"_self\" rel=\"noopener\" data-brz-link-type=\"external\" data-brz-custom-id=\"evpafuhftwjkiomvlemfbsgfiyatrdlwdbrp\"><span data-brz-translate-text=\"1\" class=\"brz-span brz-text__editor\">READ MORE<\/span><\/a><\/div>\n<\/div>\n<\/div>\n<\/div>\n<\/div>\n<\/div>\n<\/div>\n<\/div>\n<\/div>\n<\/div>\n<\/div>\n<\/div>\n<\/div>\n<\/div>\n<\/div>\n<\/div>\n<\/section>\n<\/div>\n<p>    <!-- version:1736987690 --><\/p>\n","protected":false},"excerpt":{"rendered":"<p>Photovoltaische Strukturen &#8211; RRE PV\u00a9 \u2013Struktur der Photovoltaischen Parkingsysteme &#8211; Carport Typ Struktur der photovoltaischen Parksysteme des Carporttyps . Vorgesehen f\u00fcr die Produktion der Elektrizit\u00e4t mit Photovoltaikmodulen. Hauptvorteile Witterungsschutz Elektrizit\u00e4tproduktion Gebrauch der Fl\u00e4chen die von Fahrzeugen besetzt sind Ladung von Elektrofahrzeugen Energieverbrauch f\u00fcr das Haus oder benachbarte Grundst\u00fccke Carport Models (download) Tragwerkmodelle entsprechend der Ausrichtung [&hellip;]<\/p>\n","protected":false},"author":1,"featured_media":2796,"parent":0,"menu_order":0,"comment_status":"closed","ping_status":"closed","template":"","meta":{"footnotes":""},"class_list":["post-3317","page","type-page","status-publish","has-post-thumbnail","hentry"],"blocksy_meta":{"styles_descriptor":{"styles":{"desktop":"","tablet":"","mobile":""},"google_fonts":[],"version":6}},"brizy_media":[],"_links":{"self":[{"href":"https:\/\/photovoltaic-structures.com\/de\/wp-json\/wp\/v2\/pages\/3317","targetHints":{"allow":["GET"]}}],"collection":[{"href":"https:\/\/photovoltaic-structures.com\/de\/wp-json\/wp\/v2\/pages"}],"about":[{"href":"https:\/\/photovoltaic-structures.com\/de\/wp-json\/wp\/v2\/types\/page"}],"author":[{"embeddable":true,"href":"https:\/\/photovoltaic-structures.com\/de\/wp-json\/wp\/v2\/users\/1"}],"replies":[{"embeddable":true,"href":"https:\/\/photovoltaic-structures.com\/de\/wp-json\/wp\/v2\/comments?post=3317"}],"version-history":[{"count":0,"href":"https:\/\/photovoltaic-structures.com\/de\/wp-json\/wp\/v2\/pages\/3317\/revisions"}],"wp:featuredmedia":[{"embeddable":true,"href":"https:\/\/photovoltaic-structures.com\/de\/wp-json\/wp\/v2\/media\/2796"}],"wp:attachment":[{"href":"https:\/\/photovoltaic-structures.com\/de\/wp-json\/wp\/v2\/media?parent=3317"}],"curies":[{"name":"wp","href":"https:\/\/api.w.org\/{rel}","templated":true}]}}