{"id":3319,"date":"2022-03-02T08:42:48","date_gmt":"2022-03-02T08:42:48","guid":{"rendered":"https:\/\/photovoltaic-structures.com\/?page_id=3319"},"modified":"2026-04-07T04:08:19","modified_gmt":"2026-04-07T04:08:19","slug":"photovoltaikstrukturen-rre-pv-beton","status":"publish","type":"page","link":"https:\/\/photovoltaic-structures.com\/de\/photovoltaikstrukturen-rre-pv-beton\/","title":{"rendered":"Photovoltaikstrukturen \u2013 RRE PV \u00a9 &#8211; Beton"},"content":{"rendered":"<div class=\"brz-root__container brz-reset-all brz brz-root__container-page\">\n<section id=\"_jvcgocvqquiippnenjsyavkxcrkutlidjklx\" class=\"brz-section brz-css-1gpbokj\">\n<div class=\"brz-section__content brz-section--fullWidth brz-css-barci1 brz-css-vh2c9b\" data-brz-custom-id=\"qauwjvqwxweetexlyegucnnlljniezglgzjz\">\n<div class=\"brz-container brz-css-14bssd8 brz-css-nw6tcp\">\n<div id=\"\" class=\"brz-css-1c9k1ur brz-wrapper\">\n<div class=\"brz-rich-text brz-rich-text__custom brz-css-gz9kd6\" data-brz-custom-id=\"ujmtegyodmijaskbgffjcwbepmtthozgshrn\">\n<div data-brz-translate-text=\"1\">\n<p class=\"brz-text-lg-center brz-tp-lg-heading4 brz-css-jb5IZ\" data-generated-css=\"brz-css-stfwy\" data-uniq-id=\"kugon\">RRE PV\u00a9- Beton \u2013Tragsystem f\u00fcr Photovoltaikmodule<\/p>\n<\/div>\n<\/div>\n<\/div>\n<div class=\"brz-row__container brz-css-1r6pjoa\" data-brz-custom-id=\"pxfogwkxcvksmgcpkojhhfddmchavfnapdbf\">\n<div class=\"brz-bg\"><\/div>\n<div class=\"brz-row brz-css-16ykti8 brz-css-n7dm1a\">\n<div class=\"brz-columns brz-css-16d8cao\" data-brz-custom-id=\"lgdxxkpwxkiarlxdrdofvkfgcktkqqqjifhf\">\n<div class=\"brz-bg\"><\/div>\n<div class=\"brz-column__items brz-css-1hh1bfp brz-css-kplzcv\">\n<div id=\"\" class=\"brz-css-1c9k1ur brz-css-1ibb78w brz-wrapper\">\n<div class=\"brz-image brz-css-k7ajjp\" data-brz-custom-id=\"jxklswabwzswbmhugoldkyqvyarrcucefxow\"><img decoding=\"async\" class=\"brz-img\" src=\"https:\/\/photovoltaic-structures.com\/de?tsbuilder_media=wp-1aac8f2ff3afc03e9224303830f50ab9.jpg&amp;tsbuilder_crop=iW%3D930%26iH%3D617%26oX%3D0%26oY%3D0%26cW%3D930%26cH%3D617\" alt=\"\" loading=\"lazy\" title=\"\"><\/div>\n<\/div>\n<\/div>\n<\/div>\n<div class=\"brz-columns brz-css-16d8cao\" data-brz-custom-id=\"ktvbkfkmuytqyxjuaxozijnbajhdasdtwzxt\">\n<div class=\"brz-bg\"><\/div>\n<div class=\"brz-column__items brz-css-1hh1bfp brz-css-w2ycje\">\n<div id=\"\" class=\"brz-css-1c9k1ur brz-wrapper\">\n<div class=\"brz-rich-text brz-rich-text__custom brz-css-gz9kd6\" data-brz-custom-id=\"wwsdrtnaglaxqemasexmltbsnqljrqpzcuya\">\n<div data-brz-translate-text=\"1\">\n<p class=\"brz-tp-lg-paragraph brz-css-rGA0V\">RRE PV\u00a9 &#8211; Betontragsystem f\u00fcr Photovoltaikmodule, entworfen besonders f\u00fcr Zonen mit schwierigem Gel\u00e4nde wie :  weicher- , sandiger- und steiniger- Boden, Felsenbereich, Meereszone mit sehr salzigem und sandigem Boden oder  ungeniessbarer Boden, oder mit ungen\u00fcgender statischer Belastung.<\/p>\n<p class=\"brz-tp-lg-paragraph brz-css-thYja\"><\/p>\n<p class=\"brz-tp-lg-paragraph brz-css-lycIr\">Dieses Betonsystem- RRE PV\u00a9 basiert auf vorgefertigten-  und Beton-Vorgefertigten Tragsysteme.<\/p>\n<p class=\"brz-tp-lg-paragraph brz-css-jH0_W\">Diese Tragsysteme sind am Boden platziert und danach wird die verzinkte Metallstruktur dar\u00fcber gebaut.<\/p>\n<p class=\"brz-tp-lg-paragraph brz-css-uJEQG\"><\/p>\n<p class=\"brz-tp-lg-paragraph brz-text-lg-justify brz-css-lMIB8\" data-uniq-id=\"ibnyf\" data-generated-css=\"brz-css-iknfq\">Die ideale Konfiguration  ist f\u00fcr die Anbringung der Photovoltaikmodule in einem Abschnitt von 3 Horizontalmodulen.  Nachstehend wird dargestellt wie sie Struktur direkt auf dem Sand, am Schwarzmeerstrand  eingerichtet wird.<\/p>\n<\/div>\n<\/div>\n<\/div>\n<\/div>\n<\/div>\n<\/div>\n<\/div>\n<div class=\"brz-row__container brz-css-1r6pjoa\" data-brz-custom-id=\"bpkxqsqbtgopenbqhlfqlpwntpowboahbsok\">\n<div class=\"brz-bg\"><\/div>\n<div class=\"brz-row brz-css-16ykti8 brz-css-1kiyfrv\">\n<div class=\"brz-columns brz-css-16d8cao\" data-brz-custom-id=\"issnafqdnbemifbkzhcerwkejcfxlsiyfbud\">\n<div class=\"brz-bg\"><\/div>\n<div class=\"brz-column__items brz-css-1hh1bfp brz-css-1hlvbg6\">\n<div id=\"\" class=\"brz-css-1c9k1ur brz-css-zkfhl1 brz-wrapper\">\n<div class=\"brz-image brz-css-x64vtg\" data-brz-custom-id=\"uscsmkchegflmxwmeymihmoszoztraexihmn\"><img decoding=\"async\" class=\"brz-img\" src=\"https:\/\/photovoltaic-structures.com\/de?tsbuilder_media=wp-7e89912f0854d231aa2106a258375036.jpg&amp;tsbuilder_crop=iW%3D930%26iH%3D617%26oX%3D0%26oY%3D0%26cW%3D930%26cH%3D617\" alt=\"\" loading=\"lazy\" title=\"\"><\/div>\n<\/div>\n<\/div>\n<\/div>\n<div class=\"brz-columns brz-css-16d8cao\" data-brz-custom-id=\"ccfqyjhjdcicrwobyzjkthmtgsbvuffsagtd\">\n<div class=\"brz-bg\"><\/div>\n<div class=\"brz-column__items brz-css-1hh1bfp brz-css-85omfr\">\n<div id=\"\" class=\"brz-css-1c9k1ur brz-css-pnac4z brz-wrapper\">\n<div class=\"brz-image brz-css-188ht8b\" data-brz-custom-id=\"ucgmegxhfookzyqufflywhbgfgtaylatkevf\"><img decoding=\"async\" class=\"brz-img\" src=\"https:\/\/photovoltaic-structures.com\/de?tsbuilder_media=wp-853115aaa37cd723eb6fc8d5e9fd5bf0.jpg&amp;tsbuilder_crop=iW%3D930%26iH%3D698%26oX%3D0%26oY%3D42%26cW%3D930%26cH%3D614\" alt=\"\" loading=\"lazy\" title=\"\"><\/div>\n<\/div>\n<\/div>\n<\/div>\n<\/div>\n<\/div>\n<\/div>\n<\/div>\n<\/section>\n<section id=\"_dsixwuybajucgkthaqryokoqzbsjufkpuofs\" class=\"brz-section brz-css-1gpbokj\">\n<div class=\"brz-section__content brz-section--boxed brz-css-barci1 brz-css-19s9tfd\" data-brz-custom-id=\"gcufgtdztociykyaxyaflnoiliwkumueonyc\">\n<div class=\"brz-container brz-css-14bssd8\">\n<div id=\"\" class=\"brz-css-1c9k1ur brz-css-wf85rf brz-wrapper\">\n<div class=\"brz-image brz-css-1w5tcr0\" data-brz-custom-id=\"iwfsakwztkazoqqqgddyhtbgcihssmhnqxlb\"><img decoding=\"async\" class=\"brz-img\" src=\"https:\/\/photovoltaic-structures.com\/de?tsbuilder_media=wp-4ee1b714ca1c77cd6b89fdc662014f1c.png&amp;tsbuilder_crop=original\" alt=\"\" loading=\"lazy\" title=\"\"><\/div>\n<\/div>\n<\/div>\n<\/div>\n<\/section>\n<section id=\"_wkytqdskbdxgupbicxsoexvjkhnokrahwdkz\" class=\"brz-section brz-css-1gpbokj\">\n<div class=\"brz-section__content brz-section--fullWidth brz-css-barci1 brz-css-1odxdn8\" data-brz-custom-id=\"oaallvylykldozijmccghygszqsvjfzhylns\">\n<div class=\"brz-container brz-css-14bssd8 brz-css-1jero70\">\n<div id=\"\" class=\"brz-css-1c9k1ur brz-wrapper\">\n<div class=\"brz-rich-text brz-rich-text__custom brz-css-gz9kd6\" data-brz-custom-id=\"uisvmuqbnininqhkwqyuzsbuhroofyxkgfgs\">\n<div data-brz-translate-text=\"1\">\n<h3 class=\"brz-text-lg-center brz-tp-lg-heading3 brz-css-cNkec\" data-uniq-id=\"jzjgb\" data-generated-css=\"brz-css-qohyc\">Tragwerkmodelle entsprechend der Ausrichtung der Photovoltaikmodule<\/h3>\n<\/div>\n<\/div>\n<\/div>\n<div id=\"\" class=\"brz-css-1c9k1ur brz-wrapper\">\n<div class=\"brz-line brz-line-default brz-css-yfr401 brz-css-x802bw\" data-brz-custom-id=\"okfxezyfztwjaporfwrdokhdoumzgivdfava\">\n<hr class=\"brz-hr\"><\/div>\n<\/div>\n<div id=\"\" class=\"brz-css-1c9k1ur brz-css-1js5tk7 brz-wrapper\">\n<div class=\"brz-spacer brz-css-1bqr205\"><\/div>\n<\/div>\n<div class=\"brz-row__container brz-css-1r6pjoa\" data-brz-custom-id=\"moniglrnfjexfxleynmnetpowjgwfzlwrqmx\">\n<div class=\"brz-bg\"><\/div>\n<div class=\"brz-row brz-css-16ykti8\">\n<div class=\"brz-columns brz-css-16d8cao brz-css-vp2zmu\" data-brz-custom-id=\"envktesfyxrtskriunbaqmxaprjdyngmunad\">\n<div class=\"brz-bg\"><\/div>\n<div class=\"brz-column__items brz-css-1hh1bfp\">\n<div id=\"\" class=\"brz-css-1c9k1ur brz-css-1mg4un brz-wrapper\">\n<div class=\"brz-image brz-css-r0l9cm\" data-brz-custom-id=\"ruwfjdasjukxkibtiskivqgaikhzukfvokwk\"><img decoding=\"async\" class=\"brz-img\" src=\"https:\/\/photovoltaic-structures.com\/de?tsbuilder_media=wp-a73704a7b1d42494fb7346730d33fe61.jpg&amp;tsbuilder_crop=iW%3D509%26iH%3D761%26oX%3D1%26oY%3D0%26cW%3D506%26cH%3D761\" alt=\"\" loading=\"lazy\" title=\"\"><\/div>\n<\/div>\n<div id=\"\" class=\"brz-css-1c9k1ur brz-css-1js5tk7 brz-wrapper\">\n<div class=\"brz-spacer brz-css-1bqr205 brz-css-jksdun\"><\/div>\n<\/div>\n<div id=\"\" class=\"brz-css-1c9k1ur brz-wrapper\">\n<div class=\"brz-rich-text brz-rich-text__custom brz-css-gz9kd6\" data-brz-custom-id=\"pxozazyoxytonxhehejmdmxczhdmwcyfjnsz\">\n<div data-brz-translate-text=\"1\">\n<p class=\"brz-text-lg-center brz-tp-lg-heading6 brz-css-xGXuy\" data-uniq-id=\"kdytt\" data-generated-css=\"brz-css-buthj\">Bodenmontierte Tragsysteme f\u00fcr die Einrichtung der Module in Hochformat. Neigungswinkel 10-35 Grad, je nach dem Modell<\/p>\n<\/div>\n<\/div>\n<\/div>\n<\/div>\n<\/div>\n<div class=\"brz-columns brz-css-16d8cao brz-css-hgtm7d\" data-brz-custom-id=\"gbrmelcjhkkmkmkbvvcfuhrhnxnqufcrjurv\">\n<div class=\"brz-bg\"><\/div>\n<div class=\"brz-column__items brz-css-1hh1bfp\">\n<div id=\"\" class=\"brz-css-1c9k1ur brz-css-1035adm brz-wrapper\">\n<div class=\"brz-image brz-css-1qzxh3w\" data-brz-custom-id=\"ounirfstdpeoxdueepzrpafahbksmcxxxkwu\"><img decoding=\"async\" class=\"brz-img\" src=\"https:\/\/photovoltaic-structures.com\/de?tsbuilder_media=wp-96e0f4689f44f9ba616c689d0bd38de7.jpg&amp;tsbuilder_crop=iW%3D529%26iH%3D762%26oX%3D12%26oY%3D0%26cW%3D506%26cH%3D762\" alt=\"\" loading=\"lazy\" title=\"\"><\/div>\n<\/div>\n<div id=\"\" class=\"brz-css-1c9k1ur brz-css-1js5tk7 brz-wrapper\">\n<div class=\"brz-spacer brz-css-1bqr205 brz-css-q8f25m\"><\/div>\n<\/div>\n<div id=\"\" class=\"brz-css-1c9k1ur brz-wrapper\">\n<div class=\"brz-rich-text brz-rich-text__custom brz-css-gz9kd6\" data-brz-custom-id=\"kcrkkyrawbiduxmkxsfrimcpewbrvkvfmxvv\">\n<div data-brz-translate-text=\"1\">\n<p class=\"brz-text-lg-center brz-tp-lg-heading6 brz-css-uGolA\" data-uniq-id=\"yzdsm\" data-generated-css=\"brz-css-okdfj\">Bodenmontierte Tragsysteme f\u00fcr die Einrichtung der Module in Breitformat. (Landschaftsformat). Neigungswinkel 10-35 Grad je nach dem Modell<\/p>\n<\/div>\n<\/div>\n<\/div>\n<\/div>\n<\/div>\n<\/div>\n<\/div>\n<\/div>\n<\/div>\n<\/section>\n<section id=\"_kioejunokdmpknclvvamuzkktcdadgmrwggg\" class=\"brz-section brz-css-1gpbokj\">\n<div class=\"brz-section__content brz-section--fullWidth brz-css-barci1 brz-css-1b9c01c\" data-brz-custom-id=\"ffdzdfnkdpegqsdckffgibzbggplpwygojgq\">\n<div class=\"brz-container brz-css-14bssd8 brz-css-18caf5j\">\n<div id=\"\" class=\"brz-css-1c9k1ur brz-wrapper\">\n<div class=\"brz-rich-text brz-rich-text__custom brz-css-gz9kd6\" data-brz-custom-id=\"gjoathpqbrlbvyfbvozpyzngrsmvwaaobkbs\">\n<div data-brz-translate-text=\"1\">\n<p class=\"brz-tp-lg-heading4 brz-text-lg-center brz-css-k_44h\" data-uniq-id=\"rntzp\" data-generated-css=\"brz-css-blmpn\">PROJEKTE<\/p>\n<\/div>\n<\/div>\n<\/div>\n<div id=\"\" class=\"brz-css-1c9k1ur brz-wrapper\">\n<div class=\"brz-line brz-line-default brz-css-yfr401 brz-css-yfboiq\" data-brz-custom-id=\"njooyphyohgmdpmvlpabxiqgzinydyemgxgw\">\n<hr class=\"brz-hr\"><\/div>\n<\/div>\n<div id=\"\" class=\"brz-css-1c9k1ur brz-css-1js5tk7 brz-wrapper\">\n<div class=\"brz-spacer brz-css-1bqr205 brz-css-n9ltts\"><\/div>\n<\/div>\n<div id=\"\" class=\"brz-css-1c9k1ur brz-wrapper\">\n<div data-brz-action=\"click\" class=\"brz-tabs brz-tabs--horizontal brz-tabs--style-1 brz-tabs--left brz-css-5bddk0 brz-css-90spy1\" data-brz-custom-id=\"rzlauldzizkxunrzkikhwoiatqiuszbpnlhe\">\n<ul class=\"brz-tabs__nav brz-tabs__nav--horizontal brz-tabs__nav--style-1 brz-tabs__nav--left\">\n<li class=\"brz-tabs__nav--item brz-tabs__nav--desktop\">\n<div class=\"brz-tabs__nav--button\"><span data-brz-translate-text=\"1\" class=\"brz-span brz-text__editor\">CARPORT<\/span><\/div>\n<\/li>\n<li class=\"brz-tabs__nav--item brz-tabs__nav--desktop\">\n<div class=\"brz-tabs__nav--button\"><span data-brz-translate-text=\"1\" class=\"brz-span brz-text__editor\">BETON<\/span><\/div>\n<\/li>\n<li class=\"brz-tabs__nav--item brz-tabs__nav--desktop\">\n<div class=\"brz-tabs__nav--button\"><span data-brz-translate-text=\"1\" class=\"brz-span brz-text__editor\">FLACHDACH<\/span><\/div>\n<\/li>\n<li class=\"brz-tabs__nav--item brz-tabs__nav--desktop\">\n<div class=\"brz-tabs__nav--button\"><span data-brz-translate-text=\"1\" class=\"brz-span brz-text__editor\">DACH<\/span><\/div>\n<\/li>\n<li class=\"brz-tabs__nav--item brz-tabs__nav--desktop brz-tabs__nav--active\">\n<div class=\"brz-tabs__nav--button\"><span data-brz-translate-text=\"1\" class=\"brz-span brz-text__editor\">BODENMONTAGE<\/span><\/div>\n<\/li>\n<li class=\"brz-tabs__nav--item brz-tabs__nav--desktop\">\n<div class=\"brz-tabs__nav--button\"><span data-brz-translate-text=\"1\" class=\"brz-span brz-text__editor\">TRACKER<\/span><\/div>\n<\/li>\n<\/ul>\n<div class=\"brz-tabs__content brz-tabs__content--horizontal brz-tabs__content--style-1 brz-tabs__content--left\">\n<div class=\"brz-tabs__items\">\n<div class=\"brz-tabs__nav--mobile\">\n<div class=\"brz-tabs__nav--button\"><span>CARPORT<\/span><\/div>\n<\/div>\n<div class=\"brz-tabs__item--content brz-d-xs-flex brz-flex-xs-column\">\n<div id=\"\" class=\"brz-css-1c9k1ur brz-css-172hj3v brz-css-lb4z5f brz-wrapper\">\n<div class=\"brz-posts brz-css-1p5qgvr brz-css-bwrhcr\" data-brz-custom-id=\"cqkgfsfeeimtjfbowaytsgsukkcukzerzsam\">\n<div class=\"brz-posts__wrapper\">\n<div class=\"brz-posts__item\">\n<div class=\"brz-columns brz-css-16d8cao brz-css-1bxuoln\" data-brz-custom-id=\"ftwwhhuhkfdhxpglftvgginyqsiulbexlxpq\">\n<div class=\"brz-bg\"><\/div>\n<div class=\"brz-column__items brz-css-1hh1bfp brz-css-1ap8wj4\">\n<div id=\"\" class=\"brz-css-1c9k1ur brz-css-18f3x4o brz-wrapper\">\n<div class=\"brz-image brz-css-1y5uzvf\" data-brz-custom-id=\"ewmutgzstsatbtxyoiqyxyrwltugceoabtzg\"><img decoding=\"async\" class=\"brz-img\" src=\"\" alt=\"\" loading=\"lazy\" title=\"\"><\/div>\n<\/div>\n<div id=\"\" class=\"brz-css-1c9k1ur brz-wrapper\">\n<div class=\"brz-wp-title brz-css-1tflq6l brz-css-tssi7i brz-css-1s5qjzd\" data-brz-custom-id=\"qjdbdhictpddqqsmpoaxwnrqbberdkyxtrxd\"><span class=\"brz-wp-title-content\"><\/span><\/div>\n<\/div>\n<div class=\"brz-wrapper-clone brz-css-1cxnsbq\">\n<div class=\"brz-d-xs-flex brz-flex-xs-wrap brz-css-1chq9cm brz-css-1grzole\" data-brz-custom-id=\"\">\n<div class=\"brz-wrapper-clone__item\" id=\"dxllopvjbfosdceqgxicjsfwcmjvgyvbjdyv\"><a class=\"brz-a brz-btn brz-css-1k7ibl8 brz-css-s7mudc brz-css-19gn95h brz-css-wsxxbu brz-css-cx2uxe\" href=\"\" target=\"_self\" rel=\"noopener\" data-brz-link-type=\"external\" data-brz-custom-id=\"dxllopvjbfosdceqgxicjsfwcmjvgyvbjdyv\"><span data-brz-translate-text=\"1\" class=\"brz-span brz-text__editor\">READ MORE<\/span><\/a><\/div>\n<\/div>\n<\/div>\n<\/div>\n<\/div>\n<\/div>\n<\/div>\n<\/div>\n<\/div>\n<\/div>\n<\/div>\n<div class=\"brz-tabs__items\">\n<div class=\"brz-tabs__nav--mobile\">\n<div class=\"brz-tabs__nav--button\"><span>BETON<\/span><\/div>\n<\/div>\n<div class=\"brz-tabs__item--content brz-d-xs-flex brz-flex-xs-column\">\n<div id=\"\" class=\"brz-css-1c9k1ur brz-css-172hj3v brz-css-yoqzsf brz-wrapper\">\n<div class=\"brz-posts brz-css-1p5qgvr brz-css-11tk7a3\" data-brz-custom-id=\"ufxnkxsqhhwusbzusaibzezlgsuwbjaxfyiv\">\n<div class=\"brz-posts__wrapper\">\n<div class=\"brz-posts__item\">\n<div class=\"brz-columns brz-css-16d8cao brz-css-1bxuoln\" data-brz-custom-id=\"imeuvuvwiqkfnrjjodnzsepygdkcijznfisz\">\n<div class=\"brz-bg\"><\/div>\n<div class=\"brz-column__items brz-css-1hh1bfp brz-css-875znq\">\n<div id=\"\" class=\"brz-css-1c9k1ur brz-css-1g6mznb brz-wrapper\">\n<div class=\"brz-image brz-css-1fn5wgx\" data-brz-custom-id=\"teewlcfaddesktommqvvdwakmamznywoegvt\"><img decoding=\"async\" class=\"brz-img\" src=\"\" alt=\"\" loading=\"lazy\" title=\"\"><\/div>\n<\/div>\n<div id=\"\" class=\"brz-css-1c9k1ur brz-wrapper\">\n<div class=\"brz-wp-title brz-css-1tflq6l brz-css-tssi7i brz-css-it4jm9\" data-brz-custom-id=\"pchejzebguwvkeygmgjpxqgkvbsevxezbxnu\"><span class=\"brz-wp-title-content\"><\/span><\/div>\n<\/div>\n<div class=\"brz-wrapper-clone brz-css-1cxnsbq\">\n<div class=\"brz-d-xs-flex brz-flex-xs-wrap brz-css-1chq9cm brz-css-vyxlu\" data-brz-custom-id=\"\">\n<div class=\"brz-wrapper-clone__item\" id=\"iojtdbsorrhjvkljvdqbduloxnrxhkjqimno\"><a class=\"brz-a brz-btn brz-css-1k7ibl8 brz-css-svr2tm brz-css-19gn95h brz-css-wsxxbu brz-css-15sizjr\" href=\"\" target=\"_self\" rel=\"noopener\" data-brz-link-type=\"external\" data-brz-custom-id=\"iojtdbsorrhjvkljvdqbduloxnrxhkjqimno\"><span data-brz-translate-text=\"1\" class=\"brz-span brz-text__editor\">READ MORE<\/span><\/a><\/div>\n<\/div>\n<\/div>\n<\/div>\n<\/div>\n<\/div>\n<\/div>\n<\/div>\n<\/div>\n<\/div>\n<\/div>\n<div class=\"brz-tabs__items\">\n<div class=\"brz-tabs__nav--mobile\">\n<div class=\"brz-tabs__nav--button\"><span>FLACHDACH<\/span><\/div>\n<\/div>\n<div class=\"brz-tabs__item--content brz-d-xs-flex brz-flex-xs-column\">\n<div id=\"\" class=\"brz-css-1c9k1ur brz-css-172hj3v brz-css-1561r8k brz-wrapper\">\n<div class=\"brz-posts brz-css-1p5qgvr brz-css-1xv129g\" data-brz-custom-id=\"lsmyijsfrbmhyiajcedvyomumuotdganvvuh\">\n<div class=\"brz-posts__wrapper\">\n<div class=\"brz-posts__item\">\n<div class=\"brz-columns brz-css-16d8cao brz-css-1bxuoln\" data-brz-custom-id=\"yswlzkyhgyrdcaeokphpqvnuhbdadcxectyq\">\n<div class=\"brz-bg\"><\/div>\n<div class=\"brz-column__items brz-css-1hh1bfp brz-css-qd9ue3\">\n<div id=\"\" class=\"brz-css-1c9k1ur brz-css-ar97u0 brz-wrapper\">\n<div class=\"brz-image brz-css-v4soas\" data-brz-custom-id=\"qtrsgbgqjnsafrqnzfyyfrfsdbycainlxoil\"><img decoding=\"async\" class=\"brz-img\" src=\"\" alt=\"\" loading=\"lazy\" title=\"\"><\/div>\n<\/div>\n<div id=\"\" class=\"brz-css-1c9k1ur brz-wrapper\">\n<div class=\"brz-wp-title brz-css-1tflq6l brz-css-tssi7i brz-css-1ajyco8\" data-brz-custom-id=\"wxgsycwgscapfjppshnmidiavynqbekmxcet\"><span class=\"brz-wp-title-content\"><\/span><\/div>\n<\/div>\n<div class=\"brz-wrapper-clone brz-css-1cxnsbq\">\n<div class=\"brz-d-xs-flex brz-flex-xs-wrap brz-css-1chq9cm brz-css-12hvs3v\" data-brz-custom-id=\"\">\n<div class=\"brz-wrapper-clone__item\" id=\"iupenmsbevhwvupqvcnnmypszixunpkpqchb\"><a class=\"brz-a brz-btn brz-css-1k7ibl8 brz-css-1f6xnnl brz-css-19gn95h brz-css-wsxxbu brz-css-te511m\" href=\"\" target=\"_self\" rel=\"noopener\" data-brz-link-type=\"external\" data-brz-custom-id=\"iupenmsbevhwvupqvcnnmypszixunpkpqchb\"><span data-brz-translate-text=\"1\" class=\"brz-span brz-text__editor\">READ MORE<\/span><\/a><\/div>\n<\/div>\n<\/div>\n<\/div>\n<\/div>\n<\/div>\n<\/div>\n<\/div>\n<\/div>\n<\/div>\n<\/div>\n<div class=\"brz-tabs__items\">\n<div class=\"brz-tabs__nav--mobile\">\n<div class=\"brz-tabs__nav--button\"><span>DACH<\/span><\/div>\n<\/div>\n<div class=\"brz-tabs__item--content brz-d-xs-flex brz-flex-xs-column\">\n<div id=\"\" class=\"brz-css-1c9k1ur brz-css-172hj3v brz-css-ouqa37 brz-wrapper\">\n<div class=\"brz-posts brz-css-1p5qgvr brz-css-16uihr2\" data-brz-custom-id=\"hitahyzjumryzhlaoeqqkihuusqghylfyrma\">\n<div class=\"brz-posts__wrapper\">\n<div class=\"brz-posts__item\">\n<div class=\"brz-columns brz-css-16d8cao brz-css-1bxuoln\" data-brz-custom-id=\"qrsafsdaeyzwkmqsbxmsheqcfnetwbrmtvja\">\n<div class=\"brz-bg\"><\/div>\n<div class=\"brz-column__items brz-css-1hh1bfp brz-css-2muqx2\">\n<div id=\"\" class=\"brz-css-1c9k1ur brz-css-8hq9se brz-wrapper\">\n<div class=\"brz-image brz-css-1lss6a3\" data-brz-custom-id=\"lqdhzipbyvffydqiprhzmdqevnmzhferwkpx\"><img decoding=\"async\" class=\"brz-img\" src=\"\" alt=\"\" loading=\"lazy\" title=\"\"><\/div>\n<\/div>\n<div id=\"\" class=\"brz-css-1c9k1ur brz-wrapper\">\n<div class=\"brz-wp-title brz-css-1tflq6l brz-css-tssi7i brz-css-svkm8o\" data-brz-custom-id=\"byorxgbvdpsrpewxmfsyldxhuascicgnazyr\"><span class=\"brz-wp-title-content\"><\/span><\/div>\n<\/div>\n<div class=\"brz-wrapper-clone brz-css-1cxnsbq\">\n<div class=\"brz-d-xs-flex brz-flex-xs-wrap brz-css-1chq9cm brz-css-1xneok4\" data-brz-custom-id=\"\">\n<div class=\"brz-wrapper-clone__item\" id=\"fjybakfsrbvbwsfuyopnbydbruovzqbkzswn\"><a class=\"brz-a brz-btn brz-css-1k7ibl8 brz-css-1ovcmii brz-css-19gn95h brz-css-wsxxbu brz-css-z1ht9h\" href=\"\" target=\"_self\" rel=\"noopener\" data-brz-link-type=\"external\" data-brz-custom-id=\"fjybakfsrbvbwsfuyopnbydbruovzqbkzswn\"><span data-brz-translate-text=\"1\" class=\"brz-span brz-text__editor\">READ MORE<\/span><\/a><\/div>\n<\/div>\n<\/div>\n<\/div>\n<\/div>\n<\/div>\n<\/div>\n<\/div>\n<\/div>\n<\/div>\n<\/div>\n<div class=\"brz-tabs__items brz-tabs__items--active\">\n<div class=\"brz-tabs__nav--mobile brz-tabs__nav--mobile--active\">\n<div class=\"brz-tabs__nav--button\"><span>BODENMONTAGE<\/span><\/div>\n<\/div>\n<div class=\"brz-tabs__item--content brz-d-xs-flex brz-flex-xs-column\">\n<div id=\"\" class=\"brz-css-1c9k1ur brz-css-172hj3v brz-css-14kv6pa brz-wrapper\">\n<div class=\"brz-posts brz-css-1p5qgvr brz-css-1vkf4yp\" data-brz-custom-id=\"sfwoxszkfxqrhwdycyvbrmrvcrjslnjumstg\">\n<div class=\"brz-posts__wrapper\">\n<div class=\"brz-posts__item\">\n<div class=\"brz-columns brz-css-16d8cao brz-css-1bxuoln\" data-brz-custom-id=\"gxqbicyysczhxhrdptytdzhjnkrqupnfqfud\">\n<div class=\"brz-bg\"><\/div>\n<div class=\"brz-column__items brz-css-1hh1bfp brz-css-135zrrn\">\n<div id=\"\" class=\"brz-css-1c9k1ur brz-css-n8l3k5 brz-wrapper\">\n<div class=\"brz-image brz-css-1yzsuly\" data-brz-custom-id=\"fefckowtqdceozzmmbtubhzizmnlgnuwwygf\"><img decoding=\"async\" class=\"brz-img\" src=\"\" alt=\"\" loading=\"lazy\" title=\"\"><\/div>\n<\/div>\n<div id=\"\" class=\"brz-css-1c9k1ur brz-wrapper\">\n<div class=\"brz-wp-title brz-css-1tflq6l brz-css-tssi7i brz-css-qwnxoq\" data-brz-custom-id=\"kbjbqaxcvhrvykohvroajgggczhbqscwxdnr\"><span class=\"brz-wp-title-content\"><\/span><\/div>\n<\/div>\n<div class=\"brz-wrapper-clone brz-css-1cxnsbq\">\n<div class=\"brz-d-xs-flex brz-flex-xs-wrap brz-css-1chq9cm brz-css-p4l7u9\" data-brz-custom-id=\"\">\n<div class=\"brz-wrapper-clone__item\" id=\"hyrtneafsbugqzuxwlnmgchzjpvonablvefe\"><a class=\"brz-a brz-btn brz-css-1k7ibl8 brz-css-1usia24 brz-css-19gn95h brz-css-wsxxbu brz-css-6ymnxl\" href=\"\" target=\"_self\" rel=\"noopener\" data-brz-link-type=\"external\" data-brz-custom-id=\"hyrtneafsbugqzuxwlnmgchzjpvonablvefe\"><span data-brz-translate-text=\"1\" class=\"brz-span brz-text__editor\">READ MORE<\/span><\/a><\/div>\n<\/div>\n<\/div>\n<\/div>\n<\/div>\n<\/div>\n<\/div>\n<\/div>\n<\/div>\n<\/div>\n<\/div>\n<div class=\"brz-tabs__items\">\n<div class=\"brz-tabs__nav--mobile\">\n<div class=\"brz-tabs__nav--button\"><span>TRACKER<\/span><\/div>\n<\/div>\n<div class=\"brz-tabs__item--content brz-d-xs-flex brz-flex-xs-column\">\n<div id=\"\" class=\"brz-css-1c9k1ur brz-css-172hj3v brz-css-9sb6xc brz-wrapper\">\n<div class=\"brz-posts brz-css-1p5qgvr brz-css-4mg0y3\" data-brz-custom-id=\"pgvpswtkikxnuuzcozsvcikjiozxdxojxxiv\">\n<div class=\"brz-posts__wrapper\">\n<div class=\"brz-posts__item\">\n<div class=\"brz-columns brz-css-16d8cao brz-css-1bxuoln\" data-brz-custom-id=\"rsqoybicziruvubjoznyzhfzjellmqzrhbmb\">\n<div class=\"brz-bg\"><\/div>\n<div class=\"brz-column__items brz-css-1hh1bfp brz-css-14eddzp\">\n<div id=\"\" class=\"brz-css-1c9k1ur brz-css-ax7u20 brz-wrapper\">\n<div class=\"brz-image brz-css-1gkktfy\" data-brz-custom-id=\"nhegbjskdeibfijqjcrjkwavzbxgxtqasqzn\"><img decoding=\"async\" class=\"brz-img\" src=\"\" alt=\"\" loading=\"lazy\" title=\"\"><\/div>\n<\/div>\n<div id=\"\" class=\"brz-css-1c9k1ur brz-wrapper\">\n<div class=\"brz-wp-title brz-css-1tflq6l brz-css-tssi7i brz-css-1klxouc\" data-brz-custom-id=\"bdiruwcpyntqzhhqocpjilruzojqacuvavbc\"><span class=\"brz-wp-title-content\"><\/span><\/div>\n<\/div>\n<div class=\"brz-wrapper-clone brz-css-1cxnsbq\">\n<div class=\"brz-d-xs-flex brz-flex-xs-wrap brz-css-1chq9cm brz-css-1qml27f\" data-brz-custom-id=\"\">\n<div class=\"brz-wrapper-clone__item\" id=\"pyoldvqlecwzpwkppvpfogwjvprpmajcfsaf\"><a class=\"brz-a brz-btn brz-css-1k7ibl8 brz-css-aysx6f brz-css-19gn95h brz-css-wsxxbu brz-css-3tz7d7\" href=\"\" target=\"_self\" rel=\"noopener\" data-brz-link-type=\"external\" data-brz-custom-id=\"pyoldvqlecwzpwkppvpfogwjvprpmajcfsaf\"><span data-brz-translate-text=\"1\" class=\"brz-span brz-text__editor\">READ MORE<\/span><\/a><\/div>\n<\/div>\n<\/div>\n<\/div>\n<\/div>\n<\/div>\n<\/div>\n<\/div>\n<\/div>\n<\/div>\n<\/div>\n<\/div>\n<\/div>\n<\/div>\n<\/div>\n<\/div>\n<\/section>\n<\/div>\n<p>    <!-- version:1736989203 --><\/p>\n","protected":false},"excerpt":{"rendered":"<p>RRE PV\u00a9- Beton \u2013Tragsystem f\u00fcr Photovoltaikmodule RRE PV\u00a9 &#8211; Betontragsystem f\u00fcr Photovoltaikmodule, entworfen besonders f\u00fcr Zonen mit schwierigem Gel\u00e4nde wie : weicher- , sandiger- und steiniger- Boden, Felsenbereich, Meereszone mit sehr salzigem und sandigem Boden oder ungeniessbarer Boden, oder mit ungen\u00fcgender statischer Belastung. Dieses Betonsystem- RRE PV\u00a9 basiert auf vorgefertigten- und Beton-Vorgefertigten Tragsysteme. Diese Tragsysteme [&hellip;]<\/p>\n","protected":false},"author":1,"featured_media":2774,"parent":0,"menu_order":0,"comment_status":"closed","ping_status":"closed","template":"","meta":{"footnotes":""},"class_list":["post-3319","page","type-page","status-publish","has-post-thumbnail","hentry"],"blocksy_meta":{"styles_descriptor":{"styles":{"desktop":"","tablet":"","mobile":""},"google_fonts":[],"version":6}},"brizy_media":[],"_links":{"self":[{"href":"https:\/\/photovoltaic-structures.com\/de\/wp-json\/wp\/v2\/pages\/3319","targetHints":{"allow":["GET"]}}],"collection":[{"href":"https:\/\/photovoltaic-structures.com\/de\/wp-json\/wp\/v2\/pages"}],"about":[{"href":"https:\/\/photovoltaic-structures.com\/de\/wp-json\/wp\/v2\/types\/page"}],"author":[{"embeddable":true,"href":"https:\/\/photovoltaic-structures.com\/de\/wp-json\/wp\/v2\/users\/1"}],"replies":[{"embeddable":true,"href":"https:\/\/photovoltaic-structures.com\/de\/wp-json\/wp\/v2\/comments?post=3319"}],"version-history":[{"count":0,"href":"https:\/\/photovoltaic-structures.com\/de\/wp-json\/wp\/v2\/pages\/3319\/revisions"}],"wp:featuredmedia":[{"embeddable":true,"href":"https:\/\/photovoltaic-structures.com\/de\/wp-json\/wp\/v2\/media\/2774"}],"wp:attachment":[{"href":"https:\/\/photovoltaic-structures.com\/de\/wp-json\/wp\/v2\/media?parent=3319"}],"curies":[{"name":"wp","href":"https:\/\/api.w.org\/{rel}","templated":true}]}}