{"id":3343,"date":"2022-03-02T08:52:29","date_gmt":"2022-03-02T08:52:29","guid":{"rendered":"https:\/\/photovoltaic-structures.com\/?page_id=3343"},"modified":"2026-04-07T04:07:13","modified_gmt":"2026-04-07T04:07:13","slug":"nutzungsbedingungen","status":"publish","type":"page","link":"https:\/\/photovoltaic-structures.com\/de\/nutzungsbedingungen\/","title":{"rendered":"NUTZUNGSBEDINGUNGEN"},"content":{"rendered":"<div class=\"brz-root__container brz-reset-all brz brz-root__container-page\">\n<section id=\"_iaaxgakrptnrzjrsiuqdkvvmzdhcbufewmwy\" class=\"brz-section brz-css-1co0n1e\">\n<div class=\"brz-section__content brz-section--fullWidth brz-css-15sj82o brz-css-1yl76ss\" data-brz-custom-id=\"yyjysckfnqngmhhfgethtgjzjeuvkuqqdveh\">\n<div class=\"brz-container brz-css-dl8z96 brz-css-u4nfz3\">\n<div id=\"\" class=\"brz-css-vom0q1 brz-wrapper\">\n<div class=\"brz-rich-text brz-rich-text__custom brz-css-11cska6\" data-brz-custom-id=\"jykvmfxzubephgedtbcrqtwcssivnjnwnqpy\">\n<div data-brz-translate-text=\"1\">\n<p class=\"brz-tp-lg-paragraph brz-css-dtdNW\" data-uniq-id=\"hroop\" data-generated-css=\"brz-css-mmprw\">Haftungsausschluss \u2013 Nutzungsbedingungen \u2013 TOU<\/p>\n<p class=\"brz-tp-lg-paragraph brz-css-d0ycp\" data-uniq-id=\"wreuz\" data-generated-css=\"brz-css-uybrd\">\u00dcberblick<\/p>\n<p class=\"brz-tp-lg-paragraph brz-css-oKoiY\" data-uniq-id=\"hjzdh\" data-generated-css=\"brz-css-vixec\">Die folgenden Abs\u00e4tze enthalten Bedingungen einer zwischen Ihnen und Rufy Roof Engineering SRL \u2013 im Folgenden RRE genannt \u2013 abgeschlossenen rechtsg\u00fcltigen Vereinbarung. Indem Sie auf diese Website zugreifen, sie durchsuchen oder nutzen, best\u00e4tigen Sie, dass Sie alle anwendbaren Gesetze und Vorschriften gelesen und verstanden haben und damit einverstanden sind, diese einzuhalten.<\/p>\n<p class=\"brz-tp-lg-paragraph brz-css-kPBxX\" data-uniq-id=\"nugoi\" data-generated-css=\"brz-css-tollo\">RRE kann diese Nutzungsbedingungen und alle anderen auf dieser Website enthaltenen Informationen jederzeit ohne Vorank\u00fcndigung \u00e4ndern, indem sie diese Ver\u00f6ffentlichung aktualisiert. RRE kann au\u00dferdem jederzeit ohne Vorank\u00fcndigung Verbesserungen oder \u00c4nderungen an den auf dieser Website beschriebenen Produkten, Dienstleistungen oder Programmen vornehmen.<\/p>\n<p class=\"brz-tp-lg-paragraph brz-css-wuD2n\" data-uniq-id=\"nugoi\" data-generated-css=\"brz-css-tollo\">\n<p class=\"brz-tp-lg-paragraph brz-css-xPpjP\" data-uniq-id=\"cfojq\" data-generated-css=\"brz-css-qtzft\">Allgemeines<\/p>\n<p class=\"brz-tp-lg-paragraph brz-css-r5fEM\" data-uniq-id=\"syphz\" data-generated-css=\"brz-css-itmrz\">Diese Website enth\u00e4lt Eigentumshinweise und Informationen zum Copyright, deren Bedingungen respektiert und befolgt werden m\u00fcssen. Weitere Informationen finden Sie unter der Registerkarte \u201eCopyright und Schutzmarke\u201c.<\/p>\n<p class=\"brz-tp-lg-paragraph brz-css-pz8dB\" data-uniq-id=\"yckfx\" data-generated-css=\"brz-css-vujif\">Diese Website und alle Inhalte auf dieser Website d\u00fcrfen ohne die vorherige schriftliche Genehmigung von RRE nicht kopiert, wiedergegeben, neu ver\u00f6ffentlicht, hochgeladen, gepostet, \u00fcbertragen, verteilt oder verwendet werden, um abgeleitete Werke zu erstellen, au\u00dfer f\u00fcr den Fall, dass RRE Ihnen ein nicht exklusives, ohne Erlaubnis \u00fcbertragbares, beschr\u00e4nktes Recht gew\u00e4hrt, auf die Webseiten innerhalb dieser Website zuzugreifen und sie ausschlie\u00dflich auf Ihrem Computer anzuzeigen. Ungeachtet des Vorstehenden unterliegen jegliche Software und andere Materialien, die zum Herunterladen, Zugang oder f\u00fcr andere Zwecke auf dieser Website mit ihren eigenen Lizenzbestimmungen, Nutzungsbedingungen und Hinweisen zur Verf\u00fcgung gestellt werden, diesen Lizenzbestimmungen, Nutzungsbedingungen und Hinweisen.<\/p>\n<p class=\"brz-tp-lg-paragraph brz-css-ib8bb\" data-uniq-id=\"ybklg\" data-generated-css=\"brz-css-bzptr\">Ein Versto\u00df gegen die Bestimmungen, Bedingungen und Hinweise auf dieser Website f\u00fchrt zur automatischen Beendigung aller gew\u00e4hrten Rechte ohne Vorank\u00fcndigung, und Sie m\u00fcssen unverz\u00fcglich alle in Ihrem Besitz befindlichen Kopien heruntergeladener Materialien vernichten. Abgesehen von der eingeschr\u00e4nkten Erlaubnis, Webseiten anzuzeigen und Dokumente herunterzuladen, die nur wie im vorherigen Absatz beschrieben verf\u00fcgbar sind, gew\u00e4hrt RRE keine ausdr\u00fccklichen oder implizierten Rechte an Lizenzen, Schutzmarken, Urheberrechten oder anderen geistigen Eigentumsrechten oder materiellem Eigentum.<\/p>\n<p class=\"brz-tp-lg-paragraph brz-css-vsfiM\" data-uniq-id=\"ybklg\" data-generated-css=\"brz-css-bzptr\">\n<p class=\"brz-tp-lg-paragraph brz-css-bK2jR\" data-uniq-id=\"oyitl\" data-generated-css=\"brz-css-zdjaq\">Bestimmte Haftungsausschl\u00fcsse<\/p>\n<p class=\"brz-tp-lg-paragraph brz-css-g1lO_\" data-uniq-id=\"vupta\" data-generated-css=\"brz-css-zladx\">Die Richtigkeit, Aktualit\u00e4t oder Vollst\u00e4ndigkeit der Informationen auf dieser Website wird nicht versprochen oder garantiert, und diese Website kann technische Ungenauigkeiten oder Tipp- oder Schreibfehler enthalten. RRE \u00fcbernimmt keine Verantwortung (und lehnt ausdr\u00fccklich jede Verantwortung ab) f\u00fcr die Aktualisierung der Website, um Informationen auf dem neuesten Stand zu halten oder die Genauigkeit oder Vollst\u00e4ndigkeit der ver\u00f6ffentlichten Informationen sicherzustellen. Dementsprechend sollten Sie die Genauigkeit und Vollst\u00e4ndigkeit aller ver\u00f6ffentlichten Informationen best\u00e4tigen, bevor Sie eine Entscheidung im Zusammenhang mit Dienstleistungen, Produkten oder anderen auf dieser Website beschriebenen Angelegenheiten treffen.<\/p>\n<p class=\"brz-tp-lg-paragraph brz-css-nXPF0\" data-uniq-id=\"iscbk\" data-generated-css=\"brz-css-ljlcx\">RRE gibt keine Zusicherung, dass gemeldete Probleme von RRE gel\u00f6st werden, selbst wenn RRE sich daf\u00fcr entscheidet, Informationen zur L\u00f6sung eines Problems bereitzustellen.<\/p>\n<p class=\"brz-tp-lg-paragraph brz-css-frjks\" data-uniq-id=\"iscbk\" data-generated-css=\"brz-css-ljlcx\">\n<p class=\"brz-tp-lg-paragraph brz-css-tZram\" data-uniq-id=\"wnoxj\" data-generated-css=\"brz-css-xkpvl\">Vertrauliche Informationen<\/p>\n<p class=\"brz-tp-lg-paragraph brz-css-lK3lU\" data-uniq-id=\"pwevy\" data-generated-css=\"brz-css-yffgq\">RRE m\u00f6chte von Ihnen \u00fcber unsere Website keine vertraulichen Informationen oder Eigent\u00fcmer erhalten. Bitte beachten Sie, dass alle an RRE gesendeten Informationen oder Materialien als nicht vertraulich gelten. Durch das Senden von Informationen oder Materialien gew\u00e4hren Sie RRE eine uneingeschr\u00e4nkte, unwiderrufliche Lizenz zum Kopieren, Reproduzieren, Ver\u00f6ffentlichen, Hochladen, Posten, \u00dcbertragen, Verteilen, \u00f6ffentlichen Anzeigen, Auff\u00fchren, Modifizieren, Erstellen abgeleiteter Werke davon und anderweitige kostenlose Nutzung dieser Materialien oder Information. Sie stimmen auch zu, dass es RRE freisteht, Ideen, Konzepte, Know-how oder Techniken, die Sie uns zusenden, f\u00fcr beliebige Zwecke zu verwenden. Wir werden Ihren Namen jedoch nicht ver\u00f6ffentlichen oder anderweitig die Tatsache ver\u00f6ffentlichen, dass Sie Materialien oder andere Informationen an uns \u00fcbermittelt haben. Personenbezogene Daten, die Sie an RRE senden, um Produkte oder Dienstleistungen zu erhalten, werden in \u00dcbereinstimmung mit unseren Datenschutzerkl\u00e4rungen behandelt. Informationen zu den Datenschutzerkl\u00e4rungen von RRE finden Sie unter der Registerkarte \u201eDatenschutz\u201c.<\/p>\n<p class=\"brz-tp-lg-paragraph brz-css-q4tdZ\" data-uniq-id=\"pwevy\" data-generated-css=\"brz-css-yffgq\">\n<p class=\"brz-tp-lg-paragraph brz-css-p39u0\" data-uniq-id=\"hrark\" data-generated-css=\"brz-css-rsjmt\">Weltweit verf\u00fcgbar<\/p>\n<p class=\"brz-tp-lg-paragraph brz-css-oqMR3\" data-uniq-id=\"jkblx\" data-generated-css=\"brz-css-hcvlb\">Die im World Wide Web RRE ver\u00f6ffentlichten Informationen k\u00f6nnen Verweise oder Querverweise auf Produkte enthalten, die weltweit von RRE vermarktet werden, Programme und Dienstleistungen, die in Ihrem Land nicht angek\u00fcndigt oder verf\u00fcgbar sind. Diese Referenzen bedeuten nicht, dass RRE beabsichtigt, solche Produkte, Programme oder Dienstleistungen in Ihrem Land anzuk\u00fcndigen oder verf\u00fcgbar zu machen. Informationen zu den Produkten, Programmen und Dienstleistungen, die Ihnen m\u00f6glicherweise zur Verf\u00fcgung stehen, finden Sie bei der lokalen RRE.<\/p>\n<p class=\"brz-tp-lg-paragraph brz-css-rI0HP\" data-uniq-id=\"jkblx\" data-generated-css=\"brz-css-hcvlb\">\n<p class=\"brz-tp-lg-paragraph brz-css-f2OVC\" data-uniq-id=\"pxzdm\" data-generated-css=\"brz-css-uysvg\">Gesch\u00e4ftsbeziehungen<\/p>\n<p class=\"brz-tp-lg-paragraph brz-css-wPyc2\" data-uniq-id=\"rdohb\" data-generated-css=\"brz-css-dbfaw\">Diese Website kann Links zu Websites oder Referenzen und Ressourcen enthalten, die nicht von RRE stammen. RRE gibt keine Zusicherungen, Gew\u00e4hrleistungen oder Zusicherungen jeglicher Art in Bezug auf Websites oder Ressourcen, die nicht von RRE stammen, von Dritten, auf die von einer Website von RRE aus verwiesen, auf die sie zugegriffen werden kann oder die mit ihr verlinkt sind. Ein Link zu einer Website bedeutet nicht, dass RRE den Inhalt oder die Nutzung der Website oder deren Eigent\u00fcmer unterst\u00fctzt. Dementsprechend erkennen Sie an und stimmen zu, dass RRE nicht f\u00fcr die Verf\u00fcgbarkeit solcher externen Websites oder Ressourcen verantwortlich ist und dass RRE auch nicht verantwortlich oder haftbar ist f\u00fcr Inhalte, Dienstleistungen, Produkte oder andere Materialien, die auf solchen Websites vorhanden sind oder von solchen Websites oder Ressourcen verf\u00fcgbar sind.<\/p>\n<p class=\"brz-tp-lg-paragraph brz-css-vU8l2\" data-uniq-id=\"hufpk\" data-generated-css=\"brz-css-euqjm\">Wenn Sie auf eine Website zugreifen, die nicht von RRE stammt, auch wenn sie das RRE-Logo enth\u00e4lt, beachten Sie bitte, dass sie unabh\u00e4ngig von RRE ist und den Inhalt dieser Website nicht kontrolliert. Es liegt in Ihrer Verantwortung, Vorkehrungen zu treffen, um sich vor Viren, W\u00fcrmern, Trojanern und anderen potenziell zerst\u00f6rerischen Programmen zu sch\u00fctzen und Ihre Informationen so zu sch\u00fctzen, wie Sie es f\u00fcr angemessen halten.<\/p>\n<p class=\"brz-tp-lg-paragraph brz-css-wmE7r\" data-uniq-id=\"hufpk\" data-generated-css=\"brz-css-euqjm\">\n<p class=\"brz-tp-lg-paragraph brz-css-q23Sd\" data-uniq-id=\"oqejy\" data-generated-css=\"brz-css-pubev\">Verlinkung auf diese Website. (Verkn\u00fcpfung)<\/p>\n<p class=\"brz-tp-lg-paragraph brz-css-ni1iL\" data-uniq-id=\"gznaq\" data-generated-css=\"brz-css-dzqvh\">Alle Links zu dieser Website m\u00fcssen von der RRE schriftlich genehmigt werden. Als zus\u00e4tzliche Bedingung f\u00fcr Links zu der von RRE erlaubten Website, erkl\u00e4ren Sie sich damit einverstanden, dass RRE jederzeit nach eigenem Ermessen die Erlaubnis zum Erstellen eines Links zu dieser Website widerrufen kann. In diesem Fall erkl\u00e4ren Sie sich damit einverstanden, alle Links zu dieser Website unverz\u00fcglich zu entfernen und die Verwendung jeglicher Marke RRE einzustellen.<\/p>\n<p class=\"brz-tp-lg-paragraph brz-css-rDmy0\" data-uniq-id=\"gznaq\" data-generated-css=\"brz-css-dzqvh\">\n<p class=\"brz-tp-lg-paragraph brz-css-zTXBj\" data-uniq-id=\"cpqwo\" data-generated-css=\"brz-css-nqjpv\">\u00dcbersetzungen<\/p>\n<p class=\"brz-tp-lg-paragraph brz-css-apZbW\" data-uniq-id=\"uwfbs\" data-generated-css=\"brz-css-ervsh\">Bestimmte Texte auf dieser Website k\u00f6nnen in anderen Sprachen als Rum\u00e4nisch verf\u00fcgbar sein. Der Text kann von einer Person oder ausschlie\u00dflich durch Computersoftware ohne menschliches Eingreifen \u00fcbersetzt werden. Diese \u00dcbersetzungen werden Ihnen als Hilfestellung zur Verf\u00fcgung gestellt und stellen keine Verpflichtungen von RRE hinsichtlich der Genauigkeit oder Vollst\u00e4ndigkeit der \u00dcbersetzung dar, unabh\u00e4ngig davon, ob sie computergeneriert oder von einer Person durchgef\u00fchrt wurde. Weitere Bedingungen finden Sie im nachstehenden Haftungsausschluss.<\/p>\n<p class=\"brz-tp-lg-paragraph brz-css-gRMvY\" data-uniq-id=\"uwfbs\" data-generated-css=\"brz-css-ervsh\">\n<p class=\"brz-tp-lg-paragraph brz-css-zbc55\" data-uniq-id=\"xupsc\" data-generated-css=\"brz-css-shstk\">Haftungsausschluss<\/p>\n<p class=\"brz-tp-lg-paragraph brz-css-kWXh3\" data-uniq-id=\"lmvge\" data-generated-css=\"brz-css-gsrfu\">DIE NUTZUNG DIESER WEBSITE ERFOLGT AUF IHR ALLEINIGES RISIKO. ALLE MATERIALIEN, INFORMATIONEN, PRODUKTE, SOFTWARE, PROGRAMME UND DIENSTLEISTUNGEN WERDEN \u201eWIE BESEHEN\u201c OHNE GEW\u00c4HRLEISTUNG JEGLICHER ART BEREITGESTELLT. OHNE EINSCHR\u00c4NKUNG GIBT RRE KEINE GEW\u00c4HRLEISTUNG ODER GARANTIE, DASS DIESE WEBSITE UNUNTERBROCHEN, FUNKTIONSF\u00c4HIG, SICHER ODER FEHLERFREI IST.<\/p>\n<p class=\"brz-tp-lg-paragraph brz-css-vgjFb\" data-uniq-id=\"vljbb\" data-generated-css=\"brz-css-wkmvr\">Sie verstehen und stimmen zu, dass Sie, wenn Sie Materialien, Informationen, Produkte, Software, Programme oder Dienstleistungen herunterladen oder anderweitig erhalten, dies auf Ihr eigenes Risiko und nach eigener Wahl tun, dass Sie allein f\u00fcr alle daraus resultierenden Sch\u00e4den verantwortlich sind, einschlie\u00dflich Datenverlust oder Sch\u00e4den des Computersystems.<\/p>\n<p class=\"brz-tp-lg-paragraph brz-css-aB7Ep\" data-uniq-id=\"vljbb\" data-generated-css=\"brz-css-wkmvr\">\n<p class=\"brz-tp-lg-paragraph brz-css-sJkYe\" data-uniq-id=\"rkxmi\" data-generated-css=\"brz-css-vjvmx\">HAFTUNGSBESCHR\u00c4NKUNG<\/p>\n<p class=\"brz-tp-lg-paragraph brz-css-rS0LX\" data-uniq-id=\"qngzf\" data-generated-css=\"brz-css-cmgba\">RRE haftet in keinem Fall f\u00fcr irgendeine Partei f\u00fcr direkte, indirekte, zuf\u00e4llige, besondere, exemplarische oder Folgen jeglicher Art, die sich aus der Nutzung dieser Website oder einer Website oder einer verlinkten Website oder Ressource ergeben, auf die verwiesen wird oder auf die hier\u00fcber zugegriffen wird oder f\u00fcr die Nutzung oder das Herunterladen von oder den Zugriff auf Materialien, Informationen, Produkte oder Dienstleistungen, einschlie\u00dflich, aber nicht beschr\u00e4nkt auf entgangenen Gewinn, Betriebsunterbrechung, entgangene Einsparungen oder Verlust von Programmen oder anderen Daten, selbst wenn auf die M\u00f6glichkeit hingewiesen. Dieser Haftungsausschluss gilt f\u00fcr alle Klagegr\u00fcnde, unabh\u00e4ngig davon, ob sie auf Vertrag, Gew\u00e4hrleistung, Schaden oder einer anderen Rechtstheorie beruhen.<\/p>\n<p class=\"brz-tp-lg-paragraph brz-css-k85hb\" data-uniq-id=\"moyeo\" data-generated-css=\"brz-css-hdsaf\">F\u00fcr bestimmte Materialien, Informationen, Produkte, Software und Dienstleistungen, die \u00fcber diese Website angeboten werden, k\u00f6nnen zus\u00e4tzliche oder abweichende Bedingungen und Hinweise gelten. Im Falle eines Konflikts haben solche zus\u00e4tzlichen oder abweichenden Bedingungen und Hinweise Vorrang vor diesen Nutzungsbedingungen.<\/p>\n<\/div>\n<\/div>\n<\/div>\n<\/div>\n<\/div>\n<\/section>\n<\/div>\n<p>    <!-- version:1736980040 --><\/p>\n","protected":false},"excerpt":{"rendered":"<p>Haftungsausschluss \u2013 Nutzungsbedingungen \u2013 TOU \u00dcberblick Die folgenden Abs\u00e4tze enthalten Bedingungen einer zwischen Ihnen und Rufy Roof Engineering SRL \u2013 im Folgenden RRE genannt \u2013 abgeschlossenen rechtsg\u00fcltigen Vereinbarung. Indem Sie auf diese Website zugreifen, sie durchsuchen oder nutzen, best\u00e4tigen Sie, dass Sie alle anwendbaren Gesetze und Vorschriften gelesen und verstanden haben und damit einverstanden sind, [&hellip;]<\/p>\n","protected":false},"author":1,"featured_media":0,"parent":0,"menu_order":0,"comment_status":"closed","ping_status":"closed","template":"","meta":{"footnotes":""},"class_list":["post-3343","page","type-page","status-publish","hentry"],"blocksy_meta":{"styles_descriptor":{"styles":{"desktop":"","tablet":"","mobile":""},"google_fonts":[],"version":6}},"brizy_media":[],"_links":{"self":[{"href":"https:\/\/photovoltaic-structures.com\/de\/wp-json\/wp\/v2\/pages\/3343","targetHints":{"allow":["GET"]}}],"collection":[{"href":"https:\/\/photovoltaic-structures.com\/de\/wp-json\/wp\/v2\/pages"}],"about":[{"href":"https:\/\/photovoltaic-structures.com\/de\/wp-json\/wp\/v2\/types\/page"}],"author":[{"embeddable":true,"href":"https:\/\/photovoltaic-structures.com\/de\/wp-json\/wp\/v2\/users\/1"}],"replies":[{"embeddable":true,"href":"https:\/\/photovoltaic-structures.com\/de\/wp-json\/wp\/v2\/comments?post=3343"}],"version-history":[{"count":0,"href":"https:\/\/photovoltaic-structures.com\/de\/wp-json\/wp\/v2\/pages\/3343\/revisions"}],"wp:attachment":[{"href":"https:\/\/photovoltaic-structures.com\/de\/wp-json\/wp\/v2\/media?parent=3343"}],"curies":[{"name":"wp","href":"https:\/\/api.w.org\/{rel}","templated":true}]}}