{"id":2921,"date":"2022-03-01T15:44:51","date_gmt":"2022-03-01T15:44:51","guid":{"rendered":"https:\/\/photovoltaic-structures.com\/?page_id=2921"},"modified":"2026-04-07T04:34:59","modified_gmt":"2026-04-07T04:34:59","slug":"kapcsolat","status":"publish","type":"page","link":"https:\/\/photovoltaic-structures.com\/hu\/kapcsolat\/","title":{"rendered":"Kapcsolat"},"content":{"rendered":"<div class=\"brz-root__container brz-reset-all brz brz-root__container-page\">\n<section id=\"_uqjhqhxdklufzhjtzofiiszdsqmenqgftpzp\" class=\"brz-section brz-css-o423v4\">\n<div class=\"brz-section__content brz-section--boxed brz-css-1ch8nv3 brz-css-1q793si\" data-brz-custom-id=\"fnzvousjszndfrqqgnznzneyjutdsnfinsfb\">\n<div class=\"brz-bg\">\n<div class=\"brz-bg-color\"><\/div>\n<\/div>\n<div class=\"brz-container brz-css-lp1f2l\">\n<div class=\"brz-row__container brz-css-7w24ze\" data-brz-custom-id=\"goxewbwpesokxecugqujijaxtplizqxpnxnp\">\n<div class=\"brz-bg\"><\/div>\n<div class=\"brz-row brz-css-mpw1wr brz-css-l0dna7\">\n<div class=\"brz-columns brz-css-qvofln brz-css-1h3czsu\" data-brz-custom-id=\"lmkqjyawlwfddoorlvhutxalffassxzduykm\">\n<div class=\"brz-bg\">\n<div class=\"brz-bg-color\"><\/div>\n<\/div>\n<div class=\"brz-column__items brz-css-3gzuc0 brz-css-1ycncx2\">\n<div id=\"\" class=\"brz-css-d8yta3 brz-wrapper\">\n<div class=\"brz-rich-text brz-rich-text__custom brz-css-1udfl7l\" data-brz-custom-id=\"pqvbdmogldimadtolopoersaivwibnqbgzym\">\n<div data-brz-translate-text=\"1\">\n<h3 class=\"brz-text-lg-left brz-tp-lg-heading3 brz-css-awwqa\" data-generated-css=\"brz-css-lyipo\" data-uniq-id=\"keybq\"><span class=\"brz-cp-color3\">Kapcsolat El\u00e9rhet\u0151s\u00e9gek<\/span><\/h3>\n<\/div>\n<\/div>\n<\/div>\n<div id=\"\" class=\"brz-css-d8yta3 brz-css-11ux4xg brz-wrapper\">\n<div class=\"brz-spacer brz-css-6vg7c\"><\/div>\n<\/div>\n<div id=\"\" class=\"brz-css-d8yta3 brz-wrapper\">\n<div class=\"brz-rich-text brz-rich-text__custom brz-css-1udfl7l\" data-brz-custom-id=\"sjkswjakthmbcyhzhrxjxilfndoveroutfto\">\n<div data-brz-translate-text=\"1\">\n<p data-generated-css=\"brz-css-ohtss\" data-uniq-id=\"kgnjb\" class=\"brz-tp-lg-heading6 brz-css-fP6MJ\">RUFY ROOF ENGINEERING SRL<\/p>\n<\/div>\n<\/div>\n<\/div>\n<div id=\"\" class=\"brz-css-d8yta3 brz-wrapper\">\n<div class=\"brz-rich-text brz-rich-text__custom brz-css-1udfl7l\" data-brz-custom-id=\"nixwtddmitkssywjempdezrakgcggbztydsy\">\n<div data-brz-translate-text=\"1\">\n<p class=\"brz-tp-lg-heading6 brz-css-tS34s\" data-uniq-id=\"cujyu\" data-generated-css=\"brz-css-bwrod\">Floreasca Cube \u2013 Business Center<\/p>\n<\/div>\n<\/div>\n<\/div>\n<div id=\"\" class=\"brz-css-d8yta3 brz-wrapper\">\n<div class=\"brz-icon-text brz-css-1cmpmo4 brz-css-9lwjrf\" data-brz-custom-id=\"sztqrkfipikcsckkwmviivnckvbrmspdlebb\">\n<div class=\"brz-icon__container\" data-brz-custom-id=\"hwcagblccgfjuhotwefagymwberdujorkxyl\"><span class=\"brz-icon brz-span brz-css-1jpl8j1 brz-css-cjs7ee\"><\/span><\/div>\n<div class=\"brz-text-btn\">\n<div class=\"brz-rich-text brz-rich-text__custom brz-css-1udfl7l\" data-brz-custom-id=\"cxdnvwuxltxyvpclcflduqrwrzifyogrntur\">\n<div data-brz-translate-text=\"1\">\n<p data-uniq-id=\"kxhwz\" data-generated-css=\"brz-css-ahzzj\" class=\"brz-tp-lg-paragraph brz-css-eowFD\">Calea Floreasca Nr. 169, Corp X, Et.1, Office 14B, Sector 1<\/p>\n<h6 data-generated-css=\"brz-css-qclos\" data-uniq-id=\"suhnw\" class=\"brz-tp-lg-paragraph brz-css-k0ElZ\">RO-014459 Bucharest, Romania<\/h6>\n<\/div>\n<\/div>\n<\/div>\n<\/div>\n<\/div>\n<div id=\"\" class=\"brz-css-d8yta3 brz-wrapper\">\n<div class=\"brz-icon-text brz-css-1cmpmo4 brz-css-1plrfy\" data-brz-custom-id=\"gmqpubnpeaszqtvccqaxcljuxpxazrjradyj\">\n<div class=\"brz-icon__container\" data-brz-custom-id=\"aaagvbievrgbndmqbbsxzxohsqqgiketsznu\"><span class=\"brz-icon brz-span brz-css-1jpl8j1 brz-css-sqj6ra\"><\/span><\/div>\n<div class=\"brz-text-btn\">\n<div class=\"brz-rich-text brz-rich-text__custom brz-css-1udfl7l\" data-brz-custom-id=\"huszavmgishfxsgmfjwmwhrfeywhyzaldhcd\">\n<div data-brz-translate-text=\"1\">\n<h6 class=\"brz-tp-lg-paragraph brz-mt-lg-5 brz-css-jvtQ4\" data-uniq-id=\"zkmmm\" data-generated-css=\"brz-css-ivjmc\"><\/h6>\n<\/div>\n<\/div>\n<\/div>\n<\/div>\n<\/div>\n<div id=\"\" class=\"brz-css-d8yta3 brz-wrapper\">\n<div class=\"brz-icon-text brz-css-1cmpmo4 brz-css-96u9at\" data-brz-custom-id=\"onwxwblciathjlgvrnvsrlbcdcqlpfjigkmo\">\n<div class=\"brz-icon__container\" data-brz-custom-id=\"faudvonjqzuyyidsmvitkjdpjwuzvzshyytc\"><span class=\"brz-icon brz-span brz-css-1jpl8j1 brz-css-1l7tq1p\"><\/span><\/div>\n<div class=\"brz-text-btn\">\n<div class=\"brz-rich-text brz-rich-text__custom brz-css-1udfl7l\" data-brz-custom-id=\"iltdqyxugcdpndvwljghndfsiizkbjotbrri\">\n<div data-brz-translate-text=\"1\">\n<h6 class=\"brz-mt-lg-5 brz-tp-lg-paragraph brz-css-oWNcz\" data-generated-css=\"brz-css-ojilh\" data-uniq-id=\"mvkol\">office@photovoltaic-structures.com<\/h6>\n<\/div>\n<\/div>\n<\/div>\n<\/div>\n<\/div>\n<\/div>\n<\/div>\n<div class=\"brz-columns brz-css-qvofln brz-css-m94dqf\" data-brz-custom-id=\"zbjhohiemizbpapmwncuiwdobqbgowvwqkbc\">\n<div class=\"brz-bg\">\n<div class=\"brz-bg-color\"><\/div>\n<\/div>\n<div class=\"brz-column__items brz-css-3gzuc0 brz-css-hiewlo\">\n<div id=\"\" class=\"brz-css-d8yta3 brz-css-11ux4xg brz-css-d13xv1 brz-wrapper\">\n<div class=\"brz-spacer brz-css-6vg7c brz-css-1pcmvrb\"><\/div>\n<\/div>\n<div id=\"\" class=\"brz-css-d8yta3 brz-css-utu1tr brz-wrapper\">\n<div class=\"brz-map brz-map_styles brz-css-10fbwbt brz-css-3uszn\" data-brz-custom-id=\"hlfmlyldngyhkckppklkgkgvimtynrbnceat\">\n<div class=\"brz-ui-ed-map-content\"><\/div>\n<\/div>\n<\/div>\n<div id=\"\" class=\"brz-css-d8yta3 brz-css-11ux4xg brz-css-1bicn27 brz-wrapper\">\n<div class=\"brz-spacer brz-css-6vg7c brz-css-359h9n\"><\/div>\n<\/div>\n<\/div>\n<\/div>\n<\/div>\n<\/div>\n<div class=\"brz-row__container brz-css-7w24ze\" data-brz-custom-id=\"tziflcgscmugsdgvgfknscfmbrdfxtqzkzss\">\n<div class=\"brz-bg\"><\/div>\n<div class=\"brz-row brz-css-mpw1wr\">\n<div class=\"brz-columns brz-css-qvofln brz-css-wvdiu6\" data-brz-custom-id=\"surwptdbgbnooqoywnssaaexukgscudnqvxe\">\n<div class=\"brz-bg\"><\/div>\n<div class=\"brz-column__items brz-css-3gzuc0\">\n<div id=\"\" class=\"brz-css-d8yta3 brz-wrapper\">\n<div data-brz-form-version=\"2\" class=\"brz-forms2 brz-css-pwah5b\" data-brz-custom-id=\"qfwollpmytwjggbxtjwexmiycxtzpgzqlwiy\">\n<div data-brz-translate-text=\"1\" class=\"brz-forms2__item brz-css-15r7qs6 brz-css-18eijmb\"><\/div>\n<div data-brz-translate-text=\"1\" class=\"brz-forms2__item brz-css-15r7qs6 brz-css-18eijmb\"><\/div>\n<div data-brz-translate-text=\"1\" class=\"brz-forms2__item brz-css-15r7qs6 brz-css-18eijmb\"><\/div>\n<div data-brz-translate-text=\"1\" class=\"brz-forms2__item brz-css-15r7qs6 brz-css-18eijmb brz-css-1tc2vsq\"><textarea id=\"lIBYga_NPhaK_\" name=\"ottmdhaigeqfjbxtfibjprtzooffepujrcsm\" data-brz-type=\"Paragraph\" data-brz-label=\"\u00dczenet\" data-brz-placeholder=\"\u00dczenet\" class=\"brz-textarea brz-forms2__field brz-forms2__field-paragraph\"><\/textarea><\/div>\n<div class=\"brz-forms2 brz-forms2__item brz-forms2__item-button\" data-brz-custom-id=\"qfwollpmytwjggbxtjwexmiycxtzpgzqlwiy\"><button class=\"brz-btn brz-btn-submit brz-css-15i3o0m\" data-brz-custom-id=\"eecyenbmyghhilenahozysxthzeljfqgapjy\"><span data-brz-translate-text=\"1\" class=\"brz-span brz-text__editor\">\u00dcZENET K\u00dcLD\u00c9SE<\/span><\/button><\/div>\n<div class=\"brz-g-recaptcha\" data-sitekey=\"\" data-size=\"invisible\" data-callback=\"brzFormV2Captcha\"><\/div>\n<\/div>\n<\/div>\n<\/div>\n<\/div>\n<\/div>\n<\/div>\n<\/div>\n<\/div>\n<\/section>\n<\/div>\n<p>    <!-- version:1736989561 --><\/p>\n","protected":false},"excerpt":{"rendered":"<p>Kapcsolat El\u00e9rhet\u0151s\u00e9gek RUFY ROOF ENGINEERING SRL Floreasca Cube \u2013 Business Center Calea Floreasca Nr. 169, Corp X, Et.1, Office 14B, Sector 1 RO-014459 Bucharest, Romania office@photovoltaic-structures.com \u00dcZENET K\u00dcLD\u00c9SE<\/p>\n","protected":false},"author":1,"featured_media":0,"parent":0,"menu_order":0,"comment_status":"closed","ping_status":"closed","template":"","meta":{"footnotes":""},"class_list":["post-2921","page","type-page","status-publish","hentry"],"blocksy_meta":{"styles_descriptor":{"styles":{"desktop":"","tablet":"","mobile":""},"google_fonts":[],"version":6}},"brizy_media":[],"_links":{"self":[{"href":"https:\/\/photovoltaic-structures.com\/hu\/wp-json\/wp\/v2\/pages\/2921","targetHints":{"allow":["GET"]}}],"collection":[{"href":"https:\/\/photovoltaic-structures.com\/hu\/wp-json\/wp\/v2\/pages"}],"about":[{"href":"https:\/\/photovoltaic-structures.com\/hu\/wp-json\/wp\/v2\/types\/page"}],"author":[{"embeddable":true,"href":"https:\/\/photovoltaic-structures.com\/hu\/wp-json\/wp\/v2\/users\/1"}],"replies":[{"embeddable":true,"href":"https:\/\/photovoltaic-structures.com\/hu\/wp-json\/wp\/v2\/comments?post=2921"}],"version-history":[{"count":0,"href":"https:\/\/photovoltaic-structures.com\/hu\/wp-json\/wp\/v2\/pages\/2921\/revisions"}],"wp:attachment":[{"href":"https:\/\/photovoltaic-structures.com\/hu\/wp-json\/wp\/v2\/media?parent=2921"}],"curies":[{"name":"wp","href":"https:\/\/api.w.org\/{rel}","templated":true}]}}