{"id":2924,"date":"2022-03-01T15:45:49","date_gmt":"2022-03-01T15:45:49","guid":{"rendered":"https:\/\/photovoltaic-structures.com\/?page_id=2924"},"modified":"2026-04-07T04:37:27","modified_gmt":"2026-04-07T04:37:27","slug":"sutik","status":"publish","type":"page","link":"https:\/\/photovoltaic-structures.com\/hu\/sutik\/","title":{"rendered":"S\u00dcTIK"},"content":{"rendered":"<div class=\"brz-root__container brz-reset-all brz brz-root__container-page\">\n<section id=\"_hziqcwioijjkfxqxzihtiiklvpujalhpzbxn\" class=\"brz-section brz-css-30e5xm\">\n<div class=\"brz-section__content brz-section--fullWidth brz-css-1ls7dh1 brz-css-74c8ea\" data-brz-custom-id=\"cnuuhizcepwhpqczevpmethlinldhchxyogo\">\n<div class=\"brz-container brz-css-rf4hf3 brz-css-339ro3\">\n<div id=\"\" class=\"brz-css-zdrdcp brz-wrapper\">\n<div class=\"brz-rich-text brz-rich-text__custom brz-css-mw5ay0\" data-brz-custom-id=\"rjdrxnrwypvpjcixcaugzoghwzzdpjfrmeoh\">\n<div data-brz-translate-text=\"1\">\n<p class=\"brz-tp-lg-paragraph brz-css-xTaoB\" data-uniq-id=\"hvbnh\" data-generated-css=\"brz-css-mbxdp\">S\u00fctik \u00e9s egy\u00e9b \u00e1ltalunk haszn\u00e1lt technol\u00f3gi\u00e1k<\/p>\n<p class=\"brz-tp-lg-paragraph brz-css-q_zpQ\" data-uniq-id=\"rvnby\" data-generated-css=\"brz-css-jxshx\">S\u00fctiket \u00e9s\/vagy hasonl\u00f3 technol\u00f3gi\u00e1kat haszn\u00e1lunk a v\u00e1s\u00e1rl\u00f3i magatart\u00e1s elemz\u00e9s\u00e9re, a weboldal kezel\u00e9s\u00e9re, a felhaszn\u00e1l\u00f3k mozg\u00e1s\u00e1nak nyomon k\u00f6vet\u00e9s\u00e9re \u00e9s a felhaszn\u00e1l\u00f3kr\u00f3l sz\u00f3l\u00f3 inform\u00e1ci\u00f3k gy\u0171jt\u00e9s\u00e9re.<\/p>\n<p class=\"brz-tp-lg-paragraph brz-css-amLaR\" data-uniq-id=\"yggov\" data-generated-css=\"brz-css-unoms\">Ezt az\u00e9rt tessz\u00fck, hogy szem\u00e9lyre szabjuk \u00e9s jav\u00edtsuk a n\u00e1lunk szerzett tapasztalatait.<\/p>\n<p class=\"brz-tp-lg-paragraph brz-css-oT25v\" data-uniq-id=\"dznme\" data-generated-css=\"brz-css-hvxre\">A s\u00fcti egy apr\u00f3 sz\u00f6veges f\u00e1jl, amelyet az \u00d6n sz\u00e1m\u00edt\u00f3g\u00e9p\u00e9n t\u00e1rolnak.<\/p>\n<p class=\"brz-tp-lg-paragraph brz-css-pZ4d8\" data-uniq-id=\"zicxx\" data-generated-css=\"brz-css-ribmc\">A s\u00fctik olyan inform\u00e1ci\u00f3kat t\u00e1rolnak, amelyek a webhelyek m\u0171k\u00f6d\u00e9s\u00e9t seg\u00edtik.<\/p>\n<p class=\"brz-tp-lg-paragraph brz-css-jg0GP\" data-uniq-id=\"mahrx\" data-generated-css=\"brz-css-kwyba\">Csak mi f\u00e9rhet\u00fcnk hozz\u00e1 a weboldalunk \u00e1ltal l\u00e9trehozott s\u00fctikhez.<\/p>\n<p class=\"brz-tp-lg-paragraph brz-css-dOXuj\" data-uniq-id=\"brpmu\" data-generated-css=\"brz-css-ushmu\">A s\u00fctiket a b\u00f6ng\u00e9sz\u0151 szintj\u00e9n szab\u00e1lyozhatja.<\/p>\n<p class=\"brz-tp-lg-paragraph brz-css-pWWpr\" data-uniq-id=\"xjdxk\" data-generated-css=\"brz-css-sgvdq\">A s\u00fctik letilt\u00e1sa akad\u00e1lyozhatja bizonyos funkci\u00f3k haszn\u00e1lat\u00e1t.<\/p>\n<p class=\"brz-tp-lg-paragraph brz-css-nOLCI\" data-uniq-id=\"hdhqt\" data-generated-css=\"brz-css-xusjr\">A k\u00f6vetkez\u0151k miatt haszn\u00e1lunk s\u00fctiket:<\/p>\n<p class=\"brz-tp-lg-paragraph brz-css-nyaA_\" data-uniq-id=\"bnyyl\" data-generated-css=\"brz-css-mpqqf\">Sz\u00fcks\u00e9ges s\u00fctik \u2013 ezek a s\u00fctik sz\u00fcks\u00e9gesek ahhoz, hogy \u00d6n haszn\u00e1lni tudja weboldalunk n\u00e9h\u00e1ny fontos funkci\u00f3j\u00e1t, p\u00e9ld\u00e1ul a bejelentkez\u00e9st.<\/p>\n<p class=\"brz-tp-lg-paragraph brz-css-faTvm\" data-uniq-id=\"olxpf\" data-generated-css=\"brz-css-mpkhm\">Ezek a s\u00fctik nem gy\u0171jtenek szem\u00e9lyes adatokat.<\/p>\n<p class=\"brz-tp-lg-paragraph brz-css-od4hn\" data-uniq-id=\"skamo\" data-generated-css=\"brz-css-rlurx\">Funkcionalit\u00e1si s\u00fctik \u2013 ezek a s\u00fctik olyan funkci\u00f3kat biztos\u00edtanak, amelyek k\u00e9nyelmesebb\u00e9 teszik szolg\u00e1ltat\u00e1sunk haszn\u00e1lat\u00e1t, \u00e9s lehet\u0151v\u00e9 teszik a szem\u00e9lyre szabottabb funkci\u00f3k biztos\u00edt\u00e1s\u00e1t.<\/p>\n<p class=\"brz-tp-lg-paragraph brz-css-qT5As\" data-uniq-id=\"dvman\" data-generated-css=\"brz-css-yxavn\">P\u00e9ld\u00e1ul megjegyezhetik az \u00d6n nev\u00e9t \u00e9s e-mail c\u00edm\u00e9t a hozz\u00e1sz\u00f3l\u00e1si \u0171rlapokon, hogy a k\u00f6vetkez\u0151 alkalommal ne kelljen \u00fajra megadnia ezeket az adatokat a hozz\u00e1sz\u00f3l\u00e1skor.<\/p>\n<p class=\"brz-tp-lg-paragraph brz-css-bOlZ1\" data-uniq-id=\"upgwz\" data-generated-css=\"brz-css-bphej\">Analitikai s\u00fctik \u2013 ezeket a s\u00fctiket a weboldalunk \u00e9s szolg\u00e1ltat\u00e1saink haszn\u00e1lat\u00e1nak \u00e9s teljes\u00edtm\u00e9ny\u00e9nek nyomon k\u00f6vet\u00e9s\u00e9re haszn\u00e1ljuk.<\/p>\n<p class=\"brz-tp-lg-paragraph brz-css-dRxLV\" data-uniq-id=\"rltls\" data-generated-css=\"brz-css-xgyre\">Rekl\u00e1ms\u00fctik \u2013 ezeket a s\u00fctiket arra haszn\u00e1lj\u00e1k, hogy az \u00d6n sz\u00e1m\u00e1ra relev\u00e1ns \u00e9s az \u00d6n \u00e9rdekl\u0151d\u00e9si k\u00f6r\u00e9nek megfelel\u0151 hirdet\u00e9seket k\u00fcldjenek.<\/p>\n<p class=\"brz-tp-lg-paragraph brz-css-cMy_Y\" data-uniq-id=\"ttwqc\" data-generated-css=\"brz-css-wwhfd\">Ezenk\u00edv\u00fcl arra is szolg\u00e1lnak, hogy korl\u00e1tozz\u00e1k, h\u00e1nyszor l\u00e1that egy hirdet\u00e9st.<\/p>\n<p class=\"brz-tp-lg-paragraph brz-css-aHUBJ\" data-uniq-id=\"ezqpj\" data-generated-css=\"brz-css-wxomo\">Ezeket \u00e1ltal\u00e1ban a hirdet\u00e9si h\u00e1l\u00f3zatok helyezik el a weboldalon a weboldal \u00fczemeltet\u0151j\u00e9nek enged\u00e9ly\u00e9vel.<\/p>\n<p class=\"brz-tp-lg-paragraph brz-css-rzQn2\" data-uniq-id=\"zpbwr\" data-generated-css=\"brz-css-qwzgv\">Ezek a s\u00fctik eml\u00e9keznek arra, hogy \u00d6n megl\u00e1togatott egy webhelyet, \u00e9s ezt az inform\u00e1ci\u00f3t megosztj\u00e1k m\u00e1s szervezetekkel, p\u00e9ld\u00e1ul hirdet\u0151kkel.<\/p>\n<p class=\"brz-tp-lg-paragraph brz-css-aAAog\" data-uniq-id=\"lzwnd\" data-generated-css=\"brz-css-vfpme\">Gyakran a c\u00e9lz\u00e1si vagy hirdet\u00e9si s\u00fctik a m\u00e1sik szervezet \u00e1ltal biztos\u00edtott webhelyfunkci\u00f3khoz kapcsol\u00f3dnak.<\/p>\n<p class=\"brz-tp-lg-paragraph brz-css-jge1b\" data-uniq-id=\"xkxmf\" data-generated-css=\"brz-css-bxbog\">A sz\u00e1m\u00edt\u00f3g\u00e9p\u00e9n t\u00e1rolt s\u00fctiket a b\u00f6ng\u00e9sz\u0151 be\u00e1ll\u00edt\u00e1sain kereszt\u00fcl t\u00e1vol\u00edthatja el.<\/p>\n<p class=\"brz-tp-lg-paragraph brz-css-a0NGs\" data-uniq-id=\"kdqlk\" data-generated-css=\"brz-css-bsebc\">Alternat\u00edvak\u00e9nt ellen\u0151rizhet n\u00e9h\u00e1ny harmadik f\u00e9lt\u0151l sz\u00e1rmaz\u00f3 s\u00fctit egy olyan adatv\u00e9delmi platform haszn\u00e1lat\u00e1val, mint az optout.aboutads.info vagy a youronlinechoices.com.<\/p>\n<p class=\"brz-tp-lg-paragraph brz-css-hJmYG\" data-uniq-id=\"kkkun\" data-generated-css=\"brz-css-gjauz\">A s\u00fctikr\u0151l tov\u00e1bbi inform\u00e1ci\u00f3kat az allaboutcookies.org oldalon tal\u00e1l.<\/p>\n<p class=\"brz-tp-lg-paragraph brz-css-sOX_r\" data-uniq-id=\"kaqog\" data-generated-css=\"brz-css-fcvqv\">Weboldalunk forgalm\u00e1nak m\u00e9r\u00e9s\u00e9re a Google Analytics szolg\u00e1ltat\u00e1st haszn\u00e1ljuk.<\/p>\n<p class=\"brz-tp-lg-paragraph brz-css-nGbvB\" data-uniq-id=\"aqkii\" data-generated-css=\"brz-css-fehvz\">A Google saj\u00e1t adatv\u00e9delmi ir\u00e1nyelvekkel rendelkezik, amelyeket itt tekinthet meg.<\/p>\n<p class=\"brz-tp-lg-paragraph brz-css-emTNZ\" data-uniq-id=\"rnpxl\" data-generated-css=\"brz-css-ysryp\">Ha le szeretne mondani a Google Analytics \u00e1ltali nyomon k\u00f6vet\u00e9sr\u0151l, l\u00e1togasson el a Google Analytics leiratkoz\u00e1si oldal\u00e1ra.<\/p>\n<p class=\"brz-tp-lg-paragraph brz-css-dLb4Y\" data-uniq-id=\"rnpxl\" data-generated-css=\"brz-css-ysryp\">\n<p class=\"brz-tp-lg-paragraph brz-css-qy6Oi\" data-uniq-id=\"nnghe\" data-generated-css=\"brz-css-tiuht\">El\u00e9rhet\u0151s\u00e9gek<\/p>\n<p class=\"brz-tp-lg-paragraph brz-css-mshFt\" data-uniq-id=\"njinf\" data-generated-css=\"brz-css-kmilc\">RUFY ROOF ENGINEERING SRL<\/p>\n<p class=\"brz-tp-lg-paragraph brz-css-nJzXv\" data-uniq-id=\"aojqr\" data-generated-css=\"brz-css-fgbio\">Floreasca Cube \u2013 Business Center<\/p>\n<p class=\"brz-tp-lg-paragraph brz-css-aU_Kl\" data-uniq-id=\"dkjbr\" data-generated-css=\"brz-css-qxbnp\">Calea Floreasca Nr.<\/p>\n<p class=\"brz-tp-lg-paragraph brz-css-bweYr\" data-uniq-id=\"iunbe\" data-generated-css=\"brz-css-egaqk\">169, Corp X, Et.1, Office 14B, Sector 1<\/p>\n<p class=\"brz-tp-lg-paragraph brz-css-iRtmT\" data-uniq-id=\"vqgpg\" data-generated-css=\"brz-css-idkix\">RO-014459 Bukarest, Rom\u00e1nia<\/p>\n<p class=\"brz-tp-lg-paragraph brz-css-bJVRW\" data-uniq-id=\"dytdc\" data-generated-css=\"brz-css-qkgrl\">J40\/10567\/2014<\/p>\n<p class=\"brz-tp-lg-paragraph brz-css-rhjlI\" data-uniq-id=\"apjan\" data-generated-css=\"brz-css-cypcl\">VAT:<\/p>\n<p class=\"brz-tp-lg-paragraph brz-css-lEL8R\" data-uniq-id=\"ihpkl\" data-generated-css=\"brz-css-wquec\">RO 27631607<\/p>\n<p class=\"brz-tp-lg-paragraph brz-css-mIoid\" data-uniq-id=\"jzerz\" data-generated-css=\"brz-css-cvtlu\">Telefon: +40726676633<\/p>\n<p class=\"brz-tp-lg-paragraph brz-css-a_nFB\" data-uniq-id=\"nasyp\" data-generated-css=\"brz-css-kjclf\">Email: office@photovoltaic-structures.com<\/p>\n<p class=\"brz-tp-lg-paragraph brz-css-mqbzt\" data-uniq-id=\"wrpap\" data-generated-css=\"brz-css-ykxmy\">Fel\u00fcgyeleti hat\u00f3s\u00e1g<\/p>\n<p class=\"brz-tp-lg-paragraph brz-css-c6lLw\" data-uniq-id=\"eukaf\" data-generated-css=\"brz-css-jgnkw\">www.dataprotection.ro<\/p>\n<p class=\"brz-tp-lg-paragraph brz-css-vOLcq\" data-uniq-id=\"ahdge\" data-generated-css=\"brz-css-rpglp\">Email: anspdcp@dataprotection.ro<\/p>\n<p class=\"brz-tp-lg-paragraph brz-css-dT8JY\" data-generated-css=\"brz-css-ebgsg\" data-uniq-id=\"mcrlr\">Telefon: +40 21 252 5599<\/p>\n<\/div>\n<\/div>\n<\/div>\n<\/div>\n<\/div>\n<\/section>\n<\/div>\n<p>    <!-- version:1736989580 --><\/p>\n","protected":false},"excerpt":{"rendered":"<p>S\u00fctik \u00e9s egy\u00e9b \u00e1ltalunk haszn\u00e1lt technol\u00f3gi\u00e1k S\u00fctiket \u00e9s\/vagy hasonl\u00f3 technol\u00f3gi\u00e1kat haszn\u00e1lunk a v\u00e1s\u00e1rl\u00f3i magatart\u00e1s elemz\u00e9s\u00e9re, a weboldal kezel\u00e9s\u00e9re, a felhaszn\u00e1l\u00f3k mozg\u00e1s\u00e1nak nyomon k\u00f6vet\u00e9s\u00e9re \u00e9s a felhaszn\u00e1l\u00f3kr\u00f3l sz\u00f3l\u00f3 inform\u00e1ci\u00f3k gy\u0171jt\u00e9s\u00e9re. Ezt az\u00e9rt tessz\u00fck, hogy szem\u00e9lyre szabjuk \u00e9s jav\u00edtsuk a n\u00e1lunk szerzett tapasztalatait. A s\u00fcti egy apr\u00f3 sz\u00f6veges f\u00e1jl, amelyet az \u00d6n sz\u00e1m\u00edt\u00f3g\u00e9p\u00e9n t\u00e1rolnak. A s\u00fctik olyan [&hellip;]<\/p>\n","protected":false},"author":1,"featured_media":0,"parent":0,"menu_order":0,"comment_status":"closed","ping_status":"closed","template":"","meta":{"footnotes":""},"class_list":["post-2924","page","type-page","status-publish","hentry"],"blocksy_meta":{"styles_descriptor":{"styles":{"desktop":"","tablet":"","mobile":""},"google_fonts":[],"version":6}},"brizy_media":[],"_links":{"self":[{"href":"https:\/\/photovoltaic-structures.com\/hu\/wp-json\/wp\/v2\/pages\/2924","targetHints":{"allow":["GET"]}}],"collection":[{"href":"https:\/\/photovoltaic-structures.com\/hu\/wp-json\/wp\/v2\/pages"}],"about":[{"href":"https:\/\/photovoltaic-structures.com\/hu\/wp-json\/wp\/v2\/types\/page"}],"author":[{"embeddable":true,"href":"https:\/\/photovoltaic-structures.com\/hu\/wp-json\/wp\/v2\/users\/1"}],"replies":[{"embeddable":true,"href":"https:\/\/photovoltaic-structures.com\/hu\/wp-json\/wp\/v2\/comments?post=2924"}],"version-history":[{"count":0,"href":"https:\/\/photovoltaic-structures.com\/hu\/wp-json\/wp\/v2\/pages\/2924\/revisions"}],"wp:attachment":[{"href":"https:\/\/photovoltaic-structures.com\/hu\/wp-json\/wp\/v2\/media?parent=2924"}],"curies":[{"name":"wp","href":"https:\/\/api.w.org\/{rel}","templated":true}]}}