{"id":2927,"date":"2022-03-01T15:46:21","date_gmt":"2022-03-01T15:46:21","guid":{"rendered":"https:\/\/photovoltaic-structures.com\/?page_id=2927"},"modified":"2026-04-07T04:44:23","modified_gmt":"2026-04-07T04:44:23","slug":"szerzoi-jog","status":"publish","type":"page","link":"https:\/\/photovoltaic-structures.com\/hu\/szerzoi-jog\/","title":{"rendered":"SZERZ\u0150I JOG"},"content":{"rendered":"<div class=\"brz-root__container brz-reset-all brz brz-root__container-page\">\n<section id=\"_ebcuzkwjscymlmcdlalmofgjkrtllebgbwbk\" class=\"brz-section brz-css-1p2yj02\">\n<div class=\"brz-section__content brz-section--fullWidth brz-css-bg0aeh brz-css-18921kr\" data-brz-custom-id=\"consltdmkrdteuhftphhcaaloftgnnxzlyxe\">\n<div class=\"brz-container brz-css-18kjb8r brz-css-1revyw5\">\n<div id=\"\" class=\"brz-css-1czxeu brz-wrapper\">\n<div class=\"brz-rich-text brz-rich-text__custom brz-css-1j8akhr\" data-brz-custom-id=\"tvqolqskkdkthckolfthnumjujoxofmbhkyt\">\n<div data-brz-translate-text=\"1\">\n<h2 class=\"brz-tp-lg-heading4 brz-css-hJsWx\" data-uniq-id=\"eokzm\" data-generated-css=\"brz-css-aoxot\">SZERZ\u0150I JOG \u00a9<\/h2>\n<p class=\"brz-tp-lg-paragraph brz-css-qRk0k\" data-generated-css=\"brz-css-dxygh\" data-uniq-id=\"nqaof\">Az oldal tartalma, mint p\u00e9ld\u00e1ul a sz\u00f6veg, grafika, ikonok, gombok \u00e9s k\u00e9pek a Rufy Roof Engineering SRL tulajdon\u00e1t k\u00e9pezik, \u00e9s a nemzetk\u00f6zi szerz\u0151i jogi t\u00f6rv\u00e9nyek v\u00e9delme alatt \u00e1llnak.<\/p>\n<p class=\"brz-tp-lg-paragraph brz-css-hhLXP\" data-uniq-id=\"sfher\" data-generated-css=\"brz-css-yyetq\">Az ezen a weboldalon l\u00e1that\u00f3 fot\u00f3k teljes eg\u00e9sz\u00e9ben a Rufy Roof Engineering SRL \u00e1ltal k\u00e9sz\u00fcltek \u00e9s tulajdon\u00e1ban \u00e1llnak, munk\u00e1ik pedig befejezett vagy folyamatban l\u00e9v\u0151 munk\u00e1k.<\/p>\n<p class=\"brz-tp-lg-paragraph brz-css-vHYhk\" data-uniq-id=\"garas\" data-generated-css=\"brz-css-kiipg\"><\/p>\n<p data-uniq-id=\"awzth\" data-generated-css=\"brz-css-eugir\" class=\"brz-tp-lg-heading4 brz-css-bt91O\">V\u00c9DJEGY\u00ae<\/p>\n<p class=\"brz-tp-lg-paragraph brz-css-eValf\">Az RRE \u00e9s a TANK PV\u00ae \u00e9s a Rufy Roof Engineering SRL a Rufy Roof Engineering SRL v\u00e9djegye.<\/p>\n<p class=\"brz-tp-lg-paragraph brz-css-j4Ryo\">Az RRE , a TANK PV\u00ae \u00e9s a Rufy Roof Engineering SRL m\u00e1rka nem haszn\u00e1lhat\u00f3 olyan term\u00e9kkel vagy szolg\u00e1ltat\u00e1ssal kapcsolatban, amely val\u00f3sz\u00edn\u0171leg \u00f6sszet\u00e9veszthet\u0151 a v\u00e1s\u00e1rl\u00f3k k\u00f6r\u00e9ben, vagy b\u00e1rmilyen m\u00e1s, a Rufy Roof Engineering SRL-t lej\u00e1rat\u00f3 m\u00f3don.<\/p>\n<p class=\"brz-tp-lg-paragraph brz-css-c4HDq\" data-generated-css=\"brz-css-kuijw\" data-uniq-id=\"jbpfj\">Minden m\u00e1s, ezen az oldalon megjelen\u0151 m\u00e1rkan\u00e9v \u00e9s v\u00e9djegy az adott tulajdonosok tulajdon\u00e1t k\u00e9pezi.<\/p>\n<\/div>\n<\/div>\n<\/div>\n<\/div>\n<\/div>\n<\/section>\n<\/div>\n<p>    <!-- version:1736990028 --><\/p>\n","protected":false},"excerpt":{"rendered":"<p>SZERZ\u0150I JOG \u00a9 Az oldal tartalma, mint p\u00e9ld\u00e1ul a sz\u00f6veg, grafika, ikonok, gombok \u00e9s k\u00e9pek a Rufy Roof Engineering SRL tulajdon\u00e1t k\u00e9pezik, \u00e9s a nemzetk\u00f6zi szerz\u0151i jogi t\u00f6rv\u00e9nyek v\u00e9delme alatt \u00e1llnak. Az ezen a weboldalon l\u00e1that\u00f3 fot\u00f3k teljes eg\u00e9sz\u00e9ben a Rufy Roof Engineering SRL \u00e1ltal k\u00e9sz\u00fcltek \u00e9s tulajdon\u00e1ban \u00e1llnak, munk\u00e1ik pedig befejezett vagy folyamatban l\u00e9v\u0151 [&hellip;]<\/p>\n","protected":false},"author":1,"featured_media":0,"parent":0,"menu_order":0,"comment_status":"closed","ping_status":"closed","template":"","meta":{"footnotes":""},"class_list":["post-2927","page","type-page","status-publish","hentry"],"blocksy_meta":{"styles_descriptor":{"styles":{"desktop":"","tablet":"","mobile":""},"google_fonts":[],"version":6}},"brizy_media":[],"_links":{"self":[{"href":"https:\/\/photovoltaic-structures.com\/hu\/wp-json\/wp\/v2\/pages\/2927","targetHints":{"allow":["GET"]}}],"collection":[{"href":"https:\/\/photovoltaic-structures.com\/hu\/wp-json\/wp\/v2\/pages"}],"about":[{"href":"https:\/\/photovoltaic-structures.com\/hu\/wp-json\/wp\/v2\/types\/page"}],"author":[{"embeddable":true,"href":"https:\/\/photovoltaic-structures.com\/hu\/wp-json\/wp\/v2\/users\/1"}],"replies":[{"embeddable":true,"href":"https:\/\/photovoltaic-structures.com\/hu\/wp-json\/wp\/v2\/comments?post=2927"}],"version-history":[{"count":0,"href":"https:\/\/photovoltaic-structures.com\/hu\/wp-json\/wp\/v2\/pages\/2927\/revisions"}],"wp:attachment":[{"href":"https:\/\/photovoltaic-structures.com\/hu\/wp-json\/wp\/v2\/media?parent=2927"}],"curies":[{"name":"wp","href":"https:\/\/api.w.org\/{rel}","templated":true}]}}