{"id":3032,"date":"2022-03-01T16:35:04","date_gmt":"2022-03-01T16:35:04","guid":{"rendered":"https:\/\/photovoltaic-structures.com\/?page_id=3032"},"modified":"2026-04-07T04:54:38","modified_gmt":"2026-04-07T04:54:38","slug":"gdpr","status":"publish","type":"page","link":"https:\/\/photovoltaic-structures.com\/hu\/gdpr\/","title":{"rendered":"GDPR"},"content":{"rendered":"<div class=\"brz-root__container brz-reset-all brz brz-root__container-page\">\n<section id=\"_amcfyrecwktmylyvunggcphosbxchrxrotqv\" class=\"brz-section brz-css-1u0727t\">\n<div class=\"brz-section__content brz-section--fullWidth brz-css-1qrorv3 brz-css-1pyu9ab\" data-brz-custom-id=\"trtafmwqzrdludxmszeolrvrodxbcbiatrcm\">\n<div class=\"brz-container brz-css-yigr2e brz-css-1anh6j8\">\n<div id=\"\" class=\"brz-css-99vwdf brz-wrapper\">\n<div class=\"brz-rich-text brz-rich-text__custom brz-css-bpiqh5\" data-brz-custom-id=\"eudyzlciqyqaqfmprtyiedjbkekfslwclwvu\">\n<div data-brz-translate-text=\"1\">\n<p class=\"brz-tp-lg-paragraph brz-css-a0IpU\" data-uniq-id=\"rlkws\" data-generated-css=\"brz-css-losyw\">Az \u00e1ltal\u00e1nos adatv\u00e9delmi rendelet (GDPR) az Eur\u00f3pai Uni\u00f3 \u00faj adatv\u00e9delmi t\u00f6rv\u00e9nye.<\/p>\n<p class=\"brz-tp-lg-paragraph brz-css-wyCv8\" data-uniq-id=\"orwfu\" data-generated-css=\"brz-css-oudhq\">C\u00e9lja, hogy az emberek nagyobb ellen\u0151rz\u00e9st gyakorolhassanak szem\u00e9lyes adataik felett, \u00e9s \u00faj k\u00f6telezetts\u00e9geket r\u00f3 az adatokat gy\u0171jt\u0151, kezel\u0151 vagy elemz\u0151 szervezetekre, bele\u00e9rtve az EU-n k\u00edv\u00fcli szervezeteket is.<\/p>\n<p class=\"brz-tp-lg-paragraph brz-css-p5q31\" data-uniq-id=\"dknre\" data-generated-css=\"brz-css-fhsjy\">A GDPR 2018. m\u00e1jus 25-\u00e9n l\u00e9pett hat\u00e1lyba.<\/p>\n<\/div>\n<\/div>\n<\/div>\n<\/div>\n<\/div>\n<\/section>\n<\/div>\n<p>    <!-- version:1736992146 --><\/p>\n","protected":false},"excerpt":{"rendered":"<p>Az \u00e1ltal\u00e1nos adatv\u00e9delmi rendelet (GDPR) az Eur\u00f3pai Uni\u00f3 \u00faj adatv\u00e9delmi t\u00f6rv\u00e9nye. C\u00e9lja, hogy az emberek nagyobb ellen\u0151rz\u00e9st gyakorolhassanak szem\u00e9lyes adataik felett, \u00e9s \u00faj k\u00f6telezetts\u00e9geket r\u00f3 az adatokat gy\u0171jt\u0151, kezel\u0151 vagy elemz\u0151 szervezetekre, bele\u00e9rtve az EU-n k\u00edv\u00fcli szervezeteket is. A GDPR 2018. m\u00e1jus 25-\u00e9n l\u00e9pett hat\u00e1lyba.<\/p>\n","protected":false},"author":1,"featured_media":0,"parent":0,"menu_order":0,"comment_status":"closed","ping_status":"closed","template":"","meta":{"footnotes":""},"class_list":["post-3032","page","type-page","status-publish","hentry"],"blocksy_meta":{"styles_descriptor":{"styles":{"desktop":"","tablet":"","mobile":""},"google_fonts":[],"version":6}},"brizy_media":[],"_links":{"self":[{"href":"https:\/\/photovoltaic-structures.com\/hu\/wp-json\/wp\/v2\/pages\/3032","targetHints":{"allow":["GET"]}}],"collection":[{"href":"https:\/\/photovoltaic-structures.com\/hu\/wp-json\/wp\/v2\/pages"}],"about":[{"href":"https:\/\/photovoltaic-structures.com\/hu\/wp-json\/wp\/v2\/types\/page"}],"author":[{"embeddable":true,"href":"https:\/\/photovoltaic-structures.com\/hu\/wp-json\/wp\/v2\/users\/1"}],"replies":[{"embeddable":true,"href":"https:\/\/photovoltaic-structures.com\/hu\/wp-json\/wp\/v2\/comments?post=3032"}],"version-history":[{"count":0,"href":"https:\/\/photovoltaic-structures.com\/hu\/wp-json\/wp\/v2\/pages\/3032\/revisions"}],"wp:attachment":[{"href":"https:\/\/photovoltaic-structures.com\/hu\/wp-json\/wp\/v2\/media?parent=3032"}],"curies":[{"name":"wp","href":"https:\/\/api.w.org\/{rel}","templated":true}]}}