{"id":3051,"date":"2022-03-01T16:41:13","date_gmt":"2022-03-01T16:41:13","guid":{"rendered":"https:\/\/photovoltaic-structures.com\/?page_id=3051"},"modified":"2026-04-07T04:55:14","modified_gmt":"2026-04-07T04:55:14","slug":"fotovoltaikus-szerkezetek-rre-pv-speed-one","status":"publish","type":"page","link":"https:\/\/photovoltaic-structures.com\/hu\/fotovoltaikus-szerkezetek-rre-pv-speed-one\/","title":{"rendered":"Fotovoltaikus szerkezetek \u2013 RRE PV\u00a9 \u2013 SPEED ONE"},"content":{"rendered":"<div class=\"brz-root__container brz-reset-all brz brz-root__container-page\">\n<section id=\"_fmpewlplabaxinduqyseecfczgwgkvexxgmf\" class=\"brz-section brz-css-16lx40s\">\n<div class=\"brz-section__content brz-section--fullWidth brz-css-pi21kk brz-css-1fxik5j\" data-brz-custom-id=\"anzvsjtctqjabsznhykjzyetikflamiuoyvj\">\n<div class=\"brz-container brz-css-2ltasu brz-css-1xz1rfz\">\n<div id=\"\" class=\"brz-css-1ko6se2 brz-wrapper\">\n<div class=\"brz-rich-text brz-rich-text__custom brz-css-vhn35z\" data-brz-custom-id=\"ntfftdnfknzilvtrghqthqmejwhnrywhuyfu\">\n<div data-brz-translate-text=\"1\">\n<p class=\"brz-text-lg-center brz-tp-lg-heading4 brz-css-h21bS\" data-generated-css=\"brz-css-fmrla\" data-uniq-id=\"vgbrs\">RRE PV\u00a9 \u2013 SPEED ONE fotovoltaikus panelek tart\u00f3rendszere 1 szekcion\u00e1lt oszlop \u00e9s 2 panel f\u00fcgg\u0151legesen (\u00e1ll\u00f3 elrendez\u00e9sben) szerelve<\/p>\n<\/div>\n<\/div>\n<\/div>\n<div class=\"brz-row__container brz-css-lvfzzo\" data-brz-custom-id=\"gmxbsuolcyjsiobwllihhhhxiyhrvgdsardy\">\n<div class=\"brz-bg\"><\/div>\n<div class=\"brz-row brz-css-5yfe3k brz-css-s049dp\">\n<div class=\"brz-columns brz-css-1db3g67\" data-brz-custom-id=\"fewzjjhncmqhqnnmujtapglqowbjztqiqhgr\">\n<div class=\"brz-bg\"><\/div>\n<div class=\"brz-column__items brz-css-15hfka1 brz-css-nv6cze\">\n<div id=\"\" class=\"brz-css-1ko6se2 brz-css-10wfluv brz-wrapper\">\n<div class=\"brz-image brz-css-hq7gc5\" data-brz-custom-id=\"jkzlrtlibvrseikkznzbrxovllnikehybejx\"><img decoding=\"async\" class=\"brz-img\" src=\"https:\/\/photovoltaic-structures.com\/hu?tsbuilder_media=wp-4b5464e75ff7b42a818328e4672f1246.jpg&amp;tsbuilder_crop=iW%3D605%26iH%3D476%26oX%3D0%26oY%3D0%26cW%3D605%26cH%3D476\" alt=\"\" loading=\"lazy\" title=\"\"><\/div>\n<\/div>\n<\/div>\n<\/div>\n<div class=\"brz-columns brz-css-1db3g67\" data-brz-custom-id=\"csrqukolyoeceaeuwhfogzqmibslsbcnlplk\">\n<div class=\"brz-bg\"><\/div>\n<div class=\"brz-column__items brz-css-15hfka1 brz-css-ff6sht\">\n<div id=\"\" class=\"brz-css-1ko6se2 brz-wrapper\">\n<div class=\"brz-rich-text brz-rich-text__custom brz-css-vhn35z\" data-brz-custom-id=\"nydicdmurzlkidcupnvqbqoolzicsjsgstjq\">\n<div data-brz-translate-text=\"1\">\n<p class=\"brz-text-lg-justify brz-tp-lg-heading6 brz-css-mpIiu\" data-uniq-id=\"iykds\" data-generated-css=\"brz-css-tfniy\">A szerkezet egyetlen oszlopb\u00f3l \u00e1ll, amelyet \u00e1ltal\u00e1ban Gayk, Pauselli c\u00f6l\u00f6pver\u0151 berendez\u00e9ssel d\u00f6ng\u00f6lnek a talajba.<\/p>\n<\/div>\n<\/div>\n<\/div>\n<div id=\"\" class=\"brz-css-1ko6se2 brz-wrapper\">\n<div class=\"brz-rich-text brz-rich-text__custom brz-css-vhn35z\" data-brz-custom-id=\"zeucqvnswtayjkrkzwhbxawbqctsoejkslnu\">\n<div data-brz-translate-text=\"1\">\n<p class=\"brz-tp-lg-heading6 brz-text-lg-justify brz-css-j9teA\" data-generated-css=\"brz-css-fyxsq\" data-uniq-id=\"jukjb\">A szekci\u00f3ban k\u00e9t fotovoltaikus panel van felszerelve, \u00e1ll\u00f3 elrendez\u00e9sben.<\/p>\n<\/div>\n<\/div>\n<\/div>\n<\/div>\n<\/div>\n<\/div>\n<\/div>\n<div class=\"brz-row__container brz-css-lvfzzo\" data-brz-custom-id=\"vtgpkyxhuxdjmfmbbcjuddkywiydfpyhsqgk\">\n<div class=\"brz-bg\"><\/div>\n<div class=\"brz-row brz-css-5yfe3k brz-css-17myt6q\">\n<div class=\"brz-columns brz-css-1db3g67\" data-brz-custom-id=\"oeulpedufavjrntijuvgrewrmdvbzrwxjrlj\">\n<div class=\"brz-bg\"><\/div>\n<div class=\"brz-column__items brz-css-15hfka1 brz-css-3zxbrg\">\n<div id=\"\" class=\"brz-css-1ko6se2 brz-css-eft1wf brz-wrapper\">\n<div class=\"brz-image brz-css-js2ml4\" data-brz-custom-id=\"bhxsvsgglylmprqebllcxnohnnzwttranwki\"><img decoding=\"async\" class=\"brz-img\" src=\"https:\/\/photovoltaic-structures.com\/hu?tsbuilder_media=wp-3e42023dda655f50018ed9b4f209423c.jpg&amp;tsbuilder_crop=iW%3D605%26iH%3D476%26oX%3D0%26oY%3D0%26cW%3D605%26cH%3D476\" alt=\"\" loading=\"lazy\" title=\"\"><\/div>\n<\/div>\n<\/div>\n<\/div>\n<div class=\"brz-columns brz-css-1db3g67\" data-brz-custom-id=\"uqjhxwyfdkssbadnydfncsufjclnuwenriuv\">\n<div class=\"brz-bg\"><\/div>\n<div class=\"brz-column__items brz-css-15hfka1 brz-css-19nwppt\">\n<div id=\"\" class=\"brz-css-1ko6se2 brz-wrapper\">\n<div class=\"brz-rich-text brz-rich-text__custom brz-css-vhn35z\" data-brz-custom-id=\"mmkihxthvnpbieexjlazhrtyoanwvywbtlnn\">\n<div data-brz-translate-text=\"1\">\n<p data-uniq-id=\"gmnxo\" data-generated-css=\"brz-css-dhvwr\" class=\"brz-tp-lg-heading6 brz-css-grNoE\">A szekci\u00f3ban k\u00e9t fotovoltaikus panel van felszerelve, fekv\u0151 elrendez\u00e9sben.<\/p>\n<p data-uniq-id=\"dazys\" data-generated-css=\"brz-css-nlvqh\" class=\"brz-tp-lg-heading6 brz-css-n3myh\">Ez a rendszer cs\u00f6kkentett \u00e1rny\u00e9kol\u00e1si ter\u00fclettel rendelkezik.<\/p>\n<p data-uniq-id=\"vdsnp\" data-generated-css=\"brz-css-jzqcb\" class=\"brz-tp-lg-heading6 brz-css-fzsMa\">Ezt a rendszert a magas k\u00f6lts\u00e9gek miatt nem haszn\u00e1lj\u00e1k a nagy fotovoltaikus parkokban, de sz\u00e9les k\u00f6rben alkalmazz\u00e1k a r\u00e9gi fotovoltaikus parkok nagyon hossz\u00fa tartom\u00e1nyaiban, a r\u00e9gi panelsorok k\u00f6z\u00f6tt.<\/p>\n<p class=\"brz-text-lg-justify brz-tp-lg-heading6 brz-css-bPxQH\" data-generated-css=\"brz-css-aocyc\" data-uniq-id=\"kuygf\">A szerkezet egyetlen fekv\u0151 panel felszerel\u00e9s\u00e9re is haszn\u00e1lhat\u00f3.<\/p>\n<\/div>\n<\/div>\n<\/div>\n<\/div>\n<\/div>\n<\/div>\n<\/div>\n<\/div>\n<\/div>\n<\/section>\n<section id=\"_kcdijpbfxvsvrzlxzmywtsamergynjupcpir\" class=\"brz-section brz-css-16lx40s\">\n<div class=\"brz-section__content brz-section--boxed brz-css-pi21kk\" data-brz-custom-id=\"buifvwxwejneegrbrhwukpmngxgcryjhoeea\">\n<div class=\"brz-container brz-css-2ltasu\">\n<div id=\"\" class=\"brz-css-1ko6se2 brz-css-81krem brz-wrapper\">\n<div class=\"brz-image brz-css-wruuxc\" data-brz-custom-id=\"qvpgostopmyygdynxhvasugxxiqbreilkqrg\"><img decoding=\"async\" class=\"brz-img\" src=\"https:\/\/photovoltaic-structures.com\/hu?tsbuilder_media=wp-4ee1b714ca1c77cd6b89fdc662014f1c.png&amp;tsbuilder_crop=original\" alt=\"\" loading=\"lazy\" title=\"\"><\/div>\n<\/div>\n<\/div>\n<\/div>\n<\/section>\n<section id=\"_iytkolucpkaxtfeanszbsrlfirbowligixpz\" class=\"brz-section brz-css-16lx40s\">\n<div class=\"brz-section__content brz-section--fullWidth brz-css-pi21kk brz-css-1kg2tua\" data-brz-custom-id=\"xklmesxikokfvxyznprbjevnfbhlfxeyyoja\">\n<div class=\"brz-container brz-css-2ltasu brz-css-1c2y07i\">\n<div id=\"\" class=\"brz-css-1ko6se2 brz-wrapper\">\n<div class=\"brz-rich-text brz-rich-text__custom brz-css-vhn35z\" data-brz-custom-id=\"uusjkjuxlelvwvphksdcyosedcbybdrcczbr\">\n<div data-brz-translate-text=\"1\">\n<h3 class=\"brz-text-lg-center brz-tp-lg-heading3 brz-css-dPAEL\" data-uniq-id=\"wukvl\" data-generated-css=\"brz-css-dbzkx\">A szerkezetek modelljei a fotovoltaikus panelek t\u00e1jol\u00e1sa szerint.<\/h3>\n<\/div>\n<\/div>\n<\/div>\n<div id=\"\" class=\"brz-css-1ko6se2 brz-wrapper\">\n<div class=\"brz-line brz-line-default brz-css-1szy5q2 brz-css-y9xp8\" data-brz-custom-id=\"djrhyomnizqwlhshvezgxdrxkpkgzphdpxqc\">\n<hr class=\"brz-hr\"><\/div>\n<\/div>\n<div id=\"\" class=\"brz-css-1ko6se2 brz-css-1ylrqg9 brz-wrapper\">\n<div class=\"brz-spacer brz-css-1vc49x4\"><\/div>\n<\/div>\n<div class=\"brz-row__container brz-css-lvfzzo\" data-brz-custom-id=\"kfraqjlxgnjrfchajuqrrlpbvxbvfwdowyfq\">\n<div class=\"brz-bg\"><\/div>\n<div class=\"brz-row brz-css-5yfe3k\">\n<div class=\"brz-columns brz-css-1db3g67 brz-css-11iuzva\" data-brz-custom-id=\"sidkyoqfegtfpmyprvdxjbpxhnzwrsxorvlu\">\n<div class=\"brz-bg\"><\/div>\n<div class=\"brz-column__items brz-css-15hfka1\">\n<div id=\"\" class=\"brz-css-1ko6se2 brz-css-mty75k brz-wrapper\">\n<div class=\"brz-image brz-css-g1qpvc\" data-brz-custom-id=\"idgoeigkuwnjlafqqyozpyxpgcvboyvxupkr\"><img decoding=\"async\" class=\"brz-img\" src=\"https:\/\/photovoltaic-structures.com\/hu?tsbuilder_media=wp-a73704a7b1d42494fb7346730d33fe61.jpg&amp;tsbuilder_crop=iW%3D509%26iH%3D761%26oX%3D1%26oY%3D0%26cW%3D506%26cH%3D761\" alt=\"\" loading=\"lazy\" title=\"\"><\/div>\n<\/div>\n<div id=\"\" class=\"brz-css-1ko6se2 brz-css-1ylrqg9 brz-wrapper\">\n<div class=\"brz-spacer brz-css-1vc49x4 brz-css-1229m94\"><\/div>\n<\/div>\n<div id=\"\" class=\"brz-css-1ko6se2 brz-wrapper\">\n<div class=\"brz-rich-text brz-rich-text__custom brz-css-vhn35z\" data-brz-custom-id=\"siloqrykypiuluvhcirqddfqynityziagbcv\">\n<div data-brz-translate-text=\"1\">\n<p class=\"brz-text-lg-center brz-tp-lg-heading6 brz-css-dTdiM\" data-uniq-id=\"gxqnl\" data-generated-css=\"brz-css-imxpx\">F\u00f6ldre szerelt szerkezeti rendszerek a panelek f\u00fcgg\u0151leges elrendez\u00e9sben t\u00f6rt\u00e9n\u0151 telep\u00edt\u00e9s\u00e9hez. D\u0151l\u00e9ssz\u00f6g 10-35 fok a modellt\u0151l f\u00fcgg\u0151en.<\/p>\n<\/div>\n<\/div>\n<\/div>\n<\/div>\n<\/div>\n<div class=\"brz-columns brz-css-1db3g67 brz-css-1x5krd\" data-brz-custom-id=\"nxuropqgsnphvttfandiclyxzqxrynthyflu\">\n<div class=\"brz-bg\"><\/div>\n<div class=\"brz-column__items brz-css-15hfka1\">\n<div id=\"\" class=\"brz-css-1ko6se2 brz-css-o8ki87 brz-wrapper\">\n<div class=\"brz-image brz-css-1sle0b4\" data-brz-custom-id=\"agvxqkfyskffysmhhmwyqtxzesroeqsrakkx\"><img decoding=\"async\" class=\"brz-img\" src=\"https:\/\/photovoltaic-structures.com\/hu?tsbuilder_media=wp-96e0f4689f44f9ba616c689d0bd38de7.jpg&amp;tsbuilder_crop=iW%3D529%26iH%3D762%26oX%3D12%26oY%3D0%26cW%3D506%26cH%3D762\" alt=\"\" loading=\"lazy\" title=\"\"><\/div>\n<\/div>\n<div id=\"\" class=\"brz-css-1ko6se2 brz-css-1ylrqg9 brz-wrapper\">\n<div class=\"brz-spacer brz-css-1vc49x4 brz-css-hl0d4\"><\/div>\n<\/div>\n<div id=\"\" class=\"brz-css-1ko6se2 brz-wrapper\">\n<div class=\"brz-rich-text brz-rich-text__custom brz-css-vhn35z\" data-brz-custom-id=\"ucpawpmbtfobngncafswhmazvmukszavcfly\">\n<div data-brz-translate-text=\"1\">\n<p class=\"brz-text-lg-center brz-tp-lg-heading6 brz-css-cDPB_\" data-uniq-id=\"vvvhk\" data-generated-css=\"brz-css-ecmxi\">F\u00f6ldre szerelt szerkezeti rendszerek a panelek v\u00edzszintes elrendez\u00e9sben t\u00f6rt\u00e9n\u0151 telep\u00edt\u00e9s\u00e9hez. D\u0151l\u00e9ssz\u00f6g 10-35 fok a modellt\u0151l f\u00fcgg\u0151en.<\/p>\n<\/div>\n<\/div>\n<\/div>\n<\/div>\n<\/div>\n<\/div>\n<\/div>\n<\/div>\n<\/div>\n<\/section>\n<section id=\"_qvnksfpaffvxixpvsteapguhgrfanwuqtamk\" class=\"brz-section brz-css-16lx40s\">\n<div class=\"brz-section__content brz-section--fullWidth brz-css-pi21kk brz-css-m22otx\" data-brz-custom-id=\"jyopjrbhgymvurkyogjlijrdsbwdibpmbsgu\">\n<div class=\"brz-container brz-css-2ltasu brz-css-lku4zi\">\n<div id=\"\" class=\"brz-css-1ko6se2 brz-wrapper\">\n<div class=\"brz-rich-text brz-rich-text__custom brz-css-vhn35z\" data-brz-custom-id=\"oarhjjfvwwxbtwfxjapuvqrvtxpsizufvbqn\">\n<div data-brz-translate-text=\"1\">\n<p class=\"brz-text-lg-center brz-tp-lg-heading4 brz-css-eC1ZO\" data-generated-css=\"brz-css-uztka\" data-uniq-id=\"brbni\">PROJEKTEK<\/p>\n<\/div>\n<\/div>\n<\/div>\n<div id=\"\" class=\"brz-css-1ko6se2 brz-wrapper\">\n<div class=\"brz-line brz-line-default brz-css-1szy5q2 brz-css-2jnzkq\" data-brz-custom-id=\"ljcnqninjndgxwulrekmrbnvnhooynxnequs\">\n<hr class=\"brz-hr\"><\/div>\n<\/div>\n<div id=\"\" class=\"brz-css-1ko6se2 brz-css-1ylrqg9 brz-wrapper\">\n<div class=\"brz-spacer brz-css-1vc49x4 brz-css-8wa8il\"><\/div>\n<\/div>\n<div id=\"\" class=\"brz-css-1ko6se2 brz-wrapper\">\n<div data-brz-action=\"click\" class=\"brz-tabs brz-tabs--horizontal brz-tabs--style-1 brz-tabs--left brz-css-ewrwgk brz-css-yroiar\" data-brz-custom-id=\"bciafqckobtxwpdmilxxcymllotddmyjpgrf\">\n<ul class=\"brz-tabs__nav brz-tabs__nav--horizontal brz-tabs__nav--style-1 brz-tabs__nav--left\">\n<li class=\"brz-tabs__nav--item brz-tabs__nav--desktop\">\n<div class=\"brz-tabs__nav--button\"><span data-brz-translate-text=\"1\" class=\"brz-span brz-text__editor\">CARPORT<\/span><\/div>\n<\/li>\n<li class=\"brz-tabs__nav--item brz-tabs__nav--desktop\">\n<div class=\"brz-tabs__nav--button\"><span data-brz-translate-text=\"1\" class=\"brz-span brz-text__editor\">KONKR\u00c9T<\/span><\/div>\n<\/li>\n<li class=\"brz-tabs__nav--item brz-tabs__nav--desktop\">\n<div class=\"brz-tabs__nav--button\"><span data-brz-translate-text=\"1\" class=\"brz-span brz-text__editor\">LAPOS TET\u0150<\/span><\/div>\n<\/li>\n<li class=\"brz-tabs__nav--item brz-tabs__nav--desktop\">\n<div class=\"brz-tabs__nav--button\"><span data-brz-translate-text=\"1\" class=\"brz-span brz-text__editor\">TET\u0150 FELS\u0150<\/span><\/div>\n<\/li>\n<li class=\"brz-tabs__nav--item brz-tabs__nav--desktop brz-tabs__nav--active\">\n<div class=\"brz-tabs__nav--button\"><span data-brz-translate-text=\"1\" class=\"brz-span brz-text__editor\">F\u00d6LDI FELSZEREL\u00c9S<\/span><\/div>\n<\/li>\n<li class=\"brz-tabs__nav--item brz-tabs__nav--desktop\">\n<div class=\"brz-tabs__nav--button\"><span data-brz-translate-text=\"1\" class=\"brz-span brz-text__editor\">TRACKER<\/span><\/div>\n<\/li>\n<\/ul>\n<div class=\"brz-tabs__content brz-tabs__content--horizontal brz-tabs__content--style-1 brz-tabs__content--left\">\n<div class=\"brz-tabs__items\">\n<div class=\"brz-tabs__nav--mobile\">\n<div class=\"brz-tabs__nav--button\"><span>CARPORT<\/span><\/div>\n<\/div>\n<div class=\"brz-tabs__item--content brz-d-xs-flex brz-flex-xs-column\">\n<div id=\"\" class=\"brz-css-1ko6se2 brz-css-gbpz3b brz-css-1mnbwro brz-wrapper\">\n<div class=\"brz-posts brz-css-1m5dpe5 brz-css-1degd84\" data-brz-custom-id=\"wwjltyampamkppflsxelsswnuucpxvlkzcjj\">\n<div class=\"brz-posts__wrapper\">\n<div class=\"brz-posts__item\">\n<div class=\"brz-columns brz-css-1db3g67 brz-css-1lhqwnz\" data-brz-custom-id=\"apivlalnarjmmiylqowjudnvketrolnseozu\">\n<div class=\"brz-bg\"><\/div>\n<div class=\"brz-column__items brz-css-15hfka1 brz-css-jpequn\">\n<div id=\"\" class=\"brz-css-1ko6se2 brz-css-1ce3sup brz-wrapper\">\n<div class=\"brz-image brz-css-1w2y9xm\" data-brz-custom-id=\"kfdlitwafpervnuqxcaacfqidtkfcroowgce\"><img decoding=\"async\" class=\"brz-img\" src=\"\" alt=\"\" loading=\"lazy\" title=\"\"><\/div>\n<\/div>\n<div id=\"\" class=\"brz-css-1ko6se2 brz-wrapper\">\n<div class=\"brz-wp-title brz-css-15d4ff0 brz-css-1p0hmpx brz-css-k2ur6k\" data-brz-custom-id=\"rpovsbwlbviseyrohtlswaufgvjztzdutsfo\"><span class=\"brz-wp-title-content\"><\/span><\/div>\n<\/div>\n<div class=\"brz-wrapper-clone brz-css-5bbjm5\">\n<div class=\"brz-d-xs-flex brz-flex-xs-wrap brz-css-1c1d4pa brz-css-1axijhb\" data-brz-custom-id=\"\">\n<div class=\"brz-wrapper-clone__item\" id=\"drmejzujkjwwevyaoekyktdwihgdyzpalxqq\"><a class=\"brz-a brz-btn brz-css-uyw3vr brz-css-cozw3w brz-css-1dspqnh brz-css-1cap6go brz-css-1vghu9o\" href=\"\" target=\"_self\" rel=\"noopener\" data-brz-link-type=\"external\" data-brz-custom-id=\"drmejzujkjwwevyaoekyktdwihgdyzpalxqq\"><span data-brz-translate-text=\"1\" class=\"brz-span brz-text__editor\">READ MORE<\/span><\/a><\/div>\n<\/div>\n<\/div>\n<\/div>\n<\/div>\n<\/div>\n<\/div>\n<\/div>\n<\/div>\n<\/div>\n<\/div>\n<div class=\"brz-tabs__items\">\n<div class=\"brz-tabs__nav--mobile\">\n<div class=\"brz-tabs__nav--button\"><span>KONKR\u00c9T<\/span><\/div>\n<\/div>\n<div class=\"brz-tabs__item--content brz-d-xs-flex brz-flex-xs-column\">\n<div id=\"\" class=\"brz-css-1ko6se2 brz-css-gbpz3b brz-css-1eoz2kw brz-wrapper\">\n<div class=\"brz-posts brz-css-1m5dpe5 brz-css-res9cj\" data-brz-custom-id=\"gstjellkhcpcqstsatxgdfxvfysgmnxftuyv\">\n<div class=\"brz-posts__wrapper\">\n<div class=\"brz-posts__item\">\n<div class=\"brz-columns brz-css-1db3g67 brz-css-1lhqwnz\" data-brz-custom-id=\"dyximczemopmgtnvkprzsoyijybujxpzclad\">\n<div class=\"brz-bg\"><\/div>\n<div class=\"brz-column__items brz-css-15hfka1 brz-css-1k3rt5\">\n<div id=\"\" class=\"brz-css-1ko6se2 brz-css-58mj31 brz-wrapper\">\n<div class=\"brz-image brz-css-1dzh45e\" data-brz-custom-id=\"oyieoykdtgzxxqaqadugwffknrmbhkrvxyex\"><img decoding=\"async\" class=\"brz-img\" src=\"\" alt=\"\" loading=\"lazy\" title=\"\"><\/div>\n<\/div>\n<div id=\"\" class=\"brz-css-1ko6se2 brz-wrapper\">\n<div class=\"brz-wp-title brz-css-15d4ff0 brz-css-1p0hmpx brz-css-1y0aa7s\" data-brz-custom-id=\"fhnmdgncfdhkxucbsyuffmwkppgtdjgxwstv\"><span class=\"brz-wp-title-content\"><\/span><\/div>\n<\/div>\n<div class=\"brz-wrapper-clone brz-css-5bbjm5\">\n<div class=\"brz-d-xs-flex brz-flex-xs-wrap brz-css-1c1d4pa brz-css-14ixaz0\" data-brz-custom-id=\"\">\n<div class=\"brz-wrapper-clone__item\" id=\"wkrapgedsetpnrgpxdjqayvybeeraudhrplg\"><a class=\"brz-a brz-btn brz-css-uyw3vr brz-css-1nkfqx2 brz-css-1dspqnh brz-css-1cap6go brz-css-rnzhvv\" href=\"\" target=\"_self\" rel=\"noopener\" data-brz-link-type=\"external\" data-brz-custom-id=\"wkrapgedsetpnrgpxdjqayvybeeraudhrplg\"><span data-brz-translate-text=\"1\" class=\"brz-span brz-text__editor\">READ MORE<\/span><\/a><\/div>\n<\/div>\n<\/div>\n<\/div>\n<\/div>\n<\/div>\n<\/div>\n<\/div>\n<\/div>\n<\/div>\n<\/div>\n<div class=\"brz-tabs__items\">\n<div class=\"brz-tabs__nav--mobile\">\n<div class=\"brz-tabs__nav--button\"><span>LAPOS TET\u0150<\/span><\/div>\n<\/div>\n<div class=\"brz-tabs__item--content brz-d-xs-flex brz-flex-xs-column\">\n<div id=\"\" class=\"brz-css-1ko6se2 brz-css-gbpz3b brz-css-cvs1x brz-wrapper\">\n<div class=\"brz-posts brz-css-1m5dpe5 brz-css-17vylh6\" data-brz-custom-id=\"ufgiiofxpwdmdgakrqtiqxdgssemuqlktoec\">\n<div class=\"brz-posts__wrapper\">\n<div class=\"brz-posts__item\">\n<div class=\"brz-columns brz-css-1db3g67 brz-css-1lhqwnz\" data-brz-custom-id=\"btuvupovbgdrdhhyqanjdaeiyoplerujihhw\">\n<div class=\"brz-bg\"><\/div>\n<div class=\"brz-column__items brz-css-15hfka1 brz-css-10srv7m\">\n<div id=\"\" class=\"brz-css-1ko6se2 brz-css-1vqtsgt brz-wrapper\">\n<div class=\"brz-image brz-css-1dip1ad\" data-brz-custom-id=\"wsqhphsnooweqynvzhfvyrafhpefqooggmiy\"><img decoding=\"async\" class=\"brz-img\" src=\"\" alt=\"\" loading=\"lazy\" title=\"\"><\/div>\n<\/div>\n<div id=\"\" class=\"brz-css-1ko6se2 brz-wrapper\">\n<div class=\"brz-wp-title brz-css-15d4ff0 brz-css-1p0hmpx brz-css-1rmx4yq\" data-brz-custom-id=\"uaogkbnlenatjvjhxtdqmpqtcezxziaajdkk\"><span class=\"brz-wp-title-content\"><\/span><\/div>\n<\/div>\n<div class=\"brz-wrapper-clone brz-css-5bbjm5\">\n<div class=\"brz-d-xs-flex brz-flex-xs-wrap brz-css-1c1d4pa brz-css-uk9mzf\" data-brz-custom-id=\"\">\n<div class=\"brz-wrapper-clone__item\" id=\"yuaifpzenzzasotrxxmqvpdwshpsygyupsua\"><a class=\"brz-a brz-btn brz-css-uyw3vr brz-css-1ssfz8o brz-css-1dspqnh brz-css-1cap6go brz-css-vchtyj\" href=\"\" target=\"_self\" rel=\"noopener\" data-brz-link-type=\"external\" data-brz-custom-id=\"yuaifpzenzzasotrxxmqvpdwshpsygyupsua\"><span data-brz-translate-text=\"1\" class=\"brz-span brz-text__editor\">READ MORE<\/span><\/a><\/div>\n<\/div>\n<\/div>\n<\/div>\n<\/div>\n<\/div>\n<\/div>\n<\/div>\n<\/div>\n<\/div>\n<\/div>\n<div class=\"brz-tabs__items\">\n<div class=\"brz-tabs__nav--mobile\">\n<div class=\"brz-tabs__nav--button\"><span>TET\u0150 FELS\u0150<\/span><\/div>\n<\/div>\n<div class=\"brz-tabs__item--content brz-d-xs-flex brz-flex-xs-column\">\n<div id=\"\" class=\"brz-css-1ko6se2 brz-css-gbpz3b brz-css-14udx04 brz-wrapper\">\n<div class=\"brz-posts brz-css-1m5dpe5 brz-css-1hunb5u\" data-brz-custom-id=\"awnybrzizpdvqlqghtplzwttipmelebjhqxp\">\n<div class=\"brz-posts__wrapper\">\n<div class=\"brz-posts__item\">\n<div class=\"brz-columns brz-css-1db3g67 brz-css-1lhqwnz\" data-brz-custom-id=\"iowqvothmruahcsahsxrgvlnfmxsgljwsvia\">\n<div class=\"brz-bg\"><\/div>\n<div class=\"brz-column__items brz-css-15hfka1 brz-css-1c45uqy\">\n<div id=\"\" class=\"brz-css-1ko6se2 brz-css-c5pddi brz-wrapper\">\n<div class=\"brz-image brz-css-13fosz8\" data-brz-custom-id=\"yepexsnvqwrvvzbgyklvtotuurwcwblwjyvf\"><img decoding=\"async\" class=\"brz-img\" src=\"\" alt=\"\" loading=\"lazy\" title=\"\"><\/div>\n<\/div>\n<div id=\"\" class=\"brz-css-1ko6se2 brz-wrapper\">\n<div class=\"brz-wp-title brz-css-15d4ff0 brz-css-1p0hmpx brz-css-gvizxy\" data-brz-custom-id=\"fcztywbmqxtbyiodcgrrpthrokwpymvqfmjw\"><span class=\"brz-wp-title-content\"><\/span><\/div>\n<\/div>\n<div class=\"brz-wrapper-clone brz-css-5bbjm5\">\n<div class=\"brz-d-xs-flex brz-flex-xs-wrap brz-css-1c1d4pa brz-css-13myfqb\" data-brz-custom-id=\"\">\n<div class=\"brz-wrapper-clone__item\" id=\"fufdsmaspzrrfmouoqdxwxhfldxkxcqufxrh\"><a class=\"brz-a brz-btn brz-css-uyw3vr brz-css-13w1jae brz-css-1dspqnh brz-css-1cap6go brz-css-1kxp8wd\" href=\"\" target=\"_self\" rel=\"noopener\" data-brz-link-type=\"external\" data-brz-custom-id=\"fufdsmaspzrrfmouoqdxwxhfldxkxcqufxrh\"><span data-brz-translate-text=\"1\" class=\"brz-span brz-text__editor\">READ MORE<\/span><\/a><\/div>\n<\/div>\n<\/div>\n<\/div>\n<\/div>\n<\/div>\n<\/div>\n<\/div>\n<\/div>\n<\/div>\n<\/div>\n<div class=\"brz-tabs__items brz-tabs__items--active\">\n<div class=\"brz-tabs__nav--mobile brz-tabs__nav--mobile--active\">\n<div class=\"brz-tabs__nav--button\"><span>F\u00d6LDI FELSZEREL\u00c9S<\/span><\/div>\n<\/div>\n<div class=\"brz-tabs__item--content brz-d-xs-flex brz-flex-xs-column\">\n<div id=\"\" class=\"brz-css-1ko6se2 brz-css-gbpz3b brz-css-1n8ti9f brz-wrapper\">\n<div class=\"brz-posts brz-css-1m5dpe5 brz-css-18taf8i\" data-brz-custom-id=\"thfqflljnzuvzkbqugiyxxyacwuninbkxdjt\">\n<div class=\"brz-posts__wrapper\">\n<div class=\"brz-posts__item\">\n<div class=\"brz-columns brz-css-1db3g67 brz-css-1lhqwnz\" data-brz-custom-id=\"ympcmdkwrxmufnkcvedwxstxssvemujruqjy\">\n<div class=\"brz-bg\"><\/div>\n<div class=\"brz-column__items brz-css-15hfka1 brz-css-bi597y\">\n<div id=\"\" class=\"brz-css-1ko6se2 brz-css-1p4if1g brz-wrapper\">\n<div class=\"brz-image brz-css-h1ys3q\" data-brz-custom-id=\"cbxmecmkeemdxhqskqrptwookldfgjjqfqfp\"><img decoding=\"async\" class=\"brz-img\" src=\"\" alt=\"\" loading=\"lazy\" title=\"\"><\/div>\n<\/div>\n<div id=\"\" class=\"brz-css-1ko6se2 brz-wrapper\">\n<div class=\"brz-wp-title brz-css-15d4ff0 brz-css-1p0hmpx brz-css-1gwzxgi\" data-brz-custom-id=\"qujuddbpwxxmlvwlybxazgivuhhgyvfmkgxv\"><span class=\"brz-wp-title-content\"><\/span><\/div>\n<\/div>\n<div class=\"brz-wrapper-clone brz-css-5bbjm5\">\n<div class=\"brz-d-xs-flex brz-flex-xs-wrap brz-css-1c1d4pa brz-css-1of3laj\" data-brz-custom-id=\"\">\n<div class=\"brz-wrapper-clone__item\" id=\"iibxczeryoamplotumraezfttwdewenwhzdx\"><a class=\"brz-a brz-btn brz-css-uyw3vr brz-css-t9m3j5 brz-css-1dspqnh brz-css-1cap6go brz-css-1kb8e4x\" href=\"\" target=\"_self\" rel=\"noopener\" data-brz-link-type=\"external\" data-brz-custom-id=\"iibxczeryoamplotumraezfttwdewenwhzdx\"><span data-brz-translate-text=\"1\" class=\"brz-span brz-text__editor\">READ MORE<\/span><\/a><\/div>\n<\/div>\n<\/div>\n<\/div>\n<\/div>\n<\/div>\n<\/div>\n<\/div>\n<\/div>\n<\/div>\n<\/div>\n<div class=\"brz-tabs__items\">\n<div class=\"brz-tabs__nav--mobile\">\n<div class=\"brz-tabs__nav--button\"><span>TRACKER<\/span><\/div>\n<\/div>\n<div class=\"brz-tabs__item--content brz-d-xs-flex brz-flex-xs-column\">\n<div id=\"\" class=\"brz-css-1ko6se2 brz-css-gbpz3b brz-css-5dnogm brz-wrapper\">\n<div class=\"brz-posts brz-css-1m5dpe5 brz-css-9dxc6s\" data-brz-custom-id=\"okqnotfqgybaeyhgympnkacnzgxtgrzielzn\">\n<div class=\"brz-posts__wrapper\">\n<div class=\"brz-posts__item\">\n<div class=\"brz-columns brz-css-1db3g67 brz-css-1lhqwnz\" data-brz-custom-id=\"hestnilwzbayvdiyntfroopsjzirdedyzaef\">\n<div class=\"brz-bg\"><\/div>\n<div class=\"brz-column__items brz-css-15hfka1 brz-css-yl28zq\">\n<div id=\"\" class=\"brz-css-1ko6se2 brz-css-1a1io78 brz-wrapper\">\n<div class=\"brz-image brz-css-1d36vjn\" data-brz-custom-id=\"qziiepfnkwvyodcpcspjbiifvlbljyrzysyn\"><img decoding=\"async\" class=\"brz-img\" src=\"\" alt=\"\" loading=\"lazy\" title=\"\"><\/div>\n<\/div>\n<div id=\"\" class=\"brz-css-1ko6se2 brz-wrapper\">\n<div class=\"brz-wp-title brz-css-15d4ff0 brz-css-1p0hmpx brz-css-q3e6cq\" data-brz-custom-id=\"cfajpeqisnlgxvzylwlrtvcwnvaoplssoppo\"><span class=\"brz-wp-title-content\"><\/span><\/div>\n<\/div>\n<div class=\"brz-wrapper-clone brz-css-5bbjm5\">\n<div class=\"brz-d-xs-flex brz-flex-xs-wrap brz-css-1c1d4pa brz-css-stxi72\" data-brz-custom-id=\"\">\n<div class=\"brz-wrapper-clone__item\" id=\"skgltewimvvxeqshsnnfkutwgoturlxjjixv\"><a class=\"brz-a brz-btn brz-css-uyw3vr brz-css-gnv02j brz-css-1dspqnh brz-css-1cap6go brz-css-lqnzhq\" href=\"\" target=\"_self\" rel=\"noopener\" data-brz-link-type=\"external\" data-brz-custom-id=\"skgltewimvvxeqshsnnfkutwgoturlxjjixv\"><span data-brz-translate-text=\"1\" class=\"brz-span brz-text__editor\">READ MORE<\/span><\/a><\/div>\n<\/div>\n<\/div>\n<\/div>\n<\/div>\n<\/div>\n<\/div>\n<\/div>\n<\/div>\n<\/div>\n<\/div>\n<\/div>\n<\/div>\n<\/div>\n<\/div>\n<\/div>\n<\/section>\n<\/div>\n<p>    <!-- version:1736994757 --><\/p>\n","protected":false},"excerpt":{"rendered":"<p>RRE PV\u00a9 \u2013 SPEED ONE fotovoltaikus panelek tart\u00f3rendszere 1 szekcion\u00e1lt oszlop \u00e9s 2 panel f\u00fcgg\u0151legesen (\u00e1ll\u00f3 elrendez\u00e9sben) szerelve A szerkezet egyetlen oszlopb\u00f3l \u00e1ll, amelyet \u00e1ltal\u00e1ban Gayk, Pauselli c\u00f6l\u00f6pver\u0151 berendez\u00e9ssel d\u00f6ng\u00f6lnek a talajba. A szekci\u00f3ban k\u00e9t fotovoltaikus panel van felszerelve, \u00e1ll\u00f3 elrendez\u00e9sben. A szekci\u00f3ban k\u00e9t fotovoltaikus panel van felszerelve, fekv\u0151 elrendez\u00e9sben. Ez a rendszer cs\u00f6kkentett \u00e1rny\u00e9kol\u00e1si [&hellip;]<\/p>\n","protected":false},"author":1,"featured_media":2173,"parent":0,"menu_order":0,"comment_status":"closed","ping_status":"closed","template":"","meta":{"footnotes":""},"class_list":["post-3051","page","type-page","status-publish","has-post-thumbnail","hentry"],"blocksy_meta":{"styles_descriptor":{"styles":{"desktop":"","tablet":"","mobile":""},"google_fonts":[],"version":6}},"brizy_media":[],"_links":{"self":[{"href":"https:\/\/photovoltaic-structures.com\/hu\/wp-json\/wp\/v2\/pages\/3051","targetHints":{"allow":["GET"]}}],"collection":[{"href":"https:\/\/photovoltaic-structures.com\/hu\/wp-json\/wp\/v2\/pages"}],"about":[{"href":"https:\/\/photovoltaic-structures.com\/hu\/wp-json\/wp\/v2\/types\/page"}],"author":[{"embeddable":true,"href":"https:\/\/photovoltaic-structures.com\/hu\/wp-json\/wp\/v2\/users\/1"}],"replies":[{"embeddable":true,"href":"https:\/\/photovoltaic-structures.com\/hu\/wp-json\/wp\/v2\/comments?post=3051"}],"version-history":[{"count":0,"href":"https:\/\/photovoltaic-structures.com\/hu\/wp-json\/wp\/v2\/pages\/3051\/revisions"}],"wp:featuredmedia":[{"embeddable":true,"href":"https:\/\/photovoltaic-structures.com\/hu\/wp-json\/wp\/v2\/media\/2173"}],"wp:attachment":[{"href":"https:\/\/photovoltaic-structures.com\/hu\/wp-json\/wp\/v2\/media?parent=3051"}],"curies":[{"name":"wp","href":"https:\/\/api.w.org\/{rel}","templated":true}]}}