{"id":3057,"date":"2022-03-01T16:43:22","date_gmt":"2022-03-01T16:43:22","guid":{"rendered":"https:\/\/photovoltaic-structures.com\/?page_id=3057"},"modified":"2026-04-07T04:49:45","modified_gmt":"2026-04-07T04:49:45","slug":"fotovoltaikus-szerkezetek-rre-pv-concrete","status":"publish","type":"page","link":"https:\/\/photovoltaic-structures.com\/hu\/fotovoltaikus-szerkezetek-rre-pv-concrete\/","title":{"rendered":"Fotovoltaikus szerkezetek \u2013 RRE PV\u00a9 \u2013 Concrete"},"content":{"rendered":"<div class=\"brz-root__container brz-reset-all brz brz-root__container-page\">\n<section id=\"_jvcgocvqquiippnenjsyavkxcrkutlidjklx\" class=\"brz-section brz-css-1gpbokj\">\n<div class=\"brz-section__content brz-section--fullWidth brz-css-barci1 brz-css-vh2c9b\" data-brz-custom-id=\"qauwjvqwxweetexlyegucnnlljniezglgzjz\">\n<div class=\"brz-container brz-css-14bssd8 brz-css-nw6tcp\">\n<div id=\"\" class=\"brz-css-1c9k1ur brz-wrapper\">\n<div class=\"brz-rich-text brz-rich-text__custom brz-css-gz9kd6\" data-brz-custom-id=\"ujmtegyodmijaskbgffjcwbepmtthozgshrn\">\n<div data-brz-translate-text=\"1\">\n<p class=\"brz-text-lg-center brz-tp-lg-heading4 brz-css-pdwDs\" data-generated-css=\"brz-css-iahso\" data-uniq-id=\"xgsvn\">RRE PV\u00a9 \u2013 betontart\u00f3 rendszer fotovoltaikus panelekhez<\/p>\n<\/div>\n<\/div>\n<\/div>\n<div class=\"brz-row__container brz-css-1r6pjoa brz-css-1t6kde\" data-brz-custom-id=\"pxfogwkxcvksmgcpkojhhfddmchavfnapdbf\">\n<div class=\"brz-bg\"><\/div>\n<div class=\"brz-row brz-css-16ykti8 brz-css-n7dm1a\">\n<div class=\"brz-columns brz-css-16d8cao\" data-brz-custom-id=\"lgdxxkpwxkiarlxdrdofvkfgcktkqqqjifhf\">\n<div class=\"brz-bg\"><\/div>\n<div class=\"brz-column__items brz-css-1hh1bfp brz-css-kplzcv\">\n<div id=\"\" class=\"brz-css-1c9k1ur brz-css-1ibb78w brz-wrapper\">\n<div class=\"brz-image brz-css-k7ajjp\" data-brz-custom-id=\"jxklswabwzswbmhugoldkyqvyarrcucefxow\"><img decoding=\"async\" class=\"brz-img\" src=\"https:\/\/photovoltaic-structures.com\/hu?tsbuilder_media=wp-1aac8f2ff3afc03e9224303830f50ab9.jpg&amp;tsbuilder_crop=iW%3D930%26iH%3D617%26oX%3D0%26oY%3D0%26cW%3D930%26cH%3D617\" alt=\"\" loading=\"lazy\" title=\"\"><\/div>\n<\/div>\n<\/div>\n<\/div>\n<div class=\"brz-columns brz-css-16d8cao\" data-brz-custom-id=\"ktvbkfkmuytqyxjuaxozijnbajhdasdtwzxt\">\n<div class=\"brz-bg\"><\/div>\n<div class=\"brz-column__items brz-css-1hh1bfp brz-css-w2ycje\">\n<div id=\"\" class=\"brz-css-1c9k1ur brz-wrapper\">\n<div class=\"brz-rich-text brz-rich-text__custom brz-css-gz9kd6\" data-brz-custom-id=\"wwsdrtnaglaxqemasexmltbsnqljrqpzcuya\">\n<div data-brz-translate-text=\"1\">\n<p class=\"brz-tp-lg-paragraph brz-css-uXTfI\" data-uniq-id=\"cdhqx\" data-generated-css=\"brz-css-phosu\">RRE PV\u00a9 \u2013 betontart\u00f3 rendszer fotovoltaikus panelekhez, amelyet kifejezetten olyan neh\u00e9z terepviszonyokkal rendelkez\u0151 ter\u00fcletekre terveztek, mint a puha talaj, homokos talaj, k\u00f6ves talaj, szikl\u00e1s talaj, tengerparti ter\u00fclet rendk\u00edv\u00fcl s\u00f3s homokos talajjal, vagy ha a talajb\u00f3l nem lehets\u00e9ges megfelel\u0151 statikus terhel\u00e9s.<\/p>\n<p class=\"brz-tp-lg-paragraph brz-css-iuLqd\" data-uniq-id=\"cdhqx\" data-generated-css=\"brz-css-phosu\">\n<p class=\"brz-tp-lg-paragraph brz-css-qDL2H\" data-uniq-id=\"fkjwz\" data-generated-css=\"brz-css-ygojd\">Ez az RRE PV\u00a9 &#8211; Beton rendszer el\u0151regy\u00e1rtott \u00e9s el\u0151regy\u00e1rtott betontart\u00f3kon alapul.<\/p>\n<p class=\"brz-tp-lg-paragraph brz-css-vNhMT\" data-uniq-id=\"fkjwz\" data-generated-css=\"brz-css-ygojd\">\n<p class=\"brz-tp-lg-paragraph brz-css-tVAJx\" data-uniq-id=\"nyqyr\" data-generated-css=\"brz-css-eixlt\">Ezeket a t\u00e1maszokat a f\u00f6ldre helyezik, majd a horganyzott f\u00e9mszerkezetet f\u00f6l\u00e9j\u00fck \u00e9p\u00edtik.<\/p>\n<p class=\"brz-tp-lg-paragraph brz-css-ngxP4\" data-uniq-id=\"nyqyr\" data-generated-css=\"brz-css-eixlt\">\n<p class=\"brz-tp-lg-paragraph brz-css-xaJcl\" data-uniq-id=\"zailj\" data-generated-css=\"brz-css-shats\">Az ide\u00e1lis konfigur\u00e1ci\u00f3 a fotovoltaikus panelek felszerel\u00e9s\u00e9hez egy 3 fekv\u0151 panelb\u0151l \u00e1ll\u00f3 (v\u00edzszintes) szakasz.<\/p>\n<p class=\"brz-tp-lg-paragraph brz-css-lqKWv\" data-generated-css=\"brz-css-shats\" data-uniq-id=\"zailj\">\n<p class=\"brz-text-lg-justify brz-tp-lg-paragraph brz-css-s0PoJ\" data-generated-css=\"brz-css-fenwe\" data-uniq-id=\"miguc\">Az al\u00e1bbi k\u00e9peken a szerkezetet k\u00f6zvetlen\u00fcl a Fekete-tenger partj\u00e1n, a homokra telep\u00edtett\u00e9k.<\/p>\n<\/div>\n<\/div>\n<\/div>\n<\/div>\n<\/div>\n<\/div>\n<\/div>\n<div class=\"brz-row__container brz-css-1r6pjoa\" data-brz-custom-id=\"bpkxqsqbtgopenbqhlfqlpwntpowboahbsok\">\n<div class=\"brz-bg\"><\/div>\n<div class=\"brz-row brz-css-16ykti8 brz-css-1kiyfrv\">\n<div class=\"brz-columns brz-css-16d8cao\" data-brz-custom-id=\"issnafqdnbemifbkzhcerwkejcfxlsiyfbud\">\n<div class=\"brz-bg\"><\/div>\n<div class=\"brz-column__items brz-css-1hh1bfp brz-css-1hlvbg6\">\n<div id=\"\" class=\"brz-css-1c9k1ur brz-css-zkfhl1 brz-wrapper\">\n<div class=\"brz-image brz-css-x64vtg\" data-brz-custom-id=\"uscsmkchegflmxwmeymihmoszoztraexihmn\"><img decoding=\"async\" class=\"brz-img\" src=\"https:\/\/photovoltaic-structures.com\/hu?tsbuilder_media=wp-7e89912f0854d231aa2106a258375036.jpg&amp;tsbuilder_crop=iW%3D930%26iH%3D617%26oX%3D0%26oY%3D0%26cW%3D930%26cH%3D617\" alt=\"\" loading=\"lazy\" title=\"\"><\/div>\n<\/div>\n<\/div>\n<\/div>\n<div class=\"brz-columns brz-css-16d8cao\" data-brz-custom-id=\"ccfqyjhjdcicrwobyzjkthmtgsbvuffsagtd\">\n<div class=\"brz-bg\"><\/div>\n<div class=\"brz-column__items brz-css-1hh1bfp brz-css-85omfr\">\n<div id=\"\" class=\"brz-css-1c9k1ur brz-css-pnac4z brz-wrapper\">\n<div class=\"brz-image brz-css-188ht8b\" data-brz-custom-id=\"ucgmegxhfookzyqufflywhbgfgtaylatkevf\"><img decoding=\"async\" class=\"brz-img\" src=\"https:\/\/photovoltaic-structures.com\/hu?tsbuilder_media=wp-853115aaa37cd723eb6fc8d5e9fd5bf0.jpg&amp;tsbuilder_crop=iW%3D930%26iH%3D698%26oX%3D0%26oY%3D42%26cW%3D930%26cH%3D614\" alt=\"\" loading=\"lazy\" title=\"\"><\/div>\n<\/div>\n<\/div>\n<\/div>\n<\/div>\n<\/div>\n<\/div>\n<\/div>\n<\/section>\n<section id=\"_dsixwuybajucgkthaqryokoqzbsjufkpuofs\" class=\"brz-section brz-css-1gpbokj\">\n<div class=\"brz-section__content brz-section--boxed brz-css-barci1\" data-brz-custom-id=\"gcufgtdztociykyaxyaflnoiliwkumueonyc\">\n<div class=\"brz-container brz-css-14bssd8\">\n<div id=\"\" class=\"brz-css-1c9k1ur brz-css-wf85rf brz-wrapper\">\n<div class=\"brz-image brz-css-1w5tcr0\" data-brz-custom-id=\"iwfsakwztkazoqqqgddyhtbgcihssmhnqxlb\"><img decoding=\"async\" class=\"brz-img\" src=\"https:\/\/photovoltaic-structures.com\/hu?tsbuilder_media=wp-4ee1b714ca1c77cd6b89fdc662014f1c.png&amp;tsbuilder_crop=original\" alt=\"\" loading=\"lazy\" title=\"\"><\/div>\n<\/div>\n<\/div>\n<\/div>\n<\/section>\n<section id=\"_duzfshmqwfczsnafvkadlhaummwfokzsjjoc\" class=\"brz-section brz-css-1gpbokj\">\n<div class=\"brz-section__content brz-section--fullWidth brz-css-barci1 brz-css-1sede23\" data-brz-custom-id=\"nvfunaceggeqbndvbxypfvjcswlpugxpbspo\">\n<div class=\"brz-container brz-css-14bssd8 brz-css-13i4o6u\">\n<div id=\"\" class=\"brz-css-1c9k1ur brz-wrapper\">\n<div class=\"brz-rich-text brz-rich-text__custom brz-css-gz9kd6\" data-brz-custom-id=\"wsswkhkueonvrqgvzlwgbnhfrzghlxxxnwjn\">\n<div data-brz-translate-text=\"1\">\n<h3 class=\"brz-text-lg-center brz-tp-lg-heading3 brz-css-z9hj1\" data-uniq-id=\"wukvl\" data-generated-css=\"brz-css-dbzkx\">A szerkezetek modelljei a fotovoltaikus panelek t\u00e1jol\u00e1sa szerint.<\/h3>\n<\/div>\n<\/div>\n<\/div>\n<div id=\"\" class=\"brz-css-1c9k1ur brz-wrapper\">\n<div class=\"brz-line brz-line-default brz-css-10j4kig brz-css-g3b7o7\" data-brz-custom-id=\"plafptzepxesmclwnkgfojlgbnnczufjktue\">\n<hr class=\"brz-hr\"><\/div>\n<\/div>\n<div id=\"\" class=\"brz-css-1c9k1ur brz-css-1mlfhtn brz-wrapper\">\n<div class=\"brz-spacer brz-css-zjznwf\"><\/div>\n<\/div>\n<div class=\"brz-row__container brz-css-1r6pjoa\" data-brz-custom-id=\"erghiywypzrnkjsprycmtltbpnuluukjxeab\">\n<div class=\"brz-bg\"><\/div>\n<div class=\"brz-row brz-css-16ykti8\">\n<div class=\"brz-columns brz-css-16d8cao\" data-brz-custom-id=\"tgrbjnzuevyrmbqetofiuoqlhapdiwwyepnj\">\n<div class=\"brz-bg\"><\/div>\n<div class=\"brz-column__items brz-css-1hh1bfp\">\n<div id=\"\" class=\"brz-css-1c9k1ur brz-css-1e0bdud brz-wrapper\">\n<div class=\"brz-image brz-css-12f6qbv\" data-brz-custom-id=\"zbzdjwmpycmkhfqloorzknwvliffwlzcalce\"><img decoding=\"async\" class=\"brz-img\" src=\"https:\/\/photovoltaic-structures.com\/hu?tsbuilder_media=wp-a73704a7b1d42494fb7346730d33fe61.jpg&amp;tsbuilder_crop=iW%3D509%26iH%3D761%26oX%3D1%26oY%3D0%26cW%3D506%26cH%3D761\" alt=\"\" loading=\"lazy\" title=\"\"><\/div>\n<\/div>\n<div id=\"\" class=\"brz-css-1c9k1ur brz-css-1mlfhtn brz-wrapper\">\n<div class=\"brz-spacer brz-css-zjznwf brz-css-tp4dzy\"><\/div>\n<\/div>\n<div id=\"\" class=\"brz-css-1c9k1ur brz-wrapper\">\n<div class=\"brz-rich-text brz-rich-text__custom brz-css-gz9kd6\" data-brz-custom-id=\"yaitebotwayyncgohqbqmivyqkkdncgyqzpx\">\n<div data-brz-translate-text=\"1\">\n<p class=\"brz-text-lg-center brz-tp-lg-heading6 brz-css-rg8pm\" data-uniq-id=\"gxqnl\" data-generated-css=\"brz-css-imxpx\">F\u00f6ldre szerelt szerkezeti rendszerek a panelek f\u00fcgg\u0151leges elrendez\u00e9sben t\u00f6rt\u00e9n\u0151 telep\u00edt\u00e9s\u00e9hez. D\u0151l\u00e9ssz\u00f6g 10-35 fok a modellt\u0151l f\u00fcgg\u0151en.<\/p>\n<\/div>\n<\/div>\n<\/div>\n<\/div>\n<\/div>\n<div class=\"brz-columns brz-css-16d8cao brz-css-1x6ezdf\" data-brz-custom-id=\"dovboveuhqeiijwddbagnrjqtpsfprnvytqv\">\n<div class=\"brz-bg\"><\/div>\n<div class=\"brz-column__items brz-css-1hh1bfp\">\n<div id=\"\" class=\"brz-css-1c9k1ur brz-css-j0zybk brz-wrapper\">\n<div class=\"brz-image brz-css-136cyrr\" data-brz-custom-id=\"zefpejqwwqzwcheujoztaafqsptpaihejvbu\"><img decoding=\"async\" class=\"brz-img\" src=\"https:\/\/photovoltaic-structures.com\/hu?tsbuilder_media=wp-96e0f4689f44f9ba616c689d0bd38de7.jpg&amp;tsbuilder_crop=iW%3D529%26iH%3D762%26oX%3D12%26oY%3D0%26cW%3D506%26cH%3D762\" alt=\"\" loading=\"lazy\" title=\"\"><\/div>\n<\/div>\n<div id=\"\" class=\"brz-css-1c9k1ur brz-css-1mlfhtn brz-wrapper\">\n<div class=\"brz-spacer brz-css-zjznwf brz-css-1e3iw97\"><\/div>\n<\/div>\n<div id=\"\" class=\"brz-css-1c9k1ur brz-wrapper\">\n<div class=\"brz-rich-text brz-rich-text__custom brz-css-gz9kd6\" data-brz-custom-id=\"aqqiyindusipurjukvqthkrfewuegsguedqd\">\n<div data-brz-translate-text=\"1\">\n<p class=\"brz-text-lg-center brz-tp-lg-heading6 brz-css-z_6QT\" data-uniq-id=\"vvvhk\" data-generated-css=\"brz-css-ecmxi\">F\u00f6ldre szerelt szerkezeti rendszerek a panelek v\u00edzszintes elrendez\u00e9sben t\u00f6rt\u00e9n\u0151 telep\u00edt\u00e9s\u00e9hez. D\u0151l\u00e9ssz\u00f6g 10-35 fok a modellt\u0151l f\u00fcgg\u0151en.<\/p>\n<\/div>\n<\/div>\n<\/div>\n<\/div>\n<\/div>\n<\/div>\n<\/div>\n<\/div>\n<\/div>\n<\/section>\n<section id=\"_gezwxpprfqiipqqwrspoexocbpefqygwnlqg\" class=\"brz-section brz-css-1gpbokj\">\n<div class=\"brz-section__content brz-section--fullWidth brz-css-barci1 brz-css-fjhv8g\" data-brz-custom-id=\"oqeuqzymfjyzddgukzguzekxjfajymrhwvnr\">\n<div class=\"brz-container brz-css-14bssd8 brz-css-xtg8ij\">\n<div id=\"\" class=\"brz-css-1c9k1ur brz-wrapper\">\n<div class=\"brz-rich-text brz-rich-text__custom brz-css-gz9kd6\" data-brz-custom-id=\"rxlryaaeakfdjpndmhhvvwtcdeqkmpiyltqe\">\n<div data-brz-translate-text=\"1\">\n<p class=\"brz-text-lg-center brz-tp-lg-heading4 brz-css-nlKlM\" data-generated-css=\"brz-css-uztka\" data-uniq-id=\"brbni\">PROJEKTEK<\/p>\n<\/div>\n<\/div>\n<\/div>\n<div id=\"\" class=\"brz-css-1c9k1ur brz-wrapper\">\n<div class=\"brz-line brz-line-default brz-css-10j4kig brz-css-2rzg9q\" data-brz-custom-id=\"yxapjdiwmqacuhhpvznhdagswfsgfdyuzdoy\">\n<hr class=\"brz-hr\"><\/div>\n<\/div>\n<div id=\"\" class=\"brz-css-1c9k1ur brz-css-1mlfhtn brz-wrapper\">\n<div class=\"brz-spacer brz-css-zjznwf brz-css-1npyjqs\"><\/div>\n<\/div>\n<div id=\"\" class=\"brz-css-1c9k1ur brz-wrapper\">\n<div data-brz-action=\"click\" class=\"brz-tabs brz-tabs--horizontal brz-tabs--style-1 brz-tabs--left brz-css-1sny41i brz-css-1dlws2c\" data-brz-custom-id=\"ayduvcpqsqfezkpsilbyumhltdljpeyrwitx\">\n<ul class=\"brz-tabs__nav brz-tabs__nav--horizontal brz-tabs__nav--style-1 brz-tabs__nav--left\">\n<li class=\"brz-tabs__nav--item brz-tabs__nav--desktop\">\n<div class=\"brz-tabs__nav--button\"><span data-brz-translate-text=\"1\" class=\"brz-span brz-text__editor\">CARPORT<\/span><\/div>\n<\/li>\n<li class=\"brz-tabs__nav--item brz-tabs__nav--desktop\">\n<div class=\"brz-tabs__nav--button\"><span data-brz-translate-text=\"1\" class=\"brz-span brz-text__editor\">KONKR\u00c9T<\/span><\/div>\n<\/li>\n<li class=\"brz-tabs__nav--item brz-tabs__nav--desktop\">\n<div class=\"brz-tabs__nav--button\"><span data-brz-translate-text=\"1\" class=\"brz-span brz-text__editor\">LAPOS TET\u0150<\/span><\/div>\n<\/li>\n<li class=\"brz-tabs__nav--item brz-tabs__nav--desktop\">\n<div class=\"brz-tabs__nav--button\"><span data-brz-translate-text=\"1\" class=\"brz-span brz-text__editor\">TET\u0150 FELS\u0150<\/span><\/div>\n<\/li>\n<li class=\"brz-tabs__nav--item brz-tabs__nav--desktop brz-tabs__nav--active\">\n<div class=\"brz-tabs__nav--button\"><span data-brz-translate-text=\"1\" class=\"brz-span brz-text__editor\">F\u00d6LDI FELSZEREL\u00c9S<\/span><\/div>\n<\/li>\n<li class=\"brz-tabs__nav--item brz-tabs__nav--desktop\">\n<div class=\"brz-tabs__nav--button\"><span data-brz-translate-text=\"1\" class=\"brz-span brz-text__editor\">TRACKER<\/span><\/div>\n<\/li>\n<\/ul>\n<div class=\"brz-tabs__content brz-tabs__content--horizontal brz-tabs__content--style-1 brz-tabs__content--left\">\n<div class=\"brz-tabs__items\">\n<div class=\"brz-tabs__nav--mobile\">\n<div class=\"brz-tabs__nav--button\"><span>CARPORT<\/span><\/div>\n<\/div>\n<div class=\"brz-tabs__item--content brz-d-xs-flex brz-flex-xs-column\">\n<div id=\"\" class=\"brz-css-1c9k1ur brz-css-cgitp1 brz-css-irhzt0 brz-wrapper\">\n<div class=\"brz-posts brz-css-e5aenw brz-css-bojlbf\" data-brz-custom-id=\"uflwhlsipdixulikraieyookdjkfvupdqtij\">\n<div class=\"brz-posts__wrapper\">\n<div class=\"brz-posts__item\">\n<div class=\"brz-columns brz-css-16d8cao brz-css-aw24f2\" data-brz-custom-id=\"vbijgajcjqhjzxytyyxnjkghezvjsyrmkohf\">\n<div class=\"brz-bg\"><\/div>\n<div class=\"brz-column__items brz-css-1hh1bfp brz-css-zvhgft\">\n<div id=\"\" class=\"brz-css-1c9k1ur brz-css-swyrzv brz-wrapper\">\n<div class=\"brz-image brz-css-17pd34f\" data-brz-custom-id=\"yzwgvjknbwumaomezcjadbvjiurvwymeydag\"><img decoding=\"async\" class=\"brz-img\" src=\"\" alt=\"\" loading=\"lazy\" title=\"\"><\/div>\n<\/div>\n<div id=\"\" class=\"brz-css-1c9k1ur brz-wrapper\">\n<div class=\"brz-wp-title brz-css-l5mq4p brz-css-1jyix1v brz-css-ofc2p\" data-brz-custom-id=\"aptkqvjdjyzwjhvnfxslnkrqpaoehdbxnsah\"><span class=\"brz-wp-title-content\"><\/span><\/div>\n<\/div>\n<div class=\"brz-wrapper-clone brz-css-v3z654\">\n<div class=\"brz-d-xs-flex brz-flex-xs-wrap brz-css-ij77i3 brz-css-12msyeo\" data-brz-custom-id=\"\">\n<div class=\"brz-wrapper-clone__item\" id=\"pbvbyapvjveqteuzinqgranlziimqakzzkyb\"><a class=\"brz-a brz-btn brz-css-17dx9pb brz-css-77p5nu brz-css-7kobjr brz-css-1he54ac brz-css-1yyfmj2\" href=\"\" target=\"_self\" rel=\"noopener\" data-brz-link-type=\"external\" data-brz-custom-id=\"pbvbyapvjveqteuzinqgranlziimqakzzkyb\"><span data-brz-translate-text=\"1\" class=\"brz-span brz-text__editor\">READ MORE<\/span><\/a><\/div>\n<\/div>\n<\/div>\n<\/div>\n<\/div>\n<\/div>\n<\/div>\n<\/div>\n<\/div>\n<\/div>\n<\/div>\n<div class=\"brz-tabs__items\">\n<div class=\"brz-tabs__nav--mobile\">\n<div class=\"brz-tabs__nav--button\"><span>KONKR\u00c9T<\/span><\/div>\n<\/div>\n<div class=\"brz-tabs__item--content brz-d-xs-flex brz-flex-xs-column\">\n<div id=\"\" class=\"brz-css-1c9k1ur brz-css-cgitp1 brz-css-eminvd brz-wrapper\">\n<div class=\"brz-posts brz-css-e5aenw brz-css-1imfix6\" data-brz-custom-id=\"gjytxahaqewufisriujutgvuiakocufvmfkx\">\n<div class=\"brz-posts__wrapper\">\n<div class=\"brz-posts__item\">\n<div class=\"brz-columns brz-css-16d8cao brz-css-aw24f2\" data-brz-custom-id=\"xxbwdkuwsarnuyhcwmurhdctunhocojwqrxg\">\n<div class=\"brz-bg\"><\/div>\n<div class=\"brz-column__items brz-css-1hh1bfp brz-css-8qgpog\">\n<div id=\"\" class=\"brz-css-1c9k1ur brz-css-13oey8b brz-wrapper\">\n<div class=\"brz-image brz-css-1bqqaoo\" data-brz-custom-id=\"slnrzyrlwvkwbpujnmjkxrybmgapqggtdyxj\"><img decoding=\"async\" class=\"brz-img\" src=\"\" alt=\"\" loading=\"lazy\" title=\"\"><\/div>\n<\/div>\n<div id=\"\" class=\"brz-css-1c9k1ur brz-wrapper\">\n<div class=\"brz-wp-title brz-css-l5mq4p brz-css-1jyix1v brz-css-198w3ic\" data-brz-custom-id=\"jcopkoppbhonhzanfqcxqeoszkfwrqnzpasz\"><span class=\"brz-wp-title-content\"><\/span><\/div>\n<\/div>\n<div class=\"brz-wrapper-clone brz-css-v3z654\">\n<div class=\"brz-d-xs-flex brz-flex-xs-wrap brz-css-ij77i3 brz-css-5s1p4i\" data-brz-custom-id=\"\">\n<div class=\"brz-wrapper-clone__item\" id=\"xdrqxoqjqpcujyaiqstaokzpuubajdmznmxw\"><a class=\"brz-a brz-btn brz-css-17dx9pb brz-css-1vs8uwd brz-css-7kobjr brz-css-1he54ac brz-css-bsz8fx\" href=\"\" target=\"_self\" rel=\"noopener\" data-brz-link-type=\"external\" data-brz-custom-id=\"xdrqxoqjqpcujyaiqstaokzpuubajdmznmxw\"><span data-brz-translate-text=\"1\" class=\"brz-span brz-text__editor\">READ MORE<\/span><\/a><\/div>\n<\/div>\n<\/div>\n<\/div>\n<\/div>\n<\/div>\n<\/div>\n<\/div>\n<\/div>\n<\/div>\n<\/div>\n<div class=\"brz-tabs__items\">\n<div class=\"brz-tabs__nav--mobile\">\n<div class=\"brz-tabs__nav--button\"><span>LAPOS TET\u0150<\/span><\/div>\n<\/div>\n<div class=\"brz-tabs__item--content brz-d-xs-flex brz-flex-xs-column\">\n<div id=\"\" class=\"brz-css-1c9k1ur brz-css-cgitp1 brz-css-m9yra9 brz-wrapper\">\n<div class=\"brz-posts brz-css-e5aenw brz-css-nyfk1q\" data-brz-custom-id=\"tdiowqlczsdbdpnwmwvkbiaiblfjeacwffyf\">\n<div class=\"brz-posts__wrapper\">\n<div class=\"brz-posts__item\">\n<div class=\"brz-columns brz-css-16d8cao brz-css-aw24f2\" data-brz-custom-id=\"tociolqrlacnmkmgveiyblgwjjgtooxzxfow\">\n<div class=\"brz-bg\"><\/div>\n<div class=\"brz-column__items brz-css-1hh1bfp brz-css-itse26\">\n<div id=\"\" class=\"brz-css-1c9k1ur brz-css-tjzlsp brz-wrapper\">\n<div class=\"brz-image brz-css-1hp8ifp\" data-brz-custom-id=\"cvytxpvexyyracaerjffllhwvufialobarhe\"><img decoding=\"async\" class=\"brz-img\" src=\"\" alt=\"\" loading=\"lazy\" title=\"\"><\/div>\n<\/div>\n<div id=\"\" class=\"brz-css-1c9k1ur brz-wrapper\">\n<div class=\"brz-wp-title brz-css-l5mq4p brz-css-1jyix1v brz-css-1m9x18i\" data-brz-custom-id=\"wumlshrlbfytvvxutyxtjwkqbjfmjjowkgad\"><span class=\"brz-wp-title-content\"><\/span><\/div>\n<\/div>\n<div class=\"brz-wrapper-clone brz-css-v3z654\">\n<div class=\"brz-d-xs-flex brz-flex-xs-wrap brz-css-ij77i3 brz-css-170llhq\" data-brz-custom-id=\"\">\n<div class=\"brz-wrapper-clone__item\" id=\"eextezrhqtczmhmxbponwmxepxkkjwysoqgm\"><a class=\"brz-a brz-btn brz-css-17dx9pb brz-css-8viyym brz-css-7kobjr brz-css-1he54ac brz-css-4u95w7\" href=\"\" target=\"_self\" rel=\"noopener\" data-brz-link-type=\"external\" data-brz-custom-id=\"eextezrhqtczmhmxbponwmxepxkkjwysoqgm\"><span data-brz-translate-text=\"1\" class=\"brz-span brz-text__editor\">READ MORE<\/span><\/a><\/div>\n<\/div>\n<\/div>\n<\/div>\n<\/div>\n<\/div>\n<\/div>\n<\/div>\n<\/div>\n<\/div>\n<\/div>\n<div class=\"brz-tabs__items\">\n<div class=\"brz-tabs__nav--mobile\">\n<div class=\"brz-tabs__nav--button\"><span>TET\u0150 FELS\u0150<\/span><\/div>\n<\/div>\n<div class=\"brz-tabs__item--content brz-d-xs-flex brz-flex-xs-column\">\n<div id=\"\" class=\"brz-css-1c9k1ur brz-css-cgitp1 brz-css-131j7kr brz-wrapper\">\n<div class=\"brz-posts brz-css-e5aenw brz-css-rmeoue\" data-brz-custom-id=\"gmbhywzsfbjvrkkibnvsbwaveeyrgeqbshdz\">\n<div class=\"brz-posts__wrapper\">\n<div class=\"brz-posts__item\">\n<div class=\"brz-columns brz-css-16d8cao brz-css-aw24f2\" data-brz-custom-id=\"umtpsakfqiszpbtuujnmxxvzcrgcjwmzqcig\">\n<div class=\"brz-bg\"><\/div>\n<div class=\"brz-column__items brz-css-1hh1bfp brz-css-zuydaa\">\n<div id=\"\" class=\"brz-css-1c9k1ur brz-css-ar3mwq brz-wrapper\">\n<div class=\"brz-image brz-css-9hmkr8\" data-brz-custom-id=\"xamrdkdsveqanabavraezcirzlavbkassvgp\"><img decoding=\"async\" class=\"brz-img\" src=\"\" alt=\"\" loading=\"lazy\" title=\"\"><\/div>\n<\/div>\n<div id=\"\" class=\"brz-css-1c9k1ur brz-wrapper\">\n<div class=\"brz-wp-title brz-css-l5mq4p brz-css-1jyix1v brz-css-dau29w\" data-brz-custom-id=\"lvzjcptdlttkyilwibpmjjgwuwlvkvznhghy\"><span class=\"brz-wp-title-content\"><\/span><\/div>\n<\/div>\n<div class=\"brz-wrapper-clone brz-css-v3z654\">\n<div class=\"brz-d-xs-flex brz-flex-xs-wrap brz-css-ij77i3 brz-css-16oagfs\" data-brz-custom-id=\"\">\n<div class=\"brz-wrapper-clone__item\" id=\"tvmlglffowgfagegpzlenrceauznrgnqgudl\"><a class=\"brz-a brz-btn brz-css-17dx9pb brz-css-1jogfa4 brz-css-7kobjr brz-css-1he54ac brz-css-1dbfzyq\" href=\"\" target=\"_self\" rel=\"noopener\" data-brz-link-type=\"external\" data-brz-custom-id=\"tvmlglffowgfagegpzlenrceauznrgnqgudl\"><span data-brz-translate-text=\"1\" class=\"brz-span brz-text__editor\">READ MORE<\/span><\/a><\/div>\n<\/div>\n<\/div>\n<\/div>\n<\/div>\n<\/div>\n<\/div>\n<\/div>\n<\/div>\n<\/div>\n<\/div>\n<div class=\"brz-tabs__items brz-tabs__items--active\">\n<div class=\"brz-tabs__nav--mobile brz-tabs__nav--mobile--active\">\n<div class=\"brz-tabs__nav--button\"><span>F\u00d6LDI FELSZEREL\u00c9S<\/span><\/div>\n<\/div>\n<div class=\"brz-tabs__item--content brz-d-xs-flex brz-flex-xs-column\">\n<div id=\"\" class=\"brz-css-1c9k1ur brz-css-cgitp1 brz-css-1ceeoev brz-wrapper\">\n<div class=\"brz-posts brz-css-e5aenw brz-css-2x8vf2\" data-brz-custom-id=\"cpkdfqhrffyfilgkkumolcpyfcensaqjjclv\">\n<div class=\"brz-posts__wrapper\">\n<div class=\"brz-posts__item\">\n<div class=\"brz-columns brz-css-16d8cao brz-css-aw24f2\" data-brz-custom-id=\"ivcbgeiyhcqqmkzhxipvxwvjlwzcujmaezrg\">\n<div class=\"brz-bg\"><\/div>\n<div class=\"brz-column__items brz-css-1hh1bfp brz-css-1hhb5u3\">\n<div id=\"\" class=\"brz-css-1c9k1ur brz-css-4ud570 brz-wrapper\">\n<div class=\"brz-image brz-css-15bsfuy\" data-brz-custom-id=\"bjcjerbajjjiqjjizrcfltgbuoziigdjmssd\"><img decoding=\"async\" class=\"brz-img\" src=\"\" alt=\"\" loading=\"lazy\" title=\"\"><\/div>\n<\/div>\n<div id=\"\" class=\"brz-css-1c9k1ur brz-wrapper\">\n<div class=\"brz-wp-title brz-css-l5mq4p brz-css-1jyix1v brz-css-gus89f\" data-brz-custom-id=\"dpssyufuascegsbxigljgwolfjffljonkhwo\"><span class=\"brz-wp-title-content\"><\/span><\/div>\n<\/div>\n<div class=\"brz-wrapper-clone brz-css-v3z654\">\n<div class=\"brz-d-xs-flex brz-flex-xs-wrap brz-css-ij77i3 brz-css-1s77z7y\" data-brz-custom-id=\"\">\n<div class=\"brz-wrapper-clone__item\" id=\"jsdfrsguapfmhrnrqfoxkucjtvagswrxwqww\"><a class=\"brz-a brz-btn brz-css-17dx9pb brz-css-l3bh75 brz-css-7kobjr brz-css-1he54ac brz-css-5u11m\" href=\"\" target=\"_self\" rel=\"noopener\" data-brz-link-type=\"external\" data-brz-custom-id=\"jsdfrsguapfmhrnrqfoxkucjtvagswrxwqww\"><span data-brz-translate-text=\"1\" class=\"brz-span brz-text__editor\">READ MORE<\/span><\/a><\/div>\n<\/div>\n<\/div>\n<\/div>\n<\/div>\n<\/div>\n<\/div>\n<\/div>\n<\/div>\n<\/div>\n<\/div>\n<div class=\"brz-tabs__items\">\n<div class=\"brz-tabs__nav--mobile\">\n<div class=\"brz-tabs__nav--button\"><span>TRACKER<\/span><\/div>\n<\/div>\n<div class=\"brz-tabs__item--content brz-d-xs-flex brz-flex-xs-column\">\n<div id=\"\" class=\"brz-css-1c9k1ur brz-css-cgitp1 brz-css-vme2l8 brz-wrapper\">\n<div class=\"brz-posts brz-css-e5aenw brz-css-16qgtux\" data-brz-custom-id=\"acupxgynwywkuccvbiwjcwhyhqsiciyhfgzc\">\n<div class=\"brz-posts__wrapper\">\n<div class=\"brz-posts__item\">\n<div class=\"brz-columns brz-css-16d8cao brz-css-aw24f2\" data-brz-custom-id=\"abyjqoafbrpgywwkqgurszbqvzheptopbicv\">\n<div class=\"brz-bg\"><\/div>\n<div class=\"brz-column__items brz-css-1hh1bfp brz-css-yc20hk\">\n<div id=\"\" class=\"brz-css-1c9k1ur brz-css-12tosb9 brz-wrapper\">\n<div class=\"brz-image brz-css-z5trx7\" data-brz-custom-id=\"wecojednrwqegbkfkjgiaeocsiwnqigvczry\"><img decoding=\"async\" class=\"brz-img\" src=\"\" alt=\"\" loading=\"lazy\" title=\"\"><\/div>\n<\/div>\n<div id=\"\" class=\"brz-css-1c9k1ur brz-wrapper\">\n<div class=\"brz-wp-title brz-css-l5mq4p brz-css-1jyix1v brz-css-1fkn0ex\" data-brz-custom-id=\"mapwkdpnynplrziivdogypjnqainmxldwegg\"><span class=\"brz-wp-title-content\"><\/span><\/div>\n<\/div>\n<div class=\"brz-wrapper-clone brz-css-v3z654\">\n<div class=\"brz-d-xs-flex brz-flex-xs-wrap brz-css-ij77i3 brz-css-12uoplr\" data-brz-custom-id=\"\">\n<div class=\"brz-wrapper-clone__item\" id=\"ykfjzlcvyldsorpfjsvloaoexhikvwbmxuay\"><a class=\"brz-a brz-btn brz-css-17dx9pb brz-css-gpfjbc brz-css-7kobjr brz-css-1he54ac brz-css-a6udnx\" href=\"\" target=\"_self\" rel=\"noopener\" data-brz-link-type=\"external\" data-brz-custom-id=\"ykfjzlcvyldsorpfjsvloaoexhikvwbmxuay\"><span data-brz-translate-text=\"1\" class=\"brz-span brz-text__editor\">READ MORE<\/span><\/a><\/div>\n<\/div>\n<\/div>\n<\/div>\n<\/div>\n<\/div>\n<\/div>\n<\/div>\n<\/div>\n<\/div>\n<\/div>\n<\/div>\n<\/div>\n<\/div>\n<\/div>\n<\/div>\n<\/section>\n<\/div>\n<p>    <!-- version:1737003159 --><\/p>\n","protected":false},"excerpt":{"rendered":"<p>RRE PV\u00a9 \u2013 betontart\u00f3 rendszer fotovoltaikus panelekhez RRE PV\u00a9 \u2013 betontart\u00f3 rendszer fotovoltaikus panelekhez, amelyet kifejezetten olyan neh\u00e9z terepviszonyokkal rendelkez\u0151 ter\u00fcletekre terveztek, mint a puha talaj, homokos talaj, k\u00f6ves talaj, szikl\u00e1s talaj, tengerparti ter\u00fclet rendk\u00edv\u00fcl s\u00f3s homokos talajjal, vagy ha a talajb\u00f3l nem lehets\u00e9ges megfelel\u0151 statikus terhel\u00e9s. Ez az RRE PV\u00a9 &#8211; Beton rendszer el\u0151regy\u00e1rtott [&hellip;]<\/p>\n","protected":false},"author":1,"featured_media":2775,"parent":0,"menu_order":0,"comment_status":"closed","ping_status":"closed","template":"","meta":{"footnotes":""},"class_list":["post-3057","page","type-page","status-publish","has-post-thumbnail","hentry"],"blocksy_meta":{"styles_descriptor":{"styles":{"desktop":"","tablet":"","mobile":""},"google_fonts":[],"version":6}},"brizy_media":[],"_links":{"self":[{"href":"https:\/\/photovoltaic-structures.com\/hu\/wp-json\/wp\/v2\/pages\/3057","targetHints":{"allow":["GET"]}}],"collection":[{"href":"https:\/\/photovoltaic-structures.com\/hu\/wp-json\/wp\/v2\/pages"}],"about":[{"href":"https:\/\/photovoltaic-structures.com\/hu\/wp-json\/wp\/v2\/types\/page"}],"author":[{"embeddable":true,"href":"https:\/\/photovoltaic-structures.com\/hu\/wp-json\/wp\/v2\/users\/1"}],"replies":[{"embeddable":true,"href":"https:\/\/photovoltaic-structures.com\/hu\/wp-json\/wp\/v2\/comments?post=3057"}],"version-history":[{"count":0,"href":"https:\/\/photovoltaic-structures.com\/hu\/wp-json\/wp\/v2\/pages\/3057\/revisions"}],"wp:featuredmedia":[{"embeddable":true,"href":"https:\/\/photovoltaic-structures.com\/hu\/wp-json\/wp\/v2\/media\/2775"}],"wp:attachment":[{"href":"https:\/\/photovoltaic-structures.com\/hu\/wp-json\/wp\/v2\/media?parent=3057"}],"curies":[{"name":"wp","href":"https:\/\/api.w.org\/{rel}","templated":true}]}}