{"id":3059,"date":"2022-03-01T16:44:18","date_gmt":"2022-03-01T16:44:18","guid":{"rendered":"https:\/\/photovoltaic-structures.com\/?page_id=3059"},"modified":"2026-04-07T04:47:54","modified_gmt":"2026-04-07T04:47:54","slug":"fotovoltaikus-szerkezetek-rre-pv-kerites-pv-vel-fuggoleges-telepites","status":"publish","type":"page","link":"https:\/\/photovoltaic-structures.com\/hu\/fotovoltaikus-szerkezetek-rre-pv-kerites-pv-vel-fuggoleges-telepites\/","title":{"rendered":"Fotovoltaikus szerkezetek \u2013 RRE PV\u00a9 \u2013 KER\u00cdT\u00c9S PV-vel \u2013 F\u00fcgg\u0151leges telep\u00edt\u00e9s"},"content":{"rendered":"<div class=\"brz-root__container brz-reset-all brz brz-root__container-page\">\n<section id=\"_jwflacsridecugcnrhgndsebrahphkqijwan\" class=\"brz-section brz-css-wg6dfz\">\n<div class=\"brz-section__content brz-section--fullWidth brz-css-mogexq brz-css-d6mcnw\" data-brz-custom-id=\"hgfivgkkpoqdildvmjmdccsysmlqajjysfxy\">\n<div class=\"brz-container brz-css-10r104 brz-css-leo830\">\n<div id=\"\" class=\"brz-css-lmongd brz-wrapper\">\n<div class=\"brz-rich-text brz-rich-text__custom brz-css-14qwjyq\" data-brz-custom-id=\"sssxvnbfjicycewbybghwsxnlkxwxeyygfyq\">\n<div data-brz-translate-text=\"1\">\n<p class=\"brz-text-lg-center brz-tp-lg-heading4 brz-css-kJ0u4\" data-generated-css=\"brz-css-uufpf\" data-uniq-id=\"ibayh\">RRE PV\u00a9 \u2013 KER\u00cdT\u00c9S PV-vel \u2013 F\u00fcgg\u0151leges telep\u00edt\u00e9s \u2013 F\u00fcgg\u0151leges t\u00edpus\u00fa bifaci\u00e1lis panelek telep\u00edt\u00e9s\u00e9vel m\u0171k\u00f6d\u0151 fotovoltaikus rendszer.<\/p>\n<\/div>\n<\/div>\n<\/div>\n<div class=\"brz-row__container brz-css-1y6oand\" data-brz-custom-id=\"ustkarzyrtjxjcugvgghhxahbnkfzglhrtoa\">\n<div class=\"brz-bg\"><\/div>\n<div class=\"brz-row brz-css-1pd0hub brz-css-fvhis3\">\n<div class=\"brz-columns brz-css-qdrtx0\" data-brz-custom-id=\"uektuujaetohejruymlqkzhsxluxyhayzigq\">\n<div class=\"brz-bg\"><\/div>\n<div class=\"brz-column__items brz-css-wicyn5 brz-css-c90o5z\">\n<div id=\"\" class=\"brz-css-lmongd brz-css-wc84ky brz-wrapper\">\n<div class=\"brz-image brz-css-1a15syh\" data-brz-custom-id=\"nccvmlbymolweuydrmgbwuujrwlkgvvygsmr\"><img decoding=\"async\" class=\"brz-img\" src=\"https:\/\/photovoltaic-structures.com\/hu?tsbuilder_media=wp-9b7d8f2c6bb2bb0b81175e93645a9b3d.jpg&amp;tsbuilder_crop=iW%3D930%26iH%3D779%26oX%3D0%26oY%3D0%26cW%3D930%26cH%3D779\" alt=\"\" loading=\"lazy\" title=\"\"><\/div>\n<\/div>\n<\/div>\n<\/div>\n<div class=\"brz-columns brz-css-qdrtx0\" data-brz-custom-id=\"cnnvlousshxcpwssctgtvdhxzeijmcfbhfqa\">\n<div class=\"brz-bg\"><\/div>\n<div class=\"brz-column__items brz-css-wicyn5 brz-css-v0l76b\">\n<div id=\"\" class=\"brz-css-lmongd brz-wrapper\">\n<div class=\"brz-rich-text brz-rich-text__custom brz-css-14qwjyq\" data-brz-custom-id=\"guaqjsjoijpupkgacmigtuylssupljtquiso\">\n<div data-brz-translate-text=\"1\">\n<p class=\"brz-tp-lg-paragraph brz-css-iDfha\" data-uniq-id=\"fgyiz\" data-generated-css=\"brz-css-qxiow\">Ez 20-25%-kal magasabb termel\u00e9st biztos\u00edt, mint a hagyom\u00e1nyos d\u00e9li fekv\u00e9s\u0171 rendszerek.<\/p>\n<p class=\"brz-tp-lg-paragraph brz-css-b9EKE\" data-uniq-id=\"fgyiz\" data-generated-css=\"brz-css-qxiow\">\n<p class=\"brz-tp-lg-paragraph brz-css-h4aFy\" data-uniq-id=\"puwpf\" data-generated-css=\"brz-css-kfgov\">A rendszert olyan mez\u0151gazdas\u00e1gi ter\u00fcleteken haszn\u00e1lj\u00e1k, ahol a mez\u0151gazdas\u00e1gi \u00e9s\/vagy \u00e1llatteny\u00e9szt\u00e9si c\u00e9l\u00fa ter\u00fcletek lehat\u00e1rolhat\u00f3k.<\/p>\n<p class=\"brz-tp-lg-paragraph brz-css-jZal2\" data-generated-css=\"brz-css-kfgov\" data-uniq-id=\"puwpf\">\n<p class=\"brz-text-lg-justify brz-tp-lg-paragraph brz-css-cvY3I\" data-generated-css=\"brz-css-drqfb\" data-uniq-id=\"uuuez\">A rendszernek nincs negat\u00edv hat\u00e1sa a mez\u0151gazdas\u00e1gi ter\u00fcletekre, \u00e9s mind\u00f6ssze egy elhat\u00e1rol\u00e1st jelent, \u00edgy a hat\u00f3s\u00e1gok nagyon k\u00f6nnyen j\u00f3v\u00e1hagyj\u00e1k.<\/p>\n<\/div>\n<\/div>\n<\/div>\n<\/div>\n<\/div>\n<\/div>\n<\/div>\n<\/div>\n<\/div>\n<\/section>\n<section id=\"_bboqzzgzrroxdzlfdktnjnxyeymhggzpyndo\" class=\"brz-section brz-css-wg6dfz\">\n<div class=\"brz-section__content brz-section--boxed brz-css-mogexq\" data-brz-custom-id=\"qqobnqidawrsyqmluuhvhmxwpnxixzzxfjno\">\n<div class=\"brz-container brz-css-10r104\">\n<div id=\"\" class=\"brz-css-lmongd brz-css-1oaji6r brz-wrapper\">\n<div class=\"brz-image brz-css-ey2c0i\" data-brz-custom-id=\"wvzavdzprzyyiynuvqiwwlypnojmklfewawj\"><img decoding=\"async\" class=\"brz-img\" src=\"https:\/\/photovoltaic-structures.com\/hu?tsbuilder_media=wp-4ee1b714ca1c77cd6b89fdc662014f1c.png&amp;tsbuilder_crop=original\" alt=\"\" loading=\"lazy\" title=\"\"><\/div>\n<\/div>\n<\/div>\n<\/div>\n<\/section>\n<section id=\"_gegfuivtruitolosfvdidaixjfpbtaahoxge\" class=\"brz-section brz-css-wg6dfz\">\n<div class=\"brz-section__content brz-section--fullWidth brz-css-mogexq brz-css-pqrbuj\" data-brz-custom-id=\"tfhyuoxxoleeepdjpyohlwsmbbdarlopbzxt\">\n<div class=\"brz-container brz-css-10r104 brz-css-ll81ur\">\n<div id=\"\" class=\"brz-css-lmongd brz-wrapper\">\n<div class=\"brz-rich-text brz-rich-text__custom brz-css-14qwjyq\" data-brz-custom-id=\"gmatuefrkwrnjykfevprbazufzytxscjmsnu\">\n<div data-brz-translate-text=\"1\">\n<h3 class=\"brz-text-lg-center brz-tp-lg-heading3 brz-css-lK0Wu\" data-uniq-id=\"wukvl\" data-generated-css=\"brz-css-dbzkx\">A szerkezetek modelljei a fotovoltaikus panelek t\u00e1jol\u00e1sa szerint.<\/h3>\n<\/div>\n<\/div>\n<\/div>\n<div id=\"\" class=\"brz-css-lmongd brz-wrapper\">\n<div class=\"brz-line brz-line-default brz-css-1wf3jnv brz-css-skvg92\" data-brz-custom-id=\"sfqmoitseiijlrddifcfbkxlssdppfapepeo\">\n<hr class=\"brz-hr\"><\/div>\n<\/div>\n<div id=\"\" class=\"brz-css-lmongd brz-css-9kk4ww brz-wrapper\">\n<div class=\"brz-spacer brz-css-1u3d27y\"><\/div>\n<\/div>\n<div class=\"brz-row__container brz-css-1y6oand\" data-brz-custom-id=\"ygubbhchtyfynnjzrohfmpknlloflmfllloa\">\n<div class=\"brz-bg\"><\/div>\n<div class=\"brz-row brz-css-1pd0hub\">\n<div class=\"brz-columns brz-css-qdrtx0\" data-brz-custom-id=\"jngiibuahumkpwhmzqjahbzbueordbviopxp\">\n<div class=\"brz-bg\"><\/div>\n<div class=\"brz-column__items brz-css-wicyn5\">\n<div id=\"\" class=\"brz-css-lmongd brz-css-1n4g8ox brz-wrapper\">\n<div class=\"brz-image brz-css-1ggg3cy\" data-brz-custom-id=\"pzodzgbghvdzeisqhzfnwcnzwxbcvhegzski\"><img decoding=\"async\" class=\"brz-img\" src=\"https:\/\/photovoltaic-structures.com\/hu?tsbuilder_media=wp-a73704a7b1d42494fb7346730d33fe61.jpg&amp;tsbuilder_crop=iW%3D509%26iH%3D761%26oX%3D1%26oY%3D0%26cW%3D506%26cH%3D761\" alt=\"\" loading=\"lazy\" title=\"\"><\/div>\n<\/div>\n<div id=\"\" class=\"brz-css-lmongd brz-css-9kk4ww brz-wrapper\">\n<div class=\"brz-spacer brz-css-1u3d27y brz-css-1ovuz5x\"><\/div>\n<\/div>\n<div id=\"\" class=\"brz-css-lmongd brz-wrapper\">\n<div class=\"brz-rich-text brz-rich-text__custom brz-css-14qwjyq\" data-brz-custom-id=\"nivxirzcandfwwowoejqohiexshljfmahmqg\">\n<div data-brz-translate-text=\"1\">\n<p class=\"brz-text-lg-center brz-tp-lg-heading6 brz-css-w68aK\" data-uniq-id=\"gxqnl\" data-generated-css=\"brz-css-imxpx\">F\u00f6ldre szerelt szerkezeti rendszerek a panelek f\u00fcgg\u0151leges elrendez\u00e9sben t\u00f6rt\u00e9n\u0151 telep\u00edt\u00e9s\u00e9hez. D\u0151l\u00e9ssz\u00f6g 10-35 fok a modellt\u0151l f\u00fcgg\u0151en.<\/p>\n<\/div>\n<\/div>\n<\/div>\n<\/div>\n<\/div>\n<div class=\"brz-columns brz-css-qdrtx0 brz-css-7bg8jd\" data-brz-custom-id=\"pzmcpkghmgtheuzhpcidrgwjppvvvicumecn\">\n<div class=\"brz-bg\"><\/div>\n<div class=\"brz-column__items brz-css-wicyn5\">\n<div id=\"\" class=\"brz-css-lmongd brz-css-617r1e brz-wrapper\">\n<div class=\"brz-image brz-css-ea2qe9\" data-brz-custom-id=\"ctifvnzskthvmlbijrkxvzzaxjmksajpbjjn\"><img decoding=\"async\" class=\"brz-img\" src=\"https:\/\/photovoltaic-structures.com\/hu?tsbuilder_media=wp-96e0f4689f44f9ba616c689d0bd38de7.jpg&amp;tsbuilder_crop=iW%3D529%26iH%3D762%26oX%3D12%26oY%3D0%26cW%3D506%26cH%3D762\" alt=\"\" loading=\"lazy\" title=\"\"><\/div>\n<\/div>\n<div id=\"\" class=\"brz-css-lmongd brz-css-9kk4ww brz-wrapper\">\n<div class=\"brz-spacer brz-css-1u3d27y brz-css-82e1tr\"><\/div>\n<\/div>\n<div id=\"\" class=\"brz-css-lmongd brz-wrapper\">\n<div class=\"brz-rich-text brz-rich-text__custom brz-css-14qwjyq\" data-brz-custom-id=\"vwjefnorqvcixfnpjssqmtbbwutkgtthbkja\">\n<div data-brz-translate-text=\"1\">\n<p class=\"brz-text-lg-center brz-tp-lg-heading6 brz-css-bA8fj\" data-uniq-id=\"vvvhk\" data-generated-css=\"brz-css-ecmxi\">F\u00f6ldre szerelt szerkezeti rendszerek a panelek v\u00edzszintes elrendez\u00e9sben t\u00f6rt\u00e9n\u0151 telep\u00edt\u00e9s\u00e9hez. D\u0151l\u00e9ssz\u00f6g 10-35 fok a modellt\u0151l f\u00fcgg\u0151en.<\/p>\n<\/div>\n<\/div>\n<\/div>\n<\/div>\n<\/div>\n<\/div>\n<\/div>\n<\/div>\n<\/div>\n<\/section>\n<section id=\"_xylzcqqhlizxhvqutfnxgoxdykqzukeaklxq\" class=\"brz-section brz-css-wg6dfz\">\n<div class=\"brz-section__content brz-section--fullWidth brz-css-mogexq brz-css-9hkc87\" data-brz-custom-id=\"khaskvnjhxothprcoadodvtmjztxlzntfbha\">\n<div class=\"brz-container brz-css-10r104 brz-css-in1suy\">\n<div id=\"\" class=\"brz-css-lmongd brz-wrapper\">\n<div class=\"brz-rich-text brz-rich-text__custom brz-css-14qwjyq\" data-brz-custom-id=\"zeyvylsfikydlsqouqyqsrobfklcxvesqoui\">\n<div data-brz-translate-text=\"1\">\n<p class=\"brz-text-lg-center brz-tp-lg-heading4 brz-css-bFP1x\" data-generated-css=\"brz-css-uztka\" data-uniq-id=\"brbni\">PROJEKTEK<\/p>\n<\/div>\n<\/div>\n<\/div>\n<div id=\"\" class=\"brz-css-lmongd brz-wrapper\">\n<div class=\"brz-line brz-line-default brz-css-1wf3jnv brz-css-qf49rl\" data-brz-custom-id=\"eswbpwyyqxnzaxrmupooisfhkskziqkblroy\">\n<hr class=\"brz-hr\"><\/div>\n<\/div>\n<div id=\"\" class=\"brz-css-lmongd brz-css-9kk4ww brz-wrapper\">\n<div class=\"brz-spacer brz-css-1u3d27y brz-css-1ptus59\"><\/div>\n<\/div>\n<div id=\"\" class=\"brz-css-lmongd brz-wrapper\">\n<div data-brz-action=\"click\" class=\"brz-tabs brz-tabs--horizontal brz-tabs--style-1 brz-tabs--left brz-css-1t4s9u6 brz-css-t3me5k\" data-brz-custom-id=\"vwaduhvjsgoypuciwushswkykqkrrtrumkws\">\n<ul class=\"brz-tabs__nav brz-tabs__nav--horizontal brz-tabs__nav--style-1 brz-tabs__nav--left\">\n<li class=\"brz-tabs__nav--item brz-tabs__nav--desktop\">\n<div class=\"brz-tabs__nav--button\"><span data-brz-translate-text=\"1\" class=\"brz-span brz-text__editor\">CARPORT<\/span><\/div>\n<\/li>\n<li class=\"brz-tabs__nav--item brz-tabs__nav--desktop\">\n<div class=\"brz-tabs__nav--button\"><span data-brz-translate-text=\"1\" class=\"brz-span brz-text__editor\">KONKR\u00c9T<\/span><\/div>\n<\/li>\n<li class=\"brz-tabs__nav--item brz-tabs__nav--desktop\">\n<div class=\"brz-tabs__nav--button\"><span data-brz-translate-text=\"1\" class=\"brz-span brz-text__editor\">LAPOS TET\u0150<\/span><\/div>\n<\/li>\n<li class=\"brz-tabs__nav--item brz-tabs__nav--desktop\">\n<div class=\"brz-tabs__nav--button\"><span data-brz-translate-text=\"1\" class=\"brz-span brz-text__editor\">TET\u0150 FELS\u0150<\/span><\/div>\n<\/li>\n<li class=\"brz-tabs__nav--item brz-tabs__nav--desktop brz-tabs__nav--active\">\n<div class=\"brz-tabs__nav--button\"><span data-brz-translate-text=\"1\" class=\"brz-span brz-text__editor\">F\u00d6LDI FELSZEREL\u00c9S<\/span><\/div>\n<\/li>\n<li class=\"brz-tabs__nav--item brz-tabs__nav--desktop\">\n<div class=\"brz-tabs__nav--button\"><span data-brz-translate-text=\"1\" class=\"brz-span brz-text__editor\">TRACKER<\/span><\/div>\n<\/li>\n<\/ul>\n<div class=\"brz-tabs__content brz-tabs__content--horizontal brz-tabs__content--style-1 brz-tabs__content--left\">\n<div class=\"brz-tabs__items\">\n<div class=\"brz-tabs__nav--mobile\">\n<div class=\"brz-tabs__nav--button\"><span>CARPORT<\/span><\/div>\n<\/div>\n<div class=\"brz-tabs__item--content brz-d-xs-flex brz-flex-xs-column\">\n<div id=\"\" class=\"brz-css-lmongd brz-css-rmcnph brz-css-u1fqci brz-wrapper\">\n<div class=\"brz-posts brz-css-olievb brz-css-1y88kvy\" data-brz-custom-id=\"uyadfnhucjrflvzrxcfwlwvgfckwhmuyzjjd\">\n<div class=\"brz-posts__wrapper\">\n<div class=\"brz-posts__item\">\n<div class=\"brz-columns brz-css-qdrtx0 brz-css-1dp2t8h\" data-brz-custom-id=\"pqegdeewvpnrokavnoplcjgtbxkqacxvxpbo\">\n<div class=\"brz-bg\"><\/div>\n<div class=\"brz-column__items brz-css-wicyn5 brz-css-1hbp0vg\">\n<div id=\"\" class=\"brz-css-lmongd brz-css-1i5l4qc brz-wrapper\">\n<div class=\"brz-image brz-css-176h6nl\" data-brz-custom-id=\"fgtoiakuvefxpiisrwrmjdtksbkcsvxjmxhw\"><img decoding=\"async\" class=\"brz-img\" src=\"\" alt=\"\" loading=\"lazy\" title=\"\"><\/div>\n<\/div>\n<div id=\"\" class=\"brz-css-lmongd brz-wrapper\">\n<div class=\"brz-wp-title brz-css-1igdglf brz-css-1qvkepq brz-css-1ozzoao\" data-brz-custom-id=\"fpumxoynqldwjyeykjmoqrobqfyjcoqebpzc\"><span class=\"brz-wp-title-content\"><\/span><\/div>\n<\/div>\n<div class=\"brz-wrapper-clone brz-css-12s1wrc\">\n<div class=\"brz-d-xs-flex brz-flex-xs-wrap brz-css-1upd38k brz-css-1fz9tg3\" data-brz-custom-id=\"\">\n<div class=\"brz-wrapper-clone__item\" id=\"ahvtebdxztehzvbulbgiepwdrondwrsmjtup\"><a class=\"brz-a brz-btn brz-css-11c0ptj brz-css-qmpfrc brz-css-chur0i brz-css-9ebj8e brz-css-1l27sty\" href=\"\" target=\"_self\" rel=\"noopener\" data-brz-link-type=\"external\" data-brz-custom-id=\"ahvtebdxztehzvbulbgiepwdrondwrsmjtup\"><span data-brz-translate-text=\"1\" class=\"brz-span brz-text__editor\">READ MORE<\/span><\/a><\/div>\n<\/div>\n<\/div>\n<\/div>\n<\/div>\n<\/div>\n<\/div>\n<\/div>\n<\/div>\n<\/div>\n<\/div>\n<div class=\"brz-tabs__items\">\n<div class=\"brz-tabs__nav--mobile\">\n<div class=\"brz-tabs__nav--button\"><span>KONKR\u00c9T<\/span><\/div>\n<\/div>\n<div class=\"brz-tabs__item--content brz-d-xs-flex brz-flex-xs-column\">\n<div id=\"\" class=\"brz-css-lmongd brz-css-rmcnph brz-css-19wyh64 brz-wrapper\">\n<div class=\"brz-posts brz-css-olievb brz-css-b4w9sv\" data-brz-custom-id=\"wjotjqefsujoqxraefccbpjpullbuspbmeai\">\n<div class=\"brz-posts__wrapper\">\n<div class=\"brz-posts__item\">\n<div class=\"brz-columns brz-css-qdrtx0 brz-css-1dp2t8h\" data-brz-custom-id=\"bmsohaernmijzqrwxaweagfhwaklrccnzvlr\">\n<div class=\"brz-bg\"><\/div>\n<div class=\"brz-column__items brz-css-wicyn5 brz-css-malta1\">\n<div id=\"\" class=\"brz-css-lmongd brz-css-11fl5a6 brz-wrapper\">\n<div class=\"brz-image brz-css-jk2eam\" data-brz-custom-id=\"sshxaxxduxbzrylmgljtyttsexbmtconnoem\"><img decoding=\"async\" class=\"brz-img\" src=\"\" alt=\"\" loading=\"lazy\" title=\"\"><\/div>\n<\/div>\n<div id=\"\" class=\"brz-css-lmongd brz-wrapper\">\n<div class=\"brz-wp-title brz-css-1igdglf brz-css-1qvkepq brz-css-ff3pyg\" data-brz-custom-id=\"hxsoxfuqcywjojobqjlfwkckdhosacnstxam\"><span class=\"brz-wp-title-content\"><\/span><\/div>\n<\/div>\n<div class=\"brz-wrapper-clone brz-css-12s1wrc\">\n<div class=\"brz-d-xs-flex brz-flex-xs-wrap brz-css-1upd38k brz-css-1rgu0tb\" data-brz-custom-id=\"\">\n<div class=\"brz-wrapper-clone__item\" id=\"kqlifpxslbxyknvopxaxwabvpmaaelibivbb\"><a class=\"brz-a brz-btn brz-css-11c0ptj brz-css-17u3ek5 brz-css-chur0i brz-css-9ebj8e brz-css-1qdb4b3\" href=\"\" target=\"_self\" rel=\"noopener\" data-brz-link-type=\"external\" data-brz-custom-id=\"kqlifpxslbxyknvopxaxwabvpmaaelibivbb\"><span data-brz-translate-text=\"1\" class=\"brz-span brz-text__editor\">READ MORE<\/span><\/a><\/div>\n<\/div>\n<\/div>\n<\/div>\n<\/div>\n<\/div>\n<\/div>\n<\/div>\n<\/div>\n<\/div>\n<\/div>\n<div class=\"brz-tabs__items\">\n<div class=\"brz-tabs__nav--mobile\">\n<div class=\"brz-tabs__nav--button\"><span>LAPOS TET\u0150<\/span><\/div>\n<\/div>\n<div class=\"brz-tabs__item--content brz-d-xs-flex brz-flex-xs-column\">\n<div id=\"\" class=\"brz-css-lmongd brz-css-rmcnph brz-css-1uikowa brz-wrapper\">\n<div class=\"brz-posts brz-css-olievb brz-css-s9y8l9\" data-brz-custom-id=\"wnhzchgykytpivmkmgygqjxgppvosmnzdfom\">\n<div class=\"brz-posts__wrapper\">\n<div class=\"brz-posts__item\">\n<div class=\"brz-columns brz-css-qdrtx0 brz-css-1dp2t8h\" data-brz-custom-id=\"evmmhetuhqftrcralroqejpmrulqxxxjrlfa\">\n<div class=\"brz-bg\"><\/div>\n<div class=\"brz-column__items brz-css-wicyn5 brz-css-4jrsz3\">\n<div id=\"\" class=\"brz-css-lmongd brz-css-g8ddlm brz-wrapper\">\n<div class=\"brz-image brz-css-1dou38f\" data-brz-custom-id=\"lcekjiowqaxmessibacobitggubmgdzcromg\"><img decoding=\"async\" class=\"brz-img\" src=\"\" alt=\"\" loading=\"lazy\" title=\"\"><\/div>\n<\/div>\n<div id=\"\" class=\"brz-css-lmongd brz-wrapper\">\n<div class=\"brz-wp-title brz-css-1igdglf brz-css-1qvkepq brz-css-k5ze95\" data-brz-custom-id=\"yjdeihasuvrmhhcmwztsyawdfgtikmwkhhuo\"><span class=\"brz-wp-title-content\"><\/span><\/div>\n<\/div>\n<div class=\"brz-wrapper-clone brz-css-12s1wrc\">\n<div class=\"brz-d-xs-flex brz-flex-xs-wrap brz-css-1upd38k brz-css-18v8toh\" data-brz-custom-id=\"\">\n<div class=\"brz-wrapper-clone__item\" id=\"biikqzujhocurfyrmqjwfutrejwowsvgcgye\"><a class=\"brz-a brz-btn brz-css-11c0ptj brz-css-1mixkbl brz-css-chur0i brz-css-9ebj8e brz-css-12h4rl5\" href=\"\" target=\"_self\" rel=\"noopener\" data-brz-link-type=\"external\" data-brz-custom-id=\"biikqzujhocurfyrmqjwfutrejwowsvgcgye\"><span data-brz-translate-text=\"1\" class=\"brz-span brz-text__editor\">READ MORE<\/span><\/a><\/div>\n<\/div>\n<\/div>\n<\/div>\n<\/div>\n<\/div>\n<\/div>\n<\/div>\n<\/div>\n<\/div>\n<\/div>\n<div class=\"brz-tabs__items\">\n<div class=\"brz-tabs__nav--mobile\">\n<div class=\"brz-tabs__nav--button\"><span>TET\u0150 FELS\u0150<\/span><\/div>\n<\/div>\n<div class=\"brz-tabs__item--content brz-d-xs-flex brz-flex-xs-column\">\n<div id=\"\" class=\"brz-css-lmongd brz-css-rmcnph brz-css-1o92y1m brz-wrapper\">\n<div class=\"brz-posts brz-css-olievb brz-css-crfdho\" data-brz-custom-id=\"vpkcadhmhikqcjsdmegywwsxykdrvseevezl\">\n<div class=\"brz-posts__wrapper\">\n<div class=\"brz-posts__item\">\n<div class=\"brz-columns brz-css-qdrtx0 brz-css-1dp2t8h\" data-brz-custom-id=\"tuddsvnhjpwcshadxllybuelwmzfcwhsuiwu\">\n<div class=\"brz-bg\"><\/div>\n<div class=\"brz-column__items brz-css-wicyn5 brz-css-1s8ew77\">\n<div id=\"\" class=\"brz-css-lmongd brz-css-cayi85 brz-wrapper\">\n<div class=\"brz-image brz-css-1iv73je\" data-brz-custom-id=\"ntelnhofxbpnxkpzzigugfvbdzwzvtnqnykw\"><img decoding=\"async\" class=\"brz-img\" src=\"\" alt=\"\" loading=\"lazy\" title=\"\"><\/div>\n<\/div>\n<div id=\"\" class=\"brz-css-lmongd brz-wrapper\">\n<div class=\"brz-wp-title brz-css-1igdglf brz-css-1qvkepq brz-css-cxxo89\" data-brz-custom-id=\"njbuqatdlurnuvupkhzltcahdsbeqecbygeg\"><span class=\"brz-wp-title-content\"><\/span><\/div>\n<\/div>\n<div class=\"brz-wrapper-clone brz-css-12s1wrc\">\n<div class=\"brz-d-xs-flex brz-flex-xs-wrap brz-css-1upd38k brz-css-1avjpwy\" data-brz-custom-id=\"\">\n<div class=\"brz-wrapper-clone__item\" id=\"wutnugtolaapedqandrybkiqhnvbsclauqgp\"><a class=\"brz-a brz-btn brz-css-11c0ptj brz-css-f0wt4p brz-css-chur0i brz-css-9ebj8e brz-css-1igea7m\" href=\"\" target=\"_self\" rel=\"noopener\" data-brz-link-type=\"external\" data-brz-custom-id=\"wutnugtolaapedqandrybkiqhnvbsclauqgp\"><span data-brz-translate-text=\"1\" class=\"brz-span brz-text__editor\">READ MORE<\/span><\/a><\/div>\n<\/div>\n<\/div>\n<\/div>\n<\/div>\n<\/div>\n<\/div>\n<\/div>\n<\/div>\n<\/div>\n<\/div>\n<div class=\"brz-tabs__items brz-tabs__items--active\">\n<div class=\"brz-tabs__nav--mobile brz-tabs__nav--mobile--active\">\n<div class=\"brz-tabs__nav--button\"><span>F\u00d6LDI FELSZEREL\u00c9S<\/span><\/div>\n<\/div>\n<div class=\"brz-tabs__item--content brz-d-xs-flex brz-flex-xs-column\">\n<div id=\"\" class=\"brz-css-lmongd brz-css-rmcnph brz-css-10jh8pd brz-wrapper\">\n<div class=\"brz-posts brz-css-olievb brz-css-1i7vkbc\" data-brz-custom-id=\"psmozgsbtzhhddfdvnytoiapwwtfguradhie\">\n<div class=\"brz-posts__wrapper\">\n<div class=\"brz-posts__item\">\n<div class=\"brz-columns brz-css-qdrtx0 brz-css-1dp2t8h\" data-brz-custom-id=\"jtjafjqlvetresnfenipxrrizvfbspshvknd\">\n<div class=\"brz-bg\"><\/div>\n<div class=\"brz-column__items brz-css-wicyn5 brz-css-gnqzn6\">\n<div id=\"\" class=\"brz-css-lmongd brz-css-lwebfv brz-wrapper\">\n<div class=\"brz-image brz-css-14qdwxm\" data-brz-custom-id=\"djuvzaotktagfvivizamsobfumkthgpxeaaf\"><img decoding=\"async\" class=\"brz-img\" src=\"\" alt=\"\" loading=\"lazy\" title=\"\"><\/div>\n<\/div>\n<div id=\"\" class=\"brz-css-lmongd brz-wrapper\">\n<div class=\"brz-wp-title brz-css-1igdglf brz-css-1qvkepq brz-css-v9cd76\" data-brz-custom-id=\"lecjioimadcwxtmgpulgfzidrcnjizyydgxn\"><span class=\"brz-wp-title-content\"><\/span><\/div>\n<\/div>\n<div class=\"brz-wrapper-clone brz-css-12s1wrc\">\n<div class=\"brz-d-xs-flex brz-flex-xs-wrap brz-css-1upd38k brz-css-tq1hmh\" data-brz-custom-id=\"\">\n<div class=\"brz-wrapper-clone__item\" id=\"ntntbnvylxphgkftelfwqznqfnartkzjbzyv\"><a class=\"brz-a brz-btn brz-css-11c0ptj brz-css-1f9o4g0 brz-css-chur0i brz-css-9ebj8e brz-css-sv0te5\" href=\"\" target=\"_self\" rel=\"noopener\" data-brz-link-type=\"external\" data-brz-custom-id=\"ntntbnvylxphgkftelfwqznqfnartkzjbzyv\"><span data-brz-translate-text=\"1\" class=\"brz-span brz-text__editor\">READ MORE<\/span><\/a><\/div>\n<\/div>\n<\/div>\n<\/div>\n<\/div>\n<\/div>\n<\/div>\n<\/div>\n<\/div>\n<\/div>\n<\/div>\n<div class=\"brz-tabs__items\">\n<div class=\"brz-tabs__nav--mobile\">\n<div class=\"brz-tabs__nav--button\"><span>TRACKER<\/span><\/div>\n<\/div>\n<div class=\"brz-tabs__item--content brz-d-xs-flex brz-flex-xs-column\">\n<div id=\"\" class=\"brz-css-lmongd brz-css-rmcnph brz-css-17yshp6 brz-wrapper\">\n<div class=\"brz-posts brz-css-olievb brz-css-hcnzcu\" data-brz-custom-id=\"yrymbhtfliuizzylgpbjhkgbpnalophypvvf\">\n<div class=\"brz-posts__wrapper\">\n<div class=\"brz-posts__item\">\n<div class=\"brz-columns brz-css-qdrtx0 brz-css-1dp2t8h\" data-brz-custom-id=\"gbovdvwwxzoetqtnlqtjdgzgfwqxjyhdjgdg\">\n<div class=\"brz-bg\"><\/div>\n<div class=\"brz-column__items brz-css-wicyn5 brz-css-1uigtki\">\n<div id=\"\" class=\"brz-css-lmongd brz-css-pqye2u brz-wrapper\">\n<div class=\"brz-image brz-css-1a53tla\" data-brz-custom-id=\"lhuvnjuobtmlliahjvoootjiwppizggcpkvq\"><img decoding=\"async\" class=\"brz-img\" src=\"\" alt=\"\" loading=\"lazy\" title=\"\"><\/div>\n<\/div>\n<div id=\"\" class=\"brz-css-lmongd brz-wrapper\">\n<div class=\"brz-wp-title brz-css-1igdglf brz-css-1qvkepq brz-css-1qsi003\" data-brz-custom-id=\"omwopjotlyvkhqbtrrlqyvzkynpyhaqilcai\"><span class=\"brz-wp-title-content\"><\/span><\/div>\n<\/div>\n<div class=\"brz-wrapper-clone brz-css-12s1wrc\">\n<div class=\"brz-d-xs-flex brz-flex-xs-wrap brz-css-1upd38k brz-css-nlaiy1\" data-brz-custom-id=\"\">\n<div class=\"brz-wrapper-clone__item\" id=\"wdrdrxnbpcydprsruphpeokrrsphbzsyzpwv\"><a class=\"brz-a brz-btn brz-css-11c0ptj brz-css-1wr0pvi brz-css-chur0i brz-css-9ebj8e brz-css-11g0sv4\" href=\"\" target=\"_self\" rel=\"noopener\" data-brz-link-type=\"external\" data-brz-custom-id=\"wdrdrxnbpcydprsruphpeokrrsphbzsyzpwv\"><span data-brz-translate-text=\"1\" class=\"brz-span brz-text__editor\">READ MORE<\/span><\/a><\/div>\n<\/div>\n<\/div>\n<\/div>\n<\/div>\n<\/div>\n<\/div>\n<\/div>\n<\/div>\n<\/div>\n<\/div>\n<\/div>\n<\/div>\n<\/div>\n<\/div>\n<\/div>\n<\/section>\n<\/div>\n<p>    <!-- version:1737003654 --><\/p>\n","protected":false},"excerpt":{"rendered":"<p>RRE PV\u00a9 \u2013 KER\u00cdT\u00c9S PV-vel \u2013 F\u00fcgg\u0151leges telep\u00edt\u00e9s \u2013 F\u00fcgg\u0151leges t\u00edpus\u00fa bifaci\u00e1lis panelek telep\u00edt\u00e9s\u00e9vel m\u0171k\u00f6d\u0151 fotovoltaikus rendszer. Ez 20-25%-kal magasabb termel\u00e9st biztos\u00edt, mint a hagyom\u00e1nyos d\u00e9li fekv\u00e9s\u0171 rendszerek. A rendszert olyan mez\u0151gazdas\u00e1gi ter\u00fcleteken haszn\u00e1lj\u00e1k, ahol a mez\u0151gazdas\u00e1gi \u00e9s\/vagy \u00e1llatteny\u00e9szt\u00e9si c\u00e9l\u00fa ter\u00fcletek lehat\u00e1rolhat\u00f3k. A rendszernek nincs negat\u00edv hat\u00e1sa a mez\u0151gazdas\u00e1gi ter\u00fcletekre, \u00e9s mind\u00f6ssze egy elhat\u00e1rol\u00e1st jelent, [&hellip;]<\/p>\n","protected":false},"author":1,"featured_media":2805,"parent":0,"menu_order":0,"comment_status":"closed","ping_status":"closed","template":"","meta":{"footnotes":""},"class_list":["post-3059","page","type-page","status-publish","has-post-thumbnail","hentry"],"blocksy_meta":{"styles_descriptor":{"styles":{"desktop":"","tablet":"","mobile":""},"google_fonts":[],"version":6}},"brizy_media":[],"_links":{"self":[{"href":"https:\/\/photovoltaic-structures.com\/hu\/wp-json\/wp\/v2\/pages\/3059","targetHints":{"allow":["GET"]}}],"collection":[{"href":"https:\/\/photovoltaic-structures.com\/hu\/wp-json\/wp\/v2\/pages"}],"about":[{"href":"https:\/\/photovoltaic-structures.com\/hu\/wp-json\/wp\/v2\/types\/page"}],"author":[{"embeddable":true,"href":"https:\/\/photovoltaic-structures.com\/hu\/wp-json\/wp\/v2\/users\/1"}],"replies":[{"embeddable":true,"href":"https:\/\/photovoltaic-structures.com\/hu\/wp-json\/wp\/v2\/comments?post=3059"}],"version-history":[{"count":0,"href":"https:\/\/photovoltaic-structures.com\/hu\/wp-json\/wp\/v2\/pages\/3059\/revisions"}],"wp:featuredmedia":[{"embeddable":true,"href":"https:\/\/photovoltaic-structures.com\/hu\/wp-json\/wp\/v2\/media\/2805"}],"wp:attachment":[{"href":"https:\/\/photovoltaic-structures.com\/hu\/wp-json\/wp\/v2\/media?parent=3059"}],"curies":[{"name":"wp","href":"https:\/\/api.w.org\/{rel}","templated":true}]}}