{"id":3061,"date":"2022-03-01T16:45:14","date_gmt":"2022-03-01T16:45:14","guid":{"rendered":"https:\/\/photovoltaic-structures.com\/?page_id=3061"},"modified":"2026-04-07T04:39:02","modified_gmt":"2026-04-07T04:39:02","slug":"fotovoltaikus-szerkezetek-rre-pv-max-one","status":"publish","type":"page","link":"https:\/\/photovoltaic-structures.com\/hu\/fotovoltaikus-szerkezetek-rre-pv-max-one\/","title":{"rendered":"Fotovoltaikus szerkezetek \u2013 RRE PV\u00a9 \u2013 MAX ONE"},"content":{"rendered":"<div class=\"brz-root__container brz-reset-all brz brz-root__container-page\">\n<section id=\"_efnkerrfmtxlhlmturjnsxxawrrfsymhswlp\" class=\"brz-section brz-css-1vr10mu\">\n<div class=\"brz-section__content brz-section--fullWidth brz-css-1an6rm9 brz-css-xjfeuk\" data-brz-custom-id=\"qcsdcibahddcfvkunifcytmttwxwrzirjvnf\">\n<div class=\"brz-container brz-css-tg2v9f brz-css-us97ru\">\n<div id=\"\" class=\"brz-css-1x3b8uu brz-wrapper\">\n<div class=\"brz-rich-text brz-rich-text__custom brz-css-1jo154\" data-brz-custom-id=\"epgvnjkbpbrtywvjvrgpggyhvhqwdbtbkvrj\">\n<div data-brz-translate-text=\"1\">\n<p class=\"brz-text-lg-center brz-tp-lg-heading4 brz-css-kyrZ1\" data-generated-css=\"brz-css-pvqdq\" data-uniq-id=\"yjttu\">RRE PV\u00a9 \u2013 MAX ONE tart\u00f3rendszer fotovoltaikus panelekhez<\/p>\n<\/div>\n<\/div>\n<\/div>\n<div class=\"brz-row__container brz-css-1g4b10m\" data-brz-custom-id=\"tnxrahhjytkhnuwxrrfuqjddgjnqgweeakui\">\n<div class=\"brz-bg\"><\/div>\n<div class=\"brz-row brz-css-10998yn brz-css-3sqfph\">\n<div class=\"brz-columns brz-css-ucb818\" data-brz-custom-id=\"qeqnlvhojwrwksavpjbcxmtswotnlbegqbzh\">\n<div class=\"brz-bg\"><\/div>\n<div class=\"brz-column__items brz-css-1sixqhw brz-css-3pikl5\">\n<div id=\"\" class=\"brz-css-1x3b8uu brz-css-ejbg6j brz-wrapper\">\n<div class=\"brz-image brz-css-1v5spz1\" data-brz-custom-id=\"vmyasbnkylsanuopeyoflapthzyehfdtshlv\"><img decoding=\"async\" class=\"brz-img\" src=\"https:\/\/photovoltaic-structures.com\/hu?tsbuilder_media=wp-6e5badc54bd02aeefebd989371ff2753.jpg&amp;tsbuilder_crop=iW%3D446%26iH%3D366%26oX%3D0%26oY%3D10%26cW%3D446%26cH%3D347\" alt=\"\" loading=\"lazy\" title=\"\"><\/div>\n<\/div>\n<\/div>\n<\/div>\n<div class=\"brz-columns brz-css-ucb818\" data-brz-custom-id=\"gjtzoqplqgmayhuiskvrbkhioobjhlvgdagv\">\n<div class=\"brz-bg\"><\/div>\n<div class=\"brz-column__items brz-css-1sixqhw brz-css-bqeij5\">\n<div id=\"\" class=\"brz-css-1x3b8uu brz-wrapper\">\n<div class=\"brz-rich-text brz-rich-text__custom brz-css-1jo154\" data-brz-custom-id=\"coeqbchsujksuzynupexdemctdjusebhscpb\">\n<div data-brz-translate-text=\"1\">\n<p class=\"brz-tp-lg-paragraph brz-css-sCjFl\">RRE PV\u00a9 \u2013 MAX ONE fotovoltaikus panelek tart\u00f3rendszere 1 szekcion\u00e1lt oszlop \u00e9s 4 panel v\u00edzszintesen (fekv\u0151 elrendez\u00e9sben) szerelve<\/p>\n<p class=\"brz-tp-lg-paragraph brz-css-t7og2\">Ez egy rendk\u00edv\u00fcl stabil \u00e9s gazdas\u00e1gos szerkezet, figyelembe v\u00e9ve, hogy 4 fekv\u0151 panelt tart.<\/p>\n<p class=\"brz-tp-lg-paragraph brz-css-oL3H9\" data-uniq-id=\"iepou\" data-generated-css=\"brz-css-hntwi\">Ezenk\u00edv\u00fcl, mivel k\u00f6nnyen \u00e9s gyorsan felszerelhet\u0151, cs\u00f6kkenti a beszerel\u00e9si k\u00f6lts\u00e9geket.<\/p>\n<\/div>\n<\/div>\n<\/div>\n<\/div>\n<\/div>\n<\/div>\n<\/div>\n<\/div>\n<\/div>\n<\/section>\n<section id=\"_iacmeomhhtodrpumdzhbcglqwfjujyfiecym\" class=\"brz-section brz-css-1vr10mu\">\n<div class=\"brz-section__content brz-section--boxed brz-css-1an6rm9\" data-brz-custom-id=\"dfsntskyaogeearzncurfdnnjhqnyqneplun\">\n<div class=\"brz-container brz-css-tg2v9f\">\n<div id=\"\" class=\"brz-css-1x3b8uu brz-css-16u0s8x brz-wrapper\">\n<div class=\"brz-image brz-css-dqdfg9\" data-brz-custom-id=\"lofunrgsedsxibmokkhsywjhuexwtrmeehzo\"><img decoding=\"async\" class=\"brz-img\" src=\"https:\/\/photovoltaic-structures.com\/hu?tsbuilder_media=wp-4ee1b714ca1c77cd6b89fdc662014f1c.png&amp;tsbuilder_crop=original\" alt=\"\" loading=\"lazy\" title=\"\"><\/div>\n<\/div>\n<\/div>\n<\/div>\n<\/section>\n<section id=\"_efenkvohmqqhnycgqtwumguplinpkouiwqks\" class=\"brz-section brz-css-1vr10mu\">\n<div class=\"brz-section__content brz-section--fullWidth brz-css-1an6rm9 brz-css-2mc80n\" data-brz-custom-id=\"popecbtsigyewpmrxkciqaxrzbqwhmlhlpya\">\n<div class=\"brz-container brz-css-tg2v9f brz-css-1pcok08\">\n<div id=\"\" class=\"brz-css-1x3b8uu brz-wrapper\">\n<div class=\"brz-rich-text brz-rich-text__custom brz-css-1jo154\" data-brz-custom-id=\"odjpvanuckfxkniyiavskbzhocaisfhljyhc\">\n<div data-brz-translate-text=\"1\">\n<h3 class=\"brz-text-lg-center brz-tp-lg-heading3 brz-css-bvZC7\" data-uniq-id=\"wukvl\" data-generated-css=\"brz-css-dbzkx\">A szerkezetek modelljei a fotovoltaikus panelek t\u00e1jol\u00e1sa szerint.<\/h3>\n<\/div>\n<\/div>\n<\/div>\n<div id=\"\" class=\"brz-css-1x3b8uu brz-wrapper\">\n<div class=\"brz-line brz-line-default brz-css-xc0xgw brz-css-2vceaq\" data-brz-custom-id=\"fkmtdetkjyopcniqjfpqedfrrpsfdwsvwvvt\">\n<hr class=\"brz-hr\"><\/div>\n<\/div>\n<div id=\"\" class=\"brz-css-1x3b8uu brz-css-pb4p2k brz-wrapper\">\n<div class=\"brz-spacer brz-css-sfhnty\"><\/div>\n<\/div>\n<div class=\"brz-row__container brz-css-1g4b10m\" data-brz-custom-id=\"wloqsfdvmcqvpsrtialoplntrqqcfpjululo\">\n<div class=\"brz-bg\"><\/div>\n<div class=\"brz-row brz-css-10998yn\">\n<div class=\"brz-columns brz-css-ucb818\" data-brz-custom-id=\"cymzjigkjzsmlkkhtmongdssoknyeadfamzt\">\n<div class=\"brz-bg\"><\/div>\n<div class=\"brz-column__items brz-css-1sixqhw\">\n<div id=\"\" class=\"brz-css-1x3b8uu brz-css-n313bb brz-wrapper\">\n<div class=\"brz-image brz-css-ijea1s\" data-brz-custom-id=\"qpxwykievjujjwhbgxqyibkxojvtdeykuktm\"><img decoding=\"async\" class=\"brz-img\" src=\"https:\/\/photovoltaic-structures.com\/hu?tsbuilder_media=wp-a73704a7b1d42494fb7346730d33fe61.jpg&amp;tsbuilder_crop=iW%3D509%26iH%3D761%26oX%3D1%26oY%3D0%26cW%3D506%26cH%3D761\" alt=\"\" loading=\"lazy\" title=\"\"><\/div>\n<\/div>\n<div id=\"\" class=\"brz-css-1x3b8uu brz-css-pb4p2k brz-wrapper\">\n<div class=\"brz-spacer brz-css-sfhnty brz-css-1009zvb\"><\/div>\n<\/div>\n<div id=\"\" class=\"brz-css-1x3b8uu brz-wrapper\">\n<div class=\"brz-rich-text brz-rich-text__custom brz-css-1jo154\" data-brz-custom-id=\"fopxliqfdeafsbdaowuaivxobvxnlqpainul\">\n<div data-brz-translate-text=\"1\">\n<p class=\"brz-text-lg-center brz-tp-lg-heading6 brz-css-hFa98\" data-uniq-id=\"gxqnl\" data-generated-css=\"brz-css-imxpx\">F\u00f6ldre szerelt szerkezeti rendszerek a panelek f\u00fcgg\u0151leges elrendez\u00e9sben t\u00f6rt\u00e9n\u0151 telep\u00edt\u00e9s\u00e9hez. D\u0151l\u00e9ssz\u00f6g 10-35 fok a modellt\u0151l f\u00fcgg\u0151en.<\/p>\n<\/div>\n<\/div>\n<\/div>\n<\/div>\n<\/div>\n<div class=\"brz-columns brz-css-ucb818 brz-css-1dxcywq\" data-brz-custom-id=\"tdcccsjvjwpyykyqjpezsdhakjiprhqkikeb\">\n<div class=\"brz-bg\"><\/div>\n<div class=\"brz-column__items brz-css-1sixqhw\">\n<div id=\"\" class=\"brz-css-1x3b8uu brz-css-r33rh7 brz-wrapper\">\n<div class=\"brz-image brz-css-1bmk746\" data-brz-custom-id=\"qwlwhzrxvggxffsdlzbkoggqqwfubthnapkr\"><img decoding=\"async\" class=\"brz-img\" src=\"https:\/\/photovoltaic-structures.com\/hu?tsbuilder_media=wp-96e0f4689f44f9ba616c689d0bd38de7.jpg&amp;tsbuilder_crop=iW%3D529%26iH%3D762%26oX%3D12%26oY%3D0%26cW%3D506%26cH%3D762\" alt=\"\" loading=\"lazy\" title=\"\"><\/div>\n<\/div>\n<div id=\"\" class=\"brz-css-1x3b8uu brz-css-pb4p2k brz-wrapper\">\n<div class=\"brz-spacer brz-css-sfhnty brz-css-c8h5ct\"><\/div>\n<\/div>\n<div id=\"\" class=\"brz-css-1x3b8uu brz-wrapper\">\n<div class=\"brz-rich-text brz-rich-text__custom brz-css-1jo154\" data-brz-custom-id=\"yyuifyboanrhvnhurdkcsooohklqrjanhkwx\">\n<div data-brz-translate-text=\"1\">\n<p class=\"brz-text-lg-center brz-tp-lg-heading6 brz-css-wcPmT\" data-uniq-id=\"vvvhk\" data-generated-css=\"brz-css-ecmxi\">F\u00f6ldre szerelt szerkezeti rendszerek a panelek v\u00edzszintes elrendez\u00e9sben t\u00f6rt\u00e9n\u0151 telep\u00edt\u00e9s\u00e9hez. D\u0151l\u00e9ssz\u00f6g 10-35 fok a modellt\u0151l f\u00fcgg\u0151en.<\/p>\n<\/div>\n<\/div>\n<\/div>\n<\/div>\n<\/div>\n<\/div>\n<\/div>\n<\/div>\n<\/div>\n<\/section>\n<section id=\"_qnbmhxnavgrbwvuurcistznkfhcjjufamvou\" class=\"brz-section brz-css-1vr10mu\">\n<div class=\"brz-section__content brz-section--fullWidth brz-css-1an6rm9 brz-css-oh6yxn\" data-brz-custom-id=\"cviesfnzpznbzfpjwscympdaswwwdzjqpfox\">\n<div class=\"brz-container brz-css-tg2v9f brz-css-1h9zduw\">\n<div id=\"\" class=\"brz-css-1x3b8uu brz-wrapper\">\n<div class=\"brz-rich-text brz-rich-text__custom brz-css-1jo154\" data-brz-custom-id=\"pbsaqnyyvfpxazeyofmpzopuyambhyuqjnuf\">\n<div data-brz-translate-text=\"1\">\n<p class=\"brz-text-lg-center brz-tp-lg-heading4 brz-css-tSgzq\" data-generated-css=\"brz-css-uztka\" data-uniq-id=\"brbni\">PROJEKTEK<\/p>\n<\/div>\n<\/div>\n<\/div>\n<div id=\"\" class=\"brz-css-1x3b8uu brz-wrapper\">\n<div class=\"brz-line brz-line-default brz-css-xc0xgw brz-css-2jdamd\" data-brz-custom-id=\"ldmgbqdvhazjdxwgmvlgjidrkvlgftplniwg\">\n<hr class=\"brz-hr\"><\/div>\n<\/div>\n<div id=\"\" class=\"brz-css-1x3b8uu brz-css-pb4p2k brz-wrapper\">\n<div class=\"brz-spacer brz-css-sfhnty brz-css-1izzv4b\"><\/div>\n<\/div>\n<div id=\"\" class=\"brz-css-1x3b8uu brz-wrapper\">\n<div data-brz-action=\"click\" class=\"brz-tabs brz-tabs--horizontal brz-tabs--style-1 brz-tabs--left brz-css-1false1 brz-css-7rvqv6\" data-brz-custom-id=\"kzacizsmoellkbaxrbujpboiyqgwfevaszio\">\n<ul class=\"brz-tabs__nav brz-tabs__nav--horizontal brz-tabs__nav--style-1 brz-tabs__nav--left\">\n<li class=\"brz-tabs__nav--item brz-tabs__nav--desktop\">\n<div class=\"brz-tabs__nav--button\"><span data-brz-translate-text=\"1\" class=\"brz-span brz-text__editor\">CARPORT<\/span><\/div>\n<\/li>\n<li class=\"brz-tabs__nav--item brz-tabs__nav--desktop\">\n<div class=\"brz-tabs__nav--button\"><span data-brz-translate-text=\"1\" class=\"brz-span brz-text__editor\">KONKR\u00c9T<\/span><\/div>\n<\/li>\n<li class=\"brz-tabs__nav--item brz-tabs__nav--desktop\">\n<div class=\"brz-tabs__nav--button\"><span data-brz-translate-text=\"1\" class=\"brz-span brz-text__editor\">LAPOS TET\u0150<\/span><\/div>\n<\/li>\n<li class=\"brz-tabs__nav--item brz-tabs__nav--desktop\">\n<div class=\"brz-tabs__nav--button\"><span data-brz-translate-text=\"1\" class=\"brz-span brz-text__editor\">TET\u0150 FELS\u0150<\/span><\/div>\n<\/li>\n<li class=\"brz-tabs__nav--item brz-tabs__nav--desktop brz-tabs__nav--active\">\n<div class=\"brz-tabs__nav--button\"><span data-brz-translate-text=\"1\" class=\"brz-span brz-text__editor\">F\u00d6LDI FELSZEREL\u00c9S<\/span><\/div>\n<\/li>\n<li class=\"brz-tabs__nav--item brz-tabs__nav--desktop\">\n<div class=\"brz-tabs__nav--button\"><span data-brz-translate-text=\"1\" class=\"brz-span brz-text__editor\">TRACKER<\/span><\/div>\n<\/li>\n<\/ul>\n<div class=\"brz-tabs__content brz-tabs__content--horizontal brz-tabs__content--style-1 brz-tabs__content--left\">\n<div class=\"brz-tabs__items\">\n<div class=\"brz-tabs__nav--mobile\">\n<div class=\"brz-tabs__nav--button\"><span>CARPORT<\/span><\/div>\n<\/div>\n<div class=\"brz-tabs__item--content brz-d-xs-flex brz-flex-xs-column\">\n<div id=\"\" class=\"brz-css-1x3b8uu brz-css-1mkciek brz-css-12azqrb brz-wrapper\">\n<div class=\"brz-posts brz-css-1833ofz brz-css-f86mdh\" data-brz-custom-id=\"lsacsxyytytemnohylhgnxybszyqkfadfwic\">\n<div class=\"brz-posts__wrapper\">\n<div class=\"brz-posts__item\">\n<div class=\"brz-columns brz-css-ucb818 brz-css-bo3aqd\" data-brz-custom-id=\"pcpoymgsnmndhgivxpgqczozkgxltptvtxre\">\n<div class=\"brz-bg\"><\/div>\n<div class=\"brz-column__items brz-css-1sixqhw brz-css-yj5jbx\">\n<div id=\"\" class=\"brz-css-1x3b8uu brz-css-jzirnx brz-wrapper\">\n<div class=\"brz-image brz-css-4nyvw4\" data-brz-custom-id=\"hgrogoyvvtswxhzbyqentdlouuazbgrcihxb\"><img decoding=\"async\" class=\"brz-img\" src=\"\" alt=\"\" loading=\"lazy\" title=\"\"><\/div>\n<\/div>\n<div id=\"\" class=\"brz-css-1x3b8uu brz-wrapper\">\n<div class=\"brz-wp-title brz-css-1jtgn3m brz-css-1gy1j71 brz-css-1jawfia\" data-brz-custom-id=\"znszzncytuqqjbcdqrbxioymptlbkieessrj\"><span class=\"brz-wp-title-content\"><\/span><\/div>\n<\/div>\n<div class=\"brz-wrapper-clone brz-css-ozpnfg\">\n<div class=\"brz-d-xs-flex brz-flex-xs-wrap brz-css-m37rcl brz-css-14h2ivd\" data-brz-custom-id=\"\">\n<div class=\"brz-wrapper-clone__item\" id=\"zemlwczeyzmnxpuyzohgdyzyynhfxobaycne\"><a class=\"brz-a brz-btn brz-css-1jyikxy brz-css-ixv4l7 brz-css-qyzapm brz-css-k4aecz brz-css-ue6z25\" href=\"\" target=\"_self\" rel=\"noopener\" data-brz-link-type=\"external\" data-brz-custom-id=\"zemlwczeyzmnxpuyzohgdyzyynhfxobaycne\"><span data-brz-translate-text=\"1\" class=\"brz-span brz-text__editor\">READ MORE<\/span><\/a><\/div>\n<\/div>\n<\/div>\n<\/div>\n<\/div>\n<\/div>\n<\/div>\n<\/div>\n<\/div>\n<\/div>\n<\/div>\n<div class=\"brz-tabs__items\">\n<div class=\"brz-tabs__nav--mobile\">\n<div class=\"brz-tabs__nav--button\"><span>KONKR\u00c9T<\/span><\/div>\n<\/div>\n<div class=\"brz-tabs__item--content brz-d-xs-flex brz-flex-xs-column\">\n<div id=\"\" class=\"brz-css-1x3b8uu brz-css-1mkciek brz-css-1yulg4z brz-wrapper\">\n<div class=\"brz-posts brz-css-1833ofz brz-css-7p311n\" data-brz-custom-id=\"hpntxvnfesjrblncdoxcoqxcskfotzidfluk\">\n<div class=\"brz-posts__wrapper\">\n<div class=\"brz-posts__item\">\n<div class=\"brz-columns brz-css-ucb818 brz-css-bo3aqd\" data-brz-custom-id=\"gkbcseicvlpcynsevdlprvrvqkcieyajkavr\">\n<div class=\"brz-bg\"><\/div>\n<div class=\"brz-column__items brz-css-1sixqhw brz-css-brqamx\">\n<div id=\"\" class=\"brz-css-1x3b8uu brz-css-m65ijq brz-wrapper\">\n<div class=\"brz-image brz-css-37d5hs\" data-brz-custom-id=\"rkfdoliwcxsklshhpkgwjgtyvqvvljnkfysl\"><img decoding=\"async\" class=\"brz-img\" src=\"\" alt=\"\" loading=\"lazy\" title=\"\"><\/div>\n<\/div>\n<div id=\"\" class=\"brz-css-1x3b8uu brz-wrapper\">\n<div class=\"brz-wp-title brz-css-1jtgn3m brz-css-1gy1j71 brz-css-qs63kv\" data-brz-custom-id=\"lezfxuulumncnwrvudyojzmrdyzszxtovcjd\"><span class=\"brz-wp-title-content\"><\/span><\/div>\n<\/div>\n<div class=\"brz-wrapper-clone brz-css-ozpnfg\">\n<div class=\"brz-d-xs-flex brz-flex-xs-wrap brz-css-m37rcl brz-css-zeumha\" data-brz-custom-id=\"\">\n<div class=\"brz-wrapper-clone__item\" id=\"zyjvpxlqszpcyqxtkzlsskfkjxjuywjknuey\"><a class=\"brz-a brz-btn brz-css-1jyikxy brz-css-1nwflt5 brz-css-qyzapm brz-css-k4aecz brz-css-dssynn\" href=\"\" target=\"_self\" rel=\"noopener\" data-brz-link-type=\"external\" data-brz-custom-id=\"zyjvpxlqszpcyqxtkzlsskfkjxjuywjknuey\"><span data-brz-translate-text=\"1\" class=\"brz-span brz-text__editor\">READ MORE<\/span><\/a><\/div>\n<\/div>\n<\/div>\n<\/div>\n<\/div>\n<\/div>\n<\/div>\n<\/div>\n<\/div>\n<\/div>\n<\/div>\n<div class=\"brz-tabs__items\">\n<div class=\"brz-tabs__nav--mobile\">\n<div class=\"brz-tabs__nav--button\"><span>LAPOS TET\u0150<\/span><\/div>\n<\/div>\n<div class=\"brz-tabs__item--content brz-d-xs-flex brz-flex-xs-column\">\n<div id=\"\" class=\"brz-css-1x3b8uu brz-css-1mkciek brz-css-pyeozf brz-wrapper\">\n<div class=\"brz-posts brz-css-1833ofz brz-css-1mabw3f\" data-brz-custom-id=\"weapknirjyvsfhdrhelgqjsjhsolvuqqogoa\">\n<div class=\"brz-posts__wrapper\">\n<div class=\"brz-posts__item\">\n<div class=\"brz-columns brz-css-ucb818 brz-css-bo3aqd\" data-brz-custom-id=\"urqzyhirqjgvoflsauqyuinxpuoxgwgbopuq\">\n<div class=\"brz-bg\"><\/div>\n<div class=\"brz-column__items brz-css-1sixqhw brz-css-mrtkrx\">\n<div id=\"\" class=\"brz-css-1x3b8uu brz-css-1r4fsl5 brz-wrapper\">\n<div class=\"brz-image brz-css-gk4kqq\" data-brz-custom-id=\"pxewqpswrhfvxyulntlvjxknbehlujpoyrxn\"><img decoding=\"async\" class=\"brz-img\" src=\"\" alt=\"\" loading=\"lazy\" title=\"\"><\/div>\n<\/div>\n<div id=\"\" class=\"brz-css-1x3b8uu brz-wrapper\">\n<div class=\"brz-wp-title brz-css-1jtgn3m brz-css-1gy1j71 brz-css-z9714m\" data-brz-custom-id=\"kpzlcnyvqckgwvrnaplrpgrjxihapqcofria\"><span class=\"brz-wp-title-content\"><\/span><\/div>\n<\/div>\n<div class=\"brz-wrapper-clone brz-css-ozpnfg\">\n<div class=\"brz-d-xs-flex brz-flex-xs-wrap brz-css-m37rcl brz-css-aaezy7\" data-brz-custom-id=\"\">\n<div class=\"brz-wrapper-clone__item\" id=\"nnwuwecykoqstlqjgubbpmzcgttasrrayaop\"><a class=\"brz-a brz-btn brz-css-1jyikxy brz-css-zz5y65 brz-css-qyzapm brz-css-k4aecz brz-css-t2wjwh\" href=\"\" target=\"_self\" rel=\"noopener\" data-brz-link-type=\"external\" data-brz-custom-id=\"nnwuwecykoqstlqjgubbpmzcgttasrrayaop\"><span data-brz-translate-text=\"1\" class=\"brz-span brz-text__editor\">READ MORE<\/span><\/a><\/div>\n<\/div>\n<\/div>\n<\/div>\n<\/div>\n<\/div>\n<\/div>\n<\/div>\n<\/div>\n<\/div>\n<\/div>\n<div class=\"brz-tabs__items\">\n<div class=\"brz-tabs__nav--mobile\">\n<div class=\"brz-tabs__nav--button\"><span>TET\u0150 FELS\u0150<\/span><\/div>\n<\/div>\n<div class=\"brz-tabs__item--content brz-d-xs-flex brz-flex-xs-column\">\n<div id=\"\" class=\"brz-css-1x3b8uu brz-css-1mkciek brz-css-pkhjjj brz-wrapper\">\n<div class=\"brz-posts brz-css-1833ofz brz-css-1xatevx\" data-brz-custom-id=\"shnmcdonotgnfywdvscvdqldbroslixjnqye\">\n<div class=\"brz-posts__wrapper\">\n<div class=\"brz-posts__item\">\n<div class=\"brz-columns brz-css-ucb818 brz-css-bo3aqd\" data-brz-custom-id=\"pqihxaysrfsjnycixhmldljkowyrkkcbmsml\">\n<div class=\"brz-bg\"><\/div>\n<div class=\"brz-column__items brz-css-1sixqhw brz-css-1yt5kxh\">\n<div id=\"\" class=\"brz-css-1x3b8uu brz-css-1i5ozb0 brz-wrapper\">\n<div class=\"brz-image brz-css-17qx971\" data-brz-custom-id=\"kourqasxqkamoqhbxoveqgbbxtojohifgjgs\"><img decoding=\"async\" class=\"brz-img\" src=\"\" alt=\"\" loading=\"lazy\" title=\"\"><\/div>\n<\/div>\n<div id=\"\" class=\"brz-css-1x3b8uu brz-wrapper\">\n<div class=\"brz-wp-title brz-css-1jtgn3m brz-css-1gy1j71 brz-css-2z0ezc\" data-brz-custom-id=\"rsplgwlirfizzsypgonbzcepmktjmtnhdres\"><span class=\"brz-wp-title-content\"><\/span><\/div>\n<\/div>\n<div class=\"brz-wrapper-clone brz-css-ozpnfg\">\n<div class=\"brz-d-xs-flex brz-flex-xs-wrap brz-css-m37rcl brz-css-a9c8uf\" data-brz-custom-id=\"\">\n<div class=\"brz-wrapper-clone__item\" id=\"satbkoxygiwgcrkinklzahusqqgqmnrazjin\"><a class=\"brz-a brz-btn brz-css-1jyikxy brz-css-1jlui0l brz-css-qyzapm brz-css-k4aecz brz-css-17fee98\" href=\"\" target=\"_self\" rel=\"noopener\" data-brz-link-type=\"external\" data-brz-custom-id=\"satbkoxygiwgcrkinklzahusqqgqmnrazjin\"><span data-brz-translate-text=\"1\" class=\"brz-span brz-text__editor\">READ MORE<\/span><\/a><\/div>\n<\/div>\n<\/div>\n<\/div>\n<\/div>\n<\/div>\n<\/div>\n<\/div>\n<\/div>\n<\/div>\n<\/div>\n<div class=\"brz-tabs__items brz-tabs__items--active\">\n<div class=\"brz-tabs__nav--mobile brz-tabs__nav--mobile--active\">\n<div class=\"brz-tabs__nav--button\"><span>F\u00d6LDI FELSZEREL\u00c9S<\/span><\/div>\n<\/div>\n<div class=\"brz-tabs__item--content brz-d-xs-flex brz-flex-xs-column\">\n<div id=\"\" class=\"brz-css-1x3b8uu brz-css-1mkciek brz-css-vc9upe brz-wrapper\">\n<div class=\"brz-posts brz-css-1833ofz brz-css-1sbmokv\" data-brz-custom-id=\"rgxobyjzxtyyeqzouuawbfbvnivlbofxhwoi\">\n<div class=\"brz-posts__wrapper\">\n<div class=\"brz-posts__item\">\n<div class=\"brz-columns brz-css-ucb818 brz-css-bo3aqd\" data-brz-custom-id=\"gojyrcsiinvfzhqbfnegovqgvpdgarbxtfdh\">\n<div class=\"brz-bg\"><\/div>\n<div class=\"brz-column__items brz-css-1sixqhw brz-css-1mh1120\">\n<div id=\"\" class=\"brz-css-1x3b8uu brz-css-bwtecf brz-wrapper\">\n<div class=\"brz-image brz-css-dl3at\" data-brz-custom-id=\"liryfwriinintzqwapfyhykilafaxbcjtavu\"><img decoding=\"async\" class=\"brz-img\" src=\"\" alt=\"\" loading=\"lazy\" title=\"\"><\/div>\n<\/div>\n<div id=\"\" class=\"brz-css-1x3b8uu brz-wrapper\">\n<div class=\"brz-wp-title brz-css-1jtgn3m brz-css-1gy1j71 brz-css-17shqnd\" data-brz-custom-id=\"eqygjpmsdnuwfgyzcdaqlxsnawujykjsdfer\"><span class=\"brz-wp-title-content\"><\/span><\/div>\n<\/div>\n<div class=\"brz-wrapper-clone brz-css-ozpnfg\">\n<div class=\"brz-d-xs-flex brz-flex-xs-wrap brz-css-m37rcl brz-css-1l0z4a0\" data-brz-custom-id=\"\">\n<div class=\"brz-wrapper-clone__item\" id=\"quneilqwckxpzgljyufcaehizyimkgofnfbq\"><a class=\"brz-a brz-btn brz-css-1jyikxy brz-css-i36xv0 brz-css-qyzapm brz-css-k4aecz brz-css-15xjc7j\" href=\"\" target=\"_self\" rel=\"noopener\" data-brz-link-type=\"external\" data-brz-custom-id=\"quneilqwckxpzgljyufcaehizyimkgofnfbq\"><span data-brz-translate-text=\"1\" class=\"brz-span brz-text__editor\">READ MORE<\/span><\/a><\/div>\n<\/div>\n<\/div>\n<\/div>\n<\/div>\n<\/div>\n<\/div>\n<\/div>\n<\/div>\n<\/div>\n<\/div>\n<div class=\"brz-tabs__items\">\n<div class=\"brz-tabs__nav--mobile\">\n<div class=\"brz-tabs__nav--button\"><span>TRACKER<\/span><\/div>\n<\/div>\n<div class=\"brz-tabs__item--content brz-d-xs-flex brz-flex-xs-column\">\n<div id=\"\" class=\"brz-css-1x3b8uu brz-css-1mkciek brz-css-19myz5p brz-wrapper\">\n<div class=\"brz-posts brz-css-1833ofz brz-css-14fzyqg\" data-brz-custom-id=\"vgyczjouwcldttdpkkugbycbharfsxffinrx\">\n<div class=\"brz-posts__wrapper\">\n<div class=\"brz-posts__item\">\n<div class=\"brz-columns brz-css-ucb818 brz-css-bo3aqd\" data-brz-custom-id=\"kzdykvwwyfwuosqqpxfljkbhhhsggqnhacqk\">\n<div class=\"brz-bg\"><\/div>\n<div class=\"brz-column__items brz-css-1sixqhw brz-css-1oeq7f5\">\n<div id=\"\" class=\"brz-css-1x3b8uu brz-css-yjwhla brz-wrapper\">\n<div class=\"brz-image brz-css-6wodjt\" data-brz-custom-id=\"drbqyyjnomualxteaxtgminhqmrfmhkzbqca\"><img decoding=\"async\" class=\"brz-img\" src=\"\" alt=\"\" loading=\"lazy\" title=\"\"><\/div>\n<\/div>\n<div id=\"\" class=\"brz-css-1x3b8uu brz-wrapper\">\n<div class=\"brz-wp-title brz-css-1jtgn3m brz-css-1gy1j71 brz-css-3x03pg\" data-brz-custom-id=\"mfepsmdryzcxksmsqlqmktgpibiujqbyhmjx\"><span class=\"brz-wp-title-content\"><\/span><\/div>\n<\/div>\n<div class=\"brz-wrapper-clone brz-css-ozpnfg\">\n<div class=\"brz-d-xs-flex brz-flex-xs-wrap brz-css-m37rcl brz-css-zoyva3\" data-brz-custom-id=\"\">\n<div class=\"brz-wrapper-clone__item\" id=\"gjfacyfagcsowvbabitwedmdetjurzvhyiyp\"><a class=\"brz-a brz-btn brz-css-1jyikxy brz-css-f5xot5 brz-css-qyzapm brz-css-k4aecz brz-css-10okdkl\" href=\"\" target=\"_self\" rel=\"noopener\" data-brz-link-type=\"external\" data-brz-custom-id=\"gjfacyfagcsowvbabitwedmdetjurzvhyiyp\"><span data-brz-translate-text=\"1\" class=\"brz-span brz-text__editor\">READ MORE<\/span><\/a><\/div>\n<\/div>\n<\/div>\n<\/div>\n<\/div>\n<\/div>\n<\/div>\n<\/div>\n<\/div>\n<\/div>\n<\/div>\n<\/div>\n<\/div>\n<\/div>\n<\/div>\n<\/div>\n<\/section>\n<\/div>\n<p>    <!-- version:1737003759 --><\/p>\n","protected":false},"excerpt":{"rendered":"<p>RRE PV\u00a9 \u2013 MAX ONE tart\u00f3rendszer fotovoltaikus panelekhez RRE PV\u00a9 \u2013 MAX ONE fotovoltaikus panelek tart\u00f3rendszere 1 szekcion\u00e1lt oszlop \u00e9s 4 panel v\u00edzszintesen (fekv\u0151 elrendez\u00e9sben) szerelve Ez egy rendk\u00edv\u00fcl stabil \u00e9s gazdas\u00e1gos szerkezet, figyelembe v\u00e9ve, hogy 4 fekv\u0151 panelt tart. Ezenk\u00edv\u00fcl, mivel k\u00f6nnyen \u00e9s gyorsan felszerelhet\u0151, cs\u00f6kkenti a beszerel\u00e9si k\u00f6lts\u00e9geket. A szerkezetek modelljei a fotovoltaikus [&hellip;]<\/p>\n","protected":false},"author":1,"featured_media":2761,"parent":0,"menu_order":0,"comment_status":"closed","ping_status":"closed","template":"","meta":{"footnotes":""},"class_list":["post-3061","page","type-page","status-publish","has-post-thumbnail","hentry"],"blocksy_meta":{"styles_descriptor":{"styles":{"desktop":"","tablet":"","mobile":""},"google_fonts":[],"version":6}},"brizy_media":[],"_links":{"self":[{"href":"https:\/\/photovoltaic-structures.com\/hu\/wp-json\/wp\/v2\/pages\/3061","targetHints":{"allow":["GET"]}}],"collection":[{"href":"https:\/\/photovoltaic-structures.com\/hu\/wp-json\/wp\/v2\/pages"}],"about":[{"href":"https:\/\/photovoltaic-structures.com\/hu\/wp-json\/wp\/v2\/types\/page"}],"author":[{"embeddable":true,"href":"https:\/\/photovoltaic-structures.com\/hu\/wp-json\/wp\/v2\/users\/1"}],"replies":[{"embeddable":true,"href":"https:\/\/photovoltaic-structures.com\/hu\/wp-json\/wp\/v2\/comments?post=3061"}],"version-history":[{"count":0,"href":"https:\/\/photovoltaic-structures.com\/hu\/wp-json\/wp\/v2\/pages\/3061\/revisions"}],"wp:featuredmedia":[{"embeddable":true,"href":"https:\/\/photovoltaic-structures.com\/hu\/wp-json\/wp\/v2\/media\/2761"}],"wp:attachment":[{"href":"https:\/\/photovoltaic-structures.com\/hu\/wp-json\/wp\/v2\/media?parent=3061"}],"curies":[{"name":"wp","href":"https:\/\/api.w.org\/{rel}","templated":true}]}}