{"id":3081,"date":"2022-03-01T16:52:16","date_gmt":"2022-03-01T16:52:16","guid":{"rendered":"https:\/\/photovoltaic-structures.com\/?page_id=3081"},"modified":"2026-04-07T04:05:23","modified_gmt":"2026-04-07T04:05:23","slug":"muszaki-dokumentacio","status":"publish","type":"page","link":"https:\/\/photovoltaic-structures.com\/hu\/muszaki-dokumentacio\/","title":{"rendered":"M\u0170SZAKI DOKUMENT\u00c1CI\u00d3"},"content":{"rendered":"<div class=\"brz-root__container brz-reset-all brz brz-root__container-page\">\n<section id=\"_kqlopugauaihgyzfaojrcdmdvhszuixdscis\" class=\"brz-section brz-css-a91n6d\">\n<div class=\"brz-section__content brz-section--fullWidth brz-css-1hwigo brz-css-j1j1d2\" data-brz-custom-id=\"wuiqyktkqrdwdimmnpgvpzxsvcnvutnyjsxy\">\n<div class=\"brz-container brz-css-1pdkbby brz-css-z1wpua\">\n<div id=\"\" class=\"brz-css-1xano4i brz-wrapper\">\n<div class=\"brz-rich-text brz-rich-text__custom brz-css-1pa4oez\" data-brz-custom-id=\"caewqtjlbzafecwczgqphrmsnvdnuqngnfue\">\n<div data-brz-translate-text=\"1\">\n<h3 class=\"brz-text-lg-center brz-tp-lg-heading6 brz-css-p55fG\" data-generated-css=\"brz-css-thjkp\" data-uniq-id=\"ngcce\">A bemutatott dokumentumok a pdf form\u00e1tum\u00fa eredeti dokumentumok, \u00e9s a k\u00e9pre kattintva let\u00f6lthet\u0151k<\/h3>\n<\/div>\n<\/div>\n<\/div>\n<div id=\"\" class=\"brz-css-1xano4i brz-css-1xnvzos brz-wrapper\">\n<div class=\"brz-spacer brz-css-1sdxct\"><\/div>\n<\/div>\n<div class=\"brz-row__container brz-css-1a4nepq\" data-brz-custom-id=\"jkkerfdahcjumalccjkxrqjfeekolkcumsrj\">\n<div class=\"brz-bg\"><\/div>\n<div class=\"brz-row brz-css-2939tl\">\n<div class=\"brz-columns brz-css-17zq14b brz-css-dg34uf\" data-brz-custom-id=\"jtmhjqzxdcvqwvsyzuzxdkkhogjyqqyhbbez\">\n<div class=\"brz-bg\">\n<div class=\"brz-bg-color\"><\/div>\n<\/div>\n<div class=\"brz-column__items brz-css-13i34hv\">\n<div id=\"\" class=\"brz-css-1xano4i brz-css-11nu9rv brz-wrapper\">\n<div class=\"brz-image brz-css-1y5w5pk\" data-brz-custom-id=\"haajnfuigwdbczeamkmpxjzkwbptavzqhwku\"><a class=\"brz-a\" href=\"https:\/\/photovoltaic-structures.com\/wp-content\/uploads\/2022\/01\/Manual-installation-system-with-2-portrait-panels..pdf\" target=\"_blank\" rel=\"noopener\" data-brz-link-type=\"upload\"><img decoding=\"async\" class=\"brz-img\" src=\"https:\/\/photovoltaic-structures.com\/hu?tsbuilder_media=wp-d17f3f436b5e2ef6727b364a1fe99e46.png&amp;tsbuilder_crop=iW%3D312%26iH%3D437%26oX%3D0%26oY%3D0%26cW%3D312%26cH%3D437\" alt=\"\" loading=\"lazy\" title=\"\"><\/a><\/div>\n<\/div>\n<div id=\"\" class=\"brz-css-1xano4i brz-css-1xnvzos brz-wrapper\">\n<div class=\"brz-spacer brz-css-1sdxct brz-css-1ad94yh\"><\/div>\n<\/div>\n<div id=\"\" class=\"brz-css-1xano4i brz-wrapper\">\n<div class=\"brz-rich-text brz-rich-text__custom brz-css-1pa4oez\" data-brz-custom-id=\"ozwcavsjfbloasfmtvdxdrmrbdvshvmbfwlu\">\n<div data-brz-translate-text=\"1\">\n<p class=\"brz-tp-lg-heading6 brz-text-lg-center brz-css-kSW27\" data-generated-css=\"brz-css-ooqfq\" data-uniq-id=\"uydhs\">K\u00e9zi telep\u00edt\u00e9s\u0171 rendszer 2 f\u00fcgg\u0151leges panellel<\/p>\n<\/div>\n<\/div>\n<\/div>\n<\/div>\n<\/div>\n<div class=\"brz-columns brz-css-17zq14b brz-css-114dhsu\" data-brz-custom-id=\"okmmnpmxrxkowzgdiltfqhifvxrkfbpcwvwt\">\n<div class=\"brz-bg\">\n<div class=\"brz-bg-color\"><\/div>\n<\/div>\n<div class=\"brz-column__items brz-css-13i34hv\">\n<div id=\"\" class=\"brz-css-1xano4i brz-css-1dqa3s8 brz-wrapper\">\n<div class=\"brz-image brz-css-1ouu12n\" data-brz-custom-id=\"ulgmwwqxxgabaqlthsswkzxwlkzfifxnujpr\"><a class=\"brz-a\" href=\"https:\/\/photovoltaic-structures.com\/wp-content\/uploads\/2022\/01\/Manual-installation-system-with-6-landscape-panels..pdf\" target=\"_blank\" rel=\"noopener\" data-brz-link-type=\"upload\"><img decoding=\"async\" class=\"brz-img\" src=\"https:\/\/photovoltaic-structures.com\/hu?tsbuilder_media=wp-3414efcbdf72be9af1c6843d9b84c856.png&amp;tsbuilder_crop=iW%3D312%26iH%3D441%26oX%3D0%26oY%3D0%26cW%3D312%26cH%3D441\" alt=\"\" loading=\"lazy\" title=\"\"><\/a><\/div>\n<\/div>\n<div id=\"\" class=\"brz-css-1xano4i brz-css-1xnvzos brz-wrapper\">\n<div class=\"brz-spacer brz-css-1sdxct brz-css-hnhp8f\"><\/div>\n<\/div>\n<div id=\"\" class=\"brz-css-1xano4i brz-wrapper\">\n<div class=\"brz-rich-text brz-rich-text__custom brz-css-1pa4oez\" data-brz-custom-id=\"jxilitcdsqwkjkwjsynaoigkjjykoynzcjgw\">\n<div data-brz-translate-text=\"1\">\n<p class=\"brz-tp-lg-heading6 brz-text-lg-center brz-css-vF6Sb\" data-generated-css=\"brz-css-lbauz\" data-uniq-id=\"knwpu\">K\u00e9zi telep\u00edt\u00e9s\u0171 rendszer 2 f\u00fcgg\u0151leges panellel<\/p>\n<\/div>\n<\/div>\n<\/div>\n<\/div>\n<\/div>\n<div class=\"brz-columns brz-css-17zq14b brz-css-1docfgs\" data-brz-custom-id=\"mugsstiqvdjftbhmefnflfclmplmggzkcugq\">\n<div class=\"brz-bg\">\n<div class=\"brz-bg-color\"><\/div>\n<\/div>\n<div class=\"brz-column__items brz-css-13i34hv\">\n<div id=\"\" class=\"brz-css-1xano4i brz-css-1wyf0v9 brz-wrapper\">\n<div class=\"brz-image brz-css-xc9917\" data-brz-custom-id=\"qepzytoqegfaiqzeuqvodjpxlogrvkdapmyq\"><a class=\"brz-a\" href=\"https:\/\/photovoltaic-structures.com\/wp-content\/uploads\/2022\/01\/System-overview-with-2-photovoltaic-panels-mounted-portrait..pdf\" target=\"_blank\" rel=\"noopener\" data-brz-link-type=\"upload\"><img decoding=\"async\" class=\"brz-img\" src=\"https:\/\/photovoltaic-structures.com\/hu?tsbuilder_media=wp-0c27f786f877256bfe94e5c6ef29c069.png&amp;tsbuilder_crop=iW%3D312%26iH%3D441%26oX%3D0%26oY%3D0%26cW%3D312%26cH%3D441\" alt=\"\" loading=\"lazy\" title=\"\"><\/a><\/div>\n<\/div>\n<div id=\"\" class=\"brz-css-1xano4i brz-css-1xnvzos brz-wrapper\">\n<div class=\"brz-spacer brz-css-1sdxct brz-css-uruzfi\"><\/div>\n<\/div>\n<div id=\"\" class=\"brz-css-1xano4i brz-wrapper\">\n<div class=\"brz-rich-text brz-rich-text__custom brz-css-1pa4oez\" data-brz-custom-id=\"gnzkxqqwteaetznkyxfimqvaeyjnpqitumeb\">\n<div data-brz-translate-text=\"1\">\n<p class=\"brz-tp-lg-heading6 brz-text-lg-center brz-css-zsn9T\" data-generated-css=\"brz-css-dmtuk\" data-uniq-id=\"evgln\">K\u00e9zi telep\u00edt\u00e9s\u0171 rendszer 2 f\u00fcgg\u0151leges panellel<\/p>\n<\/div>\n<\/div>\n<\/div>\n<\/div>\n<\/div>\n<div class=\"brz-columns brz-css-17zq14b brz-css-6lg7w5\" data-brz-custom-id=\"jcsvjncevckjmjptdarawcjkupkieltbznxn\">\n<div class=\"brz-bg\">\n<div class=\"brz-bg-color\"><\/div>\n<\/div>\n<div class=\"brz-column__items brz-css-13i34hv\">\n<div id=\"\" class=\"brz-css-1xano4i brz-css-mg48ks brz-wrapper\">\n<div class=\"brz-image brz-css-1tyicd7\" data-brz-custom-id=\"ecwzxgkmjmcpxvfdtvqnrzcyihnwijwirjaf\"><a class=\"brz-a\" href=\"https:\/\/photovoltaic-structures.com\/wp-content\/uploads\/2022\/01\/System-overview-with-6-originally-mounted-photovoltaic-panels..pdf\" target=\"_blank\" rel=\"noopener\" data-brz-link-type=\"upload\"><img decoding=\"async\" class=\"brz-img\" src=\"https:\/\/photovoltaic-structures.com\/hu?tsbuilder_media=wp-eee2f1c1730111930726c309742024bc.png&amp;tsbuilder_crop=iW%3D312%26iH%3D443%26oX%3D0%26oY%3D0%26cW%3D312%26cH%3D443\" alt=\"\" loading=\"lazy\" title=\"\"><\/a><\/div>\n<\/div>\n<div id=\"\" class=\"brz-css-1xano4i brz-css-1xnvzos brz-wrapper\">\n<div class=\"brz-spacer brz-css-1sdxct brz-css-1atndpo\"><\/div>\n<\/div>\n<div id=\"\" class=\"brz-css-1xano4i brz-wrapper\">\n<div class=\"brz-rich-text brz-rich-text__custom brz-css-1pa4oez\" data-brz-custom-id=\"ttqxkakvyoocnryfgsohhpbadqeynbfkjcpj\">\n<div data-brz-translate-text=\"1\">\n<p class=\"brz-tp-lg-heading6 brz-text-lg-center brz-css-jbutG\" data-generated-css=\"brz-css-zszfv\" data-uniq-id=\"lfvyt\">K\u00e9zi telep\u00edt\u00e9s\u0171 rendszer 2 f\u00fcgg\u0151leges panellel<\/p>\n<\/div>\n<\/div>\n<\/div>\n<\/div>\n<\/div>\n<\/div>\n<\/div>\n<\/div>\n<\/div>\n<\/section>\n<\/div>\n<p>    <!-- version:1736978042 --><\/p>\n","protected":false},"excerpt":{"rendered":"<p>A bemutatott dokumentumok a pdf form\u00e1tum\u00fa eredeti dokumentumok, \u00e9s a k\u00e9pre kattintva let\u00f6lthet\u0151k K\u00e9zi telep\u00edt\u00e9s\u0171 rendszer 2 f\u00fcgg\u0151leges panellel K\u00e9zi telep\u00edt\u00e9s\u0171 rendszer 2 f\u00fcgg\u0151leges panellel K\u00e9zi telep\u00edt\u00e9s\u0171 rendszer 2 f\u00fcgg\u0151leges panellel K\u00e9zi telep\u00edt\u00e9s\u0171 rendszer 2 f\u00fcgg\u0151leges panellel<\/p>\n","protected":false},"author":1,"featured_media":0,"parent":0,"menu_order":0,"comment_status":"closed","ping_status":"closed","template":"","meta":{"footnotes":""},"class_list":["post-3081","page","type-page","status-publish","hentry"],"blocksy_meta":{"styles_descriptor":{"styles":{"desktop":"","tablet":"","mobile":""},"google_fonts":[],"version":6}},"brizy_media":[],"_links":{"self":[{"href":"https:\/\/photovoltaic-structures.com\/hu\/wp-json\/wp\/v2\/pages\/3081","targetHints":{"allow":["GET"]}}],"collection":[{"href":"https:\/\/photovoltaic-structures.com\/hu\/wp-json\/wp\/v2\/pages"}],"about":[{"href":"https:\/\/photovoltaic-structures.com\/hu\/wp-json\/wp\/v2\/types\/page"}],"author":[{"embeddable":true,"href":"https:\/\/photovoltaic-structures.com\/hu\/wp-json\/wp\/v2\/users\/1"}],"replies":[{"embeddable":true,"href":"https:\/\/photovoltaic-structures.com\/hu\/wp-json\/wp\/v2\/comments?post=3081"}],"version-history":[{"count":0,"href":"https:\/\/photovoltaic-structures.com\/hu\/wp-json\/wp\/v2\/pages\/3081\/revisions"}],"wp:attachment":[{"href":"https:\/\/photovoltaic-structures.com\/hu\/wp-json\/wp\/v2\/media?parent=3081"}],"curies":[{"name":"wp","href":"https:\/\/api.w.org\/{rel}","templated":true}]}}